{"id":1336,"date":"2024-09-30T14:23:46","date_gmt":"2024-09-30T14:23:46","guid":{"rendered":"https:\/\/naturales.ues.edu.sv\/academica\/?page_id=1336"},"modified":"2024-09-30T14:24:29","modified_gmt":"2024-09-30T14:24:29","slug":"graduados-septiembre","status":"publish","type":"page","link":"https:\/\/naturales.ues.edu.sv\/academica\/graduados-septiembre\/","title":{"rendered":"Graduados Septiembre"},"content":{"rendered":"\n<p>La Facultad de Ciencias Naturales y Matem\u00e1tica felicita a los nuevos profesionales que este d\u00eda obtuvieron su t\u00edtulo de la <a href=\"https:\/\/www.instagram.com\/_u\/uesoficial?fbclid=IwZXh0bgNhZW0CMTAAAR1hohp3FGzhYvzxHdWYp9KUe3N43RR1FyaM6nU53ygPKCm43WqxeDICV68_aem_511COPFvCJWRJm15OntCkg\" target=\"_blank\" rel=\"noreferrer noopener\">@uesoficial<\/a> Muchas felicidades! <\/p>\n\n\n<style id=\"wp_carousel_dynamic_css1311\">.sp-wp-carousel-free-id-1311.wpcf-fancybox-wrapper .fancybox-bg{background: #0b0b0b;opacity: 0.8;}.sp-wp-carousel-free-id-1311.wpcf-fancybox-wrapper .fancybox-navigation .fancybox-button .wpcp-fancybox-nav-arrow i {color: #ccc;}.sp-wp-carousel-free-id-1311.wpcf-fancybox-wrapper .fancybox-navigation .fancybox-button .wpcp-fancybox-nav-arrow i:hover {color: #fff;}.sp-wp-carousel-free-id-1311.wpcf-fancybox-wrapper .fancybox-navigation .fancybox-button {background: #1e1e1e;}.sp-wp-carousel-free-id-1311.wpcf-fancybox-wrapper .fancybox-navigation .fancybox-button:hover {background: #1e1e1e;}#sp-wp-carousel-free-id-1311 .wpcp-swiper-dots {margin: 40px 0px 0px 0px;}.wpcp-wrapper-1311 .swiper-wrapper .swiper-slide-kenburn, .wpcp-wrapper-1311 .swiper-wrapper, .wpcp-wrapper-1311 .wpcpro-row{align-items: center;}#sp-wp-carousel-free-id-1311 .wpcp-single-item {box-shadow: 0px 0px 0px 0px #dddddd;transition: all .3s;margin: 0px;}#sp-wp-carousel-free-id-1311.swiper-flip .wpcp-single-item{margin: 0!important;}#sp-wp-carousel-free-id-1311 .wpcp-single-item:hover {box-shadow: 0px 0px 0px 0px #dddddd;}#sp-wp-carousel-free-id-1311.sp-wpcp-1311 .wpcp-single-item {border: 1px solid #dddddd;}#sp-wp-carousel-free-id-1311.wpcp-carousel-section.sp-wpcp-1311 .swiper-button-prev,#sp-wp-carousel-free-id-1311.wpcp-carousel-section.sp-wpcp-1311 .swiper-button-next,#sp-wp-carousel-free-id-1311.wpcp-carousel-section.sp-wpcp-1311 .swiper-button-prev:hover,#sp-wp-carousel-free-id-1311.wpcp-carousel-section.sp-wpcp-1311 .swiper-button-next:hover {font-size: 18px ; font-weight: 400;}#sp-wp-carousel-free-id-1311.sp-wpcp-1311 .swiper-button-prev,#sp-wp-carousel-free-id-1311.sp-wpcp-1311 .swiper-button-next,#sp-wp-carousel-free-id-1311.sp-wpcp-1311 .swiper-button-prev:hover,#sp-wp-carousel-free-id-1311.sp-wpcp-1311 .swiper-button-next:hover {background: none;border: none;font-size: 30px;}#sp-wp-carousel-free-id-1311.sp-wpcp-1311 .swiper-button-prev i,#sp-wp-carousel-free-id-1311.sp-wpcp-1311 .swiper-button-next i {color: #aaa;}#sp-wp-carousel-free-id-1311.sp-wpcp-1311 .swiper-button-prev i:hover,#sp-wp-carousel-free-id-1311.sp-wpcp-1311 .swiper-button-next i:hover {color: #178087;}#sp-wp-carousel-free-id-1311.sp-wpcp-1311 .wpcp-swiper-dots .swiper-pagination-bullet {background-color: #cccccc;}#sp-wp-carousel-free-id-1311.sp-wpcp-1311 .wpcp-swiper-dots .swiper-pagination-bullet.swiper-pagination-bullet-active {background-color: #178087;} #sp-wp-carousel-free-id-1311.sp-wpcp-1311.wpcp-image-carousel .wpcp-single-item:hover img, #sp-wp-carousel-free-id-1311.sp-wpcp-1311.wpcp-post-carousel .wpcp-single-item:hover img, #sp-wp-carousel-free-id-1311.sp-wpcp-1311.wpcp-product-carousel .wpcp-single-item:hover img{-webkit-transform: scale(1.2);-moz-transform: scale(1.2);transform: scale(1.2);}#sp-wp-carousel-free-id-1311 .wpcpro-row>[class*=\"wpcpro-col-\"] { padding: 0 1px; padding-bottom: 2px;} #sp-wp-carousel-free-id-1311 .swiper-slide .single-item-fade:not(:last-child) { margin-right: 2px;}@media (min-width: 480px) { .wpcpro-row .wpcpro-col-sm-1 { flex: 0 0 100%; max-width: 100%; } .wpcpro-row .wpcpro-col-sm-2 { flex: 0 0 50%; max-width: 50%; } .wpcpro-row .wpcpro-col-sm-2-5 { flex: 0 0 75%; max-width: 75%; } .wpcpro-row .wpcpro-col-sm-3 { flex: 0 0 33.333%; max-width: 33.333%; } .wpcpro-row .wpcpro-col-sm-4 { flex: 0 0 25%; max-width: 25%; } .wpcpro-row .wpcpro-col-sm-5 { flex: 0 0 20%; max-width: 20%; } .wpcpro-row .wpcpro-col-sm-6 { flex: 0 0 16.66666666666667%; max-width: 16.66666666666667%; } .wpcpro-row .wpcpro-col-sm-7 { flex: 0 0 14.28571428%; max-width: 14.28571428%; } .wpcpro-row .wpcpro-col-sm-8 { flex: 0 0 12.5%; max-width: 12.5%; } } @media (max-width: 480px) { .wpcpro-row .wpcpro-col-xs-1 { flex: 0 0 100%; max-width: 100%; } .wpcpro-row .wpcpro-col-xs-2 { flex: 0 0 50%; max-width: 50%; } .wpcpro-row .wpcpro-col-xs-3 { flex: 0 0 33.222%; max-width: 33.222%; } .wpcpro-row .wpcpro-col-xs-4 { flex: 0 0 25%; max-width: 25%; } .wpcpro-row .wpcpro-col-xs-5 { flex: 0 0 20%; max-width: 20%; } .wpcpro-row .wpcpro-col-xs-6 { flex: 0 0 16.6667%; max-width: 16.6667%; } .wpcpro-row .wpcpro-col-xs-7 { flex: 0 0 14.28571428%; max-width: 14.28571428%; } .wpcpro-row .wpcpro-col-xs-8 { flex: 0 0 12.5%; max-width: 12.5%; } } @media (min-width: 736px) { .wpcpro-row .wpcpro-col-md-1 { flex: 0 0 100%; max-width: 100%; } .wpcpro-row .wpcpro-col-md-2 { flex: 0 0 50%; max-width: 50%; } .wpcpro-row .wpcpro-col-md-2-5 { flex: 0 0 75%; max-width: 75%; } .wpcpro-row .wpcpro-col-md-3 { flex: 0 0 33.333%; max-width: 33.333%; } .wpcpro-row .wpcpro-col-md-4 { flex: 0 0 25%; max-width: 25%; } .wpcpro-row .wpcpro-col-md-5 { flex: 0 0 20%; max-width: 20%; } .wpcpro-row .wpcpro-col-md-6 { flex: 0 0 16.66666666666667%; max-width: 16.66666666666667%; } .wpcpro-row .wpcpro-col-md-7 { flex: 0 0 14.28571428%; max-width: 14.28571428%; } .wpcpro-row .wpcpro-col-md-8 { flex: 0 0 12.5%; max-width: 12.5%; } } @media (min-width: 980px) { .wpcpro-row .wpcpro-col-lg-1 { flex: 0 0 100%; max-width: 100%; } .wpcpro-row .wpcpro-col-lg-2 { flex: 0 0 50%; max-width: 50%; } .wpcpro-row .wpcpro-col-lg-3 { flex: 0 0 33.222%; max-width: 33.222%; } .wpcpro-row .wpcpro-col-lg-4 { flex: 0 0 25%; max-width: 25%; } .wpcpro-row .wpcpro-col-lg-5 { flex: 0 0 20%; max-width: 20%; } .wpcpro-row .wpcpro-col-lg-6 { flex: 0 0 16.6667%; max-width: 16.6667%; } .wpcpro-row .wpcpro-col-lg-7 { flex: 0 0 14.28571428%; max-width: 14.28571428%; } .wpcpro-row .wpcpro-col-lg-8 { flex: 0 0 12.5%; max-width: 12.5%; } } @media (min-width: 1200px) { .wpcpro-row .wpcpro-col-xl-1 { flex: 0 0 100%; max-width: 100%; } .wpcpro-row .wpcpro-col-xl-2 { flex: 0 0 50%; max-width: 50%; } .wpcpro-row .wpcpro-col-xl-3 { flex: 0 0 33.22222222%; max-width: 33.22222222%; } .wpcpro-row .wpcpro-col-xl-4 { flex: 0 0 25%; max-width: 25%; } .wpcpro-row .wpcpro-col-xl-5 { flex: 0 0 20%; max-width: 20%; } .wpcpro-row .wpcpro-col-xl-6 { flex: 0 0 16.66667%; max-width: 16.66667%; } .wpcpro-row .wpcpro-col-xl-7 { flex: 0 0 14.28571428%; max-width: 14.28571428%; } .wpcpro-row .wpcpro-col-xl-8 { flex: 0 0 12.5%; max-width: 12.5%; } }<\/style><div class=\"wpcp-carousel-wrapper wpcp-wrapper-1311\">\n\t<div id=\"wpcp-preloader-1311\" class=\"wpcp-carousel-preloader\"><img decoding=\"async\" src=\"https:\/\/naturales.ues.edu.sv\/academica\/wp-content\/plugins\/wp-carousel-free\/public\/css\/spinner.svg\" alt=\"Preloader Image\" \/><\/div>\t<div id=\"sp-wp-carousel-free-id-1311\" class=\"wpcp-carousel-section sp-wpcp-1311 wpcp-gallery-wrapper wpcp-image-carousel wpcp-preloader\" >\n\t\t<div class=\"wpcpro-row\">\n\t\t\t<div class=\"wpcpro-col-xs-1 wpcpro-col-sm-2  wpcpro-col-md-3 wpcpro-col-lg-4 wpcpro-col-xl-5\">\n\t<div class=\"wpcp-single-item\">\n\t\t\t<a class=\"wcp-light-box\" data-buttons='[\"close\"]' data-wpc_url='https:\/\/naturales.ues.edu.sv\/academica\/wp-content\/uploads\/sites\/4\/2024\/09\/461324250_1112150056991821_5775609845374775284_n.jpg' href=\"https:\/\/naturales.ues.edu.sv\/academica\/wp-content\/uploads\/sites\/4\/2024\/09\/461324250_1112150056991821_5775609845374775284_n.jpg\" data-fancybox=\"wpcp_view\">\n\t\t<figure>\n\t\t\t<img fetchpriority=\"high\" decoding=\"async\" class=\"skip-lazy\" src=\"https:\/\/naturales.ues.edu.sv\/academica\/wp-content\/uploads\/sites\/4\/2024\/09\/461324250_1112150056991821_5775609845374775284_n.jpg\" alt=\"461324250_1112150056991821_5775609845374775284_n\" width=\"300\" height=\"200\">\t\t<\/figure>\n\t<\/a>\n\t\t<\/div>\n<\/div>\n\t<div class=\"wpcpro-col-xs-1 wpcpro-col-sm-2  wpcpro-col-md-3 wpcpro-col-lg-4 wpcpro-col-xl-5\">\n\t<div class=\"wpcp-single-item\">\n\t\t\t<a class=\"wcp-light-box\" data-buttons='[\"close\"]' data-wpc_url='https:\/\/naturales.ues.edu.sv\/academica\/wp-content\/uploads\/sites\/4\/2024\/09\/461329612_1112143816992445_4755242351795845784_n.jpg' href=\"https:\/\/naturales.ues.edu.sv\/academica\/wp-content\/uploads\/sites\/4\/2024\/09\/461329612_1112143816992445_4755242351795845784_n.jpg\" data-fancybox=\"wpcp_view\">\n\t\t<figure>\n\t\t\t<img decoding=\"async\" class=\"skip-lazy\" src=\"https:\/\/naturales.ues.edu.sv\/academica\/wp-content\/uploads\/sites\/4\/2024\/09\/461329612_1112143816992445_4755242351795845784_n.jpg\" alt=\"461329612_1112143816992445_4755242351795845784_n\" width=\"300\" height=\"200\">\t\t<\/figure>\n\t<\/a>\n\t\t<\/div>\n<\/div>\n\t<div class=\"wpcpro-col-xs-1 wpcpro-col-sm-2  wpcpro-col-md-3 wpcpro-col-lg-4 wpcpro-col-xl-5\">\n\t<div class=\"wpcp-single-item\">\n\t\t\t<a class=\"wcp-light-box\" data-buttons='[\"close\"]' data-wpc_url='https:\/\/naturales.ues.edu.sv\/academica\/wp-content\/uploads\/sites\/4\/2024\/09\/461515965_1112143780325782_246053851500080689_n.jpg' href=\"https:\/\/naturales.ues.edu.sv\/academica\/wp-content\/uploads\/sites\/4\/2024\/09\/461515965_1112143780325782_246053851500080689_n.jpg\" data-fancybox=\"wpcp_view\">\n\t\t<figure>\n\t\t\t<img decoding=\"async\" class=\"skip-lazy\" src=\"https:\/\/naturales.ues.edu.sv\/academica\/wp-content\/uploads\/sites\/4\/2024\/09\/461515965_1112143780325782_246053851500080689_n.jpg\" alt=\"461515965_1112143780325782_246053851500080689_n\" width=\"300\" height=\"200\">\t\t<\/figure>\n\t<\/a>\n\t\t<\/div>\n<\/div>\n\t<div class=\"wpcpro-col-xs-1 wpcpro-col-sm-2  wpcpro-col-md-3 wpcpro-col-lg-4 wpcpro-col-xl-5\">\n\t<div class=\"wpcp-single-item\">\n\t\t\t<a class=\"wcp-light-box\" data-buttons='[\"close\"]' data-wpc_url='https:\/\/naturales.ues.edu.sv\/academica\/wp-content\/uploads\/sites\/4\/2024\/09\/461330086_1112143753659118_6116619736417662928_n.jpg' href=\"https:\/\/naturales.ues.edu.sv\/academica\/wp-content\/uploads\/sites\/4\/2024\/09\/461330086_1112143753659118_6116619736417662928_n.jpg\" data-fancybox=\"wpcp_view\">\n\t\t<figure>\n\t\t\t<img loading=\"lazy\" decoding=\"async\" class=\"skip-lazy\" src=\"https:\/\/naturales.ues.edu.sv\/academica\/wp-content\/uploads\/sites\/4\/2024\/09\/461330086_1112143753659118_6116619736417662928_n.jpg\" alt=\"461330086_1112143753659118_6116619736417662928_n\" width=\"300\" height=\"200\">\t\t<\/figure>\n\t<\/a>\n\t\t<\/div>\n<\/div>\n\t<div class=\"wpcpro-col-xs-1 wpcpro-col-sm-2  wpcpro-col-md-3 wpcpro-col-lg-4 wpcpro-col-xl-5\">\n\t<div class=\"wpcp-single-item\">\n\t\t\t<a class=\"wcp-light-box\" data-buttons='[\"close\"]' data-wpc_url='https:\/\/naturales.ues.edu.sv\/academica\/wp-content\/uploads\/sites\/4\/2024\/09\/461497254_1112143686992458_6209733195407696063_n.jpg' href=\"https:\/\/naturales.ues.edu.sv\/academica\/wp-content\/uploads\/sites\/4\/2024\/09\/461497254_1112143686992458_6209733195407696063_n.jpg\" data-fancybox=\"wpcp_view\">\n\t\t<figure>\n\t\t\t<img loading=\"lazy\" decoding=\"async\" class=\"skip-lazy\" src=\"https:\/\/naturales.ues.edu.sv\/academica\/wp-content\/uploads\/sites\/4\/2024\/09\/461497254_1112143686992458_6209733195407696063_n.jpg\" alt=\"461497254_1112143686992458_6209733195407696063_n\" width=\"300\" height=\"200\">\t\t<\/figure>\n\t<\/a>\n\t\t<\/div>\n<\/div>\n\t<div class=\"wpcpro-col-xs-1 wpcpro-col-sm-2  wpcpro-col-md-3 wpcpro-col-lg-4 wpcpro-col-xl-5\">\n\t<div class=\"wpcp-single-item\">\n\t\t\t<a class=\"wcp-light-box\" data-buttons='[\"close\"]' data-wpc_url='https:\/\/naturales.ues.edu.sv\/academica\/wp-content\/uploads\/sites\/4\/2024\/09\/461319580_1112143620325798_4154381360458499797_n.jpg' href=\"https:\/\/naturales.ues.edu.sv\/academica\/wp-content\/uploads\/sites\/4\/2024\/09\/461319580_1112143620325798_4154381360458499797_n.jpg\" data-fancybox=\"wpcp_view\">\n\t\t<figure>\n\t\t\t<img loading=\"lazy\" decoding=\"async\" class=\"skip-lazy\" src=\"https:\/\/naturales.ues.edu.sv\/academica\/wp-content\/uploads\/sites\/4\/2024\/09\/461319580_1112143620325798_4154381360458499797_n.jpg\" alt=\"461319580_1112143620325798_4154381360458499797_n\" width=\"300\" height=\"200\">\t\t<\/figure>\n\t<\/a>\n\t\t<\/div>\n<\/div>\n\t<div class=\"wpcpro-col-xs-1 wpcpro-col-sm-2  wpcpro-col-md-3 wpcpro-col-lg-4 wpcpro-col-xl-5\">\n\t<div class=\"wpcp-single-item\">\n\t\t\t<a class=\"wcp-light-box\" data-buttons='[\"close\"]' data-wpc_url='https:\/\/naturales.ues.edu.sv\/academica\/wp-content\/uploads\/sites\/4\/2024\/09\/461323918_1112143500325810_5355570808571187078_n.jpg' href=\"https:\/\/naturales.ues.edu.sv\/academica\/wp-content\/uploads\/sites\/4\/2024\/09\/461323918_1112143500325810_5355570808571187078_n.jpg\" data-fancybox=\"wpcp_view\">\n\t\t<figure>\n\t\t\t<img loading=\"lazy\" decoding=\"async\" class=\"skip-lazy\" src=\"https:\/\/naturales.ues.edu.sv\/academica\/wp-content\/uploads\/sites\/4\/2024\/09\/461323918_1112143500325810_5355570808571187078_n.jpg\" alt=\"461323918_1112143500325810_5355570808571187078_n\" width=\"300\" height=\"200\">\t\t<\/figure>\n\t<\/a>\n\t\t<\/div>\n<\/div>\n\t<div class=\"wpcpro-col-xs-1 wpcpro-col-sm-2  wpcpro-col-md-3 wpcpro-col-lg-4 wpcpro-col-xl-5\">\n\t<div class=\"wpcp-single-item\">\n\t\t\t<a class=\"wcp-light-box\" data-buttons='[\"close\"]' data-wpc_url='https:\/\/naturales.ues.edu.sv\/academica\/wp-content\/uploads\/sites\/4\/2024\/09\/461516204_1112143366992490_4746812738067468872_n.jpg' href=\"https:\/\/naturales.ues.edu.sv\/academica\/wp-content\/uploads\/sites\/4\/2024\/09\/461516204_1112143366992490_4746812738067468872_n.jpg\" data-fancybox=\"wpcp_view\">\n\t\t<figure>\n\t\t\t<img loading=\"lazy\" decoding=\"async\" class=\"skip-lazy\" src=\"https:\/\/naturales.ues.edu.sv\/academica\/wp-content\/uploads\/sites\/4\/2024\/09\/461516204_1112143366992490_4746812738067468872_n.jpg\" alt=\"461516204_1112143366992490_4746812738067468872_n\" width=\"300\" height=\"200\">\t\t<\/figure>\n\t<\/a>\n\t\t<\/div>\n<\/div>\n\t<div class=\"wpcpro-col-xs-1 wpcpro-col-sm-2  wpcpro-col-md-3 wpcpro-col-lg-4 wpcpro-col-xl-5\">\n\t<div class=\"wpcp-single-item\">\n\t\t\t<a class=\"wcp-light-box\" data-buttons='[\"close\"]' data-wpc_url='https:\/\/naturales.ues.edu.sv\/academica\/wp-content\/uploads\/sites\/4\/2024\/09\/461547376_1112143293659164_1899583182147679261_n.jpg' href=\"https:\/\/naturales.ues.edu.sv\/academica\/wp-content\/uploads\/sites\/4\/2024\/09\/461547376_1112143293659164_1899583182147679261_n.jpg\" data-fancybox=\"wpcp_view\">\n\t\t<figure>\n\t\t\t<img loading=\"lazy\" decoding=\"async\" class=\"skip-lazy\" src=\"https:\/\/naturales.ues.edu.sv\/academica\/wp-content\/uploads\/sites\/4\/2024\/09\/461547376_1112143293659164_1899583182147679261_n.jpg\" alt=\"461547376_1112143293659164_1899583182147679261_n\" width=\"300\" height=\"200\">\t\t<\/figure>\n\t<\/a>\n\t\t<\/div>\n<\/div>\n\t<div class=\"wpcpro-col-xs-1 wpcpro-col-sm-2  wpcpro-col-md-3 wpcpro-col-lg-4 wpcpro-col-xl-5\">\n\t<div class=\"wpcp-single-item\">\n\t\t\t<a class=\"wcp-light-box\" data-buttons='[\"close\"]' data-wpc_url='https:\/\/naturales.ues.edu.sv\/academica\/wp-content\/uploads\/sites\/4\/2024\/09\/461458897_1112326330307527_3172452357975172830_n.jpg' href=\"https:\/\/naturales.ues.edu.sv\/academica\/wp-content\/uploads\/sites\/4\/2024\/09\/461458897_1112326330307527_3172452357975172830_n.jpg\" data-fancybox=\"wpcp_view\">\n\t\t<figure>\n\t\t\t<img loading=\"lazy\" decoding=\"async\" class=\"skip-lazy\" src=\"https:\/\/naturales.ues.edu.sv\/academica\/wp-content\/uploads\/sites\/4\/2024\/09\/461458897_1112326330307527_3172452357975172830_n.jpg\" alt=\"461458897_1112326330307527_3172452357975172830_n\" width=\"240\" height=\"300\">\t\t<\/figure>\n\t<\/a>\n\t\t<\/div>\n<\/div>\n\t<div class=\"wpcpro-col-xs-1 wpcpro-col-sm-2  wpcpro-col-md-3 wpcpro-col-lg-4 wpcpro-col-xl-5\">\n\t<div class=\"wpcp-single-item\">\n\t\t\t<a class=\"wcp-light-box\" data-buttons='[\"close\"]' data-wpc_url='https:\/\/naturales.ues.edu.sv\/academica\/wp-content\/uploads\/sites\/4\/2024\/09\/461598689_1112092596997567_6592116546146899602_n.jpg' href=\"https:\/\/naturales.ues.edu.sv\/academica\/wp-content\/uploads\/sites\/4\/2024\/09\/461598689_1112092596997567_6592116546146899602_n.jpg\" data-fancybox=\"wpcp_view\">\n\t\t<figure>\n\t\t\t<img loading=\"lazy\" decoding=\"async\" class=\"skip-lazy\" src=\"https:\/\/naturales.ues.edu.sv\/academica\/wp-content\/uploads\/sites\/4\/2024\/09\/461598689_1112092596997567_6592116546146899602_n.jpg\" alt=\"461598689_1112092596997567_6592116546146899602_n\" width=\"240\" height=\"300\">\t\t<\/figure>\n\t<\/a>\n\t\t<\/div>\n<\/div>\n\t\t\t<\/div>\n\t<\/div>\n\t<\/div> <!-- \/\/ Carousel Wrapper. -->\n\n","protected":false},"excerpt":{"rendered":"<p>La Facultad de Ciencias Naturales y Matem\u00e1tica felicita a los nuevos profesionales que este d\u00eda obtuvieron su t\u00edtulo de la @uesoficial Muchas felicidades!<\/p>\n","protected":false},"author":4,"featured_media":1332,"parent":0,"menu_order":0,"comment_status":"closed","ping_status":"closed","template":"","meta":{"saved_in_kubio":false,"footnotes":""},"class_list":["post-1336","page","type-page","status-publish","has-post-thumbnail","hentry"],"kubio_ai_page_context":{"short_desc":"","purpose":"general"},"_links":{"self":[{"href":"https:\/\/naturales.ues.edu.sv\/academica\/wp-json\/wp\/v2\/pages\/1336","targetHints":{"allow":["GET"]}}],"collection":[{"href":"https:\/\/naturales.ues.edu.sv\/academica\/wp-json\/wp\/v2\/pages"}],"about":[{"href":"https:\/\/naturales.ues.edu.sv\/academica\/wp-json\/wp\/v2\/types\/page"}],"author":[{"embeddable":true,"href":"https:\/\/naturales.ues.edu.sv\/academica\/wp-json\/wp\/v2\/users\/4"}],"replies":[{"embeddable":true,"href":"https:\/\/naturales.ues.edu.sv\/academica\/wp-json\/wp\/v2\/comments?post=1336"}],"version-history":[{"count":3,"href":"https:\/\/naturales.ues.edu.sv\/academica\/wp-json\/wp\/v2\/pages\/1336\/revisions"}],"predecessor-version":[{"id":1344,"href":"https:\/\/naturales.ues.edu.sv\/academica\/wp-json\/wp\/v2\/pages\/1336\/revisions\/1344"}],"wp:featuredmedia":[{"embeddable":true,"href":"https:\/\/naturales.ues.edu.sv\/academica\/wp-json\/wp\/v2\/media\/1332"}],"wp:attachment":[{"href":"https:\/\/naturales.ues.edu.sv\/academica\/wp-json\/wp\/v2\/media?parent=1336"}],"curies":[{"name":"wp","href":"https:\/\/api.w.org\/{rel}","templated":true}]}}