{"id":276,"date":"2022-11-09T21:39:02","date_gmt":"2022-11-09T21:39:02","guid":{"rendered":"http:\/\/www.cimat.ues.edu.sv\/academica\/?page_id=276"},"modified":"2024-05-06T17:08:05","modified_gmt":"2024-05-06T17:08:05","slug":"administrador-academico-2","status":"publish","type":"page","link":"https:\/\/naturales.ues.edu.sv\/academica\/administrador-academico-2\/","title":{"rendered":"Administrador acad\u00e9mico"},"content":{"rendered":"\n<figure class=\"wp-block-image size-full is-resized\"><img fetchpriority=\"high\" decoding=\"async\" width=\"640\" height=\"480\" src=\"https:\/\/naturales.ues.edu.sv\/academica\/wp-content\/uploads\/sites\/4\/2024\/05\/Astrid-Calderon.jpg\" alt=\"\" class=\"wp-image-1098\" style=\"width:369px;height:auto\" \/><\/figure>\n\n\n\n<figure class=\"wp-block-table is-style-stripes\"><table><tbody><tr><td><strong>Nombre:&nbsp;<\/strong><\/td><td>Licda. Astrid Calder\u00f3n <\/td><\/tr><tr><td><strong>Cargo:<\/strong><\/td><td>Administradora Acad\u00e9mica<\/td><\/tr><tr><td><strong>Tel\u00e9fono institucional:<\/strong><\/td><td>7071-0654<\/td><\/tr><tr><td><strong>Email institucional:<\/strong><\/td><td>administrador.academico@ues.edu.sv<\/td><\/tr><tr><td><strong>Direcci\u00f3n Laboral: <\/strong><\/td><td>Edificio de Administraci\u00f3n Acad\u00e9mica, atr\u00e1s del auditorio de Facultad de Ciencias Naturales  y Matem\u00e1tica, campus central<\/td><\/tr><tr><td><strong>Extracto CV:<\/strong><\/td><td><strong>Formaci\u00f3n Acad\u00e9mica<\/strong><br>Licenciada en Administraci\u00f3n de Empresas<br>Graduada de la Universidad de El Salvador<br><br><strong>Experiencia Laboral<\/strong><br>&#8211; Administradora Acad\u00e9mica Abril\/2024<br>Administraci\u00f3n Acad\u00e9mica<br>Facultad de Ciencias Naturales y Matem\u00e1tica <br>Universidad de El Salvador<br><br>&#8211; Asistente Administrativa Enero\/2023 &#8211; Marzo\/2024<br>Unidad de Redes y Soporte T\u00e9cnico<br>Facultad de Ciencias Naturales y Matem\u00e1tica<br>Universidad de El Salvador <br><br>&#8211; Asistente Administrativa Mayo\/2018 &#8211; Diciembre\/2022<br>Unidad de Producci\u00f3n de Multimedios<br>Universidad de El Salvador<br><br>-T\u00e9cnico en Dise\u00f1o y Gesti\u00f3n de Proyectos Enero-2016 &#8211; Abril\/2018<br>Centro de Innovaci\u00f3n en Dise\u00f1o Industrial y Manufactura<br>Universidad Don Bosco<br><br>&#8211; T\u00e9cnico de Registro Acad\u00e9mico Septiembre\/2012 &#8211; Diciembre\/2016<br>Ed\u00facame<br>Universidad Don Bosco<br><br><strong>Diplomados <\/strong><br>&#8211; Diplomado en Administraci\u00f3n de Proyectos<br>&#8211; Diplomado en Administraci\u00f3n Correcta de N\u00f3minas <br>&#8211; Diplomado especializado en transparencia y acceso a la informaci\u00f3n p\u00fablica <br>&#8211; Diplomado en Administraci\u00f3n de Recursos Humanos<br><br><strong>Seminarios  <\/strong><br>&#8211; Indicadores de Recursos Humanos y Pruebas Psicom\u00e9tricas <\/td><\/tr><\/tbody><\/table><\/figure>\n","protected":false},"excerpt":{"rendered":"<p>Nombre:&nbsp; Licda. Astrid Calder\u00f3n Cargo: Administradora Acad\u00e9mica Tel\u00e9fono institucional: 7071-0654 Email institucional: administrador.academico@ues.edu.sv Direcci\u00f3n Laboral: Edificio de Administraci\u00f3n Acad\u00e9mica, atr\u00e1s del auditorio de Facultad de Ciencias Naturales y Matem\u00e1tica, campus&hellip;<\/p>\n","protected":false},"author":3,"featured_media":0,"parent":0,"menu_order":0,"comment_status":"closed","ping_status":"closed","template":"","meta":{"saved_in_kubio":false,"footnotes":"[]"},"class_list":["post-276","page","type-page","status-publish","hentry"],"kubio_ai_page_context":{"short_desc":"","purpose":"general"},"_links":{"self":[{"href":"https:\/\/naturales.ues.edu.sv\/academica\/wp-json\/wp\/v2\/pages\/276","targetHints":{"allow":["GET"]}}],"collection":[{"href":"https:\/\/naturales.ues.edu.sv\/academica\/wp-json\/wp\/v2\/pages"}],"about":[{"href":"https:\/\/naturales.ues.edu.sv\/academica\/wp-json\/wp\/v2\/types\/page"}],"author":[{"embeddable":true,"href":"https:\/\/naturales.ues.edu.sv\/academica\/wp-json\/wp\/v2\/users\/3"}],"replies":[{"embeddable":true,"href":"https:\/\/naturales.ues.edu.sv\/academica\/wp-json\/wp\/v2\/comments?post=276"}],"version-history":[{"count":20,"href":"https:\/\/naturales.ues.edu.sv\/academica\/wp-json\/wp\/v2\/pages\/276\/revisions"}],"predecessor-version":[{"id":1106,"href":"https:\/\/naturales.ues.edu.sv\/academica\/wp-json\/wp\/v2\/pages\/276\/revisions\/1106"}],"wp:attachment":[{"href":"https:\/\/naturales.ues.edu.sv\/academica\/wp-json\/wp\/v2\/media?parent=276"}],"curies":[{"name":"wp","href":"https:\/\/api.w.org\/{rel}","templated":true}]}}