{"id":398,"date":"2022-11-10T19:49:28","date_gmt":"2022-11-10T19:49:28","guid":{"rendered":"http:\/\/www.cimat.ues.edu.sv\/academica\/?page_id=398"},"modified":"2022-11-29T20:17:22","modified_gmt":"2022-11-29T20:17:22","slug":"certificaciones","status":"publish","type":"page","link":"https:\/\/naturales.ues.edu.sv\/academica\/certificaciones\/","title":{"rendered":"Certificaciones"},"content":{"rendered":"\n<h3 class=\"has-text-align-left wp-block-heading\">Solicitud de Certificaciones de Notas (parcial o global), de Programas o de Plan de Estudio<\/h3>\n\n\n\n<div class=\"guten-element guten-icon-list guten-YhrduU\">\n<div class=\"guten-element guten-icon-list-item guten-e7A92Q\"><a id=\"guten-e7A92Q\"><i class=\"fas fa-chevron-right\"><\/i><span class=\"list-text \">Puede hacer su solicitud en L\u00ednea o personalmente en la Administraci\u00f3n Acad\u00e9mica de Facultad.<\/span><\/a><\/div>\n\n\n\n<div class=\"guten-element guten-icon-list-item guten-IC7F9X\"><a id=\"guten-IC7F9X\"><i class=\"fas fa-chevron-right\"><\/i><span class=\"list-text \">Cancelar el arancel respectivo en l\u00ednea o en la colectur\u00eda de Facultad (revisar los recibos que est\u00e9n acorde al servicio requerido, al igual que sus datos est\u00e9n correctos).<\/span><\/a><\/div>\n\n\n\n<div class=\"guten-element guten-icon-list-item guten-XESvRO\"><a id=\"guten-XESvRO\"><i class=\"fas fa-chevron-right\"><\/i><span class=\"list-text \">Si su pago NO&nbsp; fue en l\u00ednea, debe presentar su recibo en la Administraci\u00f3n Acad\u00e9mica de la Facultad.<\/span><\/a><\/div>\n\n\n\n<div class=\"guten-element guten-icon-list-item guten-Bh8Y2U\"><a id=\"guten-Bh8Y2U\"><i class=\"fas fa-chevron-right\"><\/i><span class=\"list-text \">Si su tr\u00e1mite NO fue en l\u00ednea, le entregar\u00e1n comprobante de haber realizado el tr\u00e1mite<\/span><\/a><\/div>\n<\/div>\n\n\n\n<div style=\"height:25px\" aria-hidden=\"true\" class=\"wp-block-spacer\"><\/div>\n\n\n\n<h3 class=\"has-text-align-left wp-block-heading\">Retiro de Certificaciones de Notas (parcial o global), de Programas o de Plan de Estudio<\/h3>\n\n\n\n<p>Las Certificaciones de los estudiantes de las Facultades de la Sede Central, retirarlas en cualquier ventanilla de la Sala de Atenci\u00f3n de Procesos Acad\u00e9micos de la Administraci\u00f3n Acad\u00e9mica Central.<\/p>\n\n\n\n<p>Documentos necesarios:<\/p>\n\n\n\n<ol class=\"wp-block-list\">\n<li>DUI (o Carnet de Residente si es extranjero) para efectos de identificaci\u00f3n.<\/li>\n\n\n\n<li>Comprobante que se le entreg\u00f3 cuando solicit\u00f3 las certificaciones.<\/li>\n\n\n\n<li>Copia de poder o autorizaci\u00f3n otorgada por el estudiante para el retiro de las certificaciones, (\u00fanicamente en caso de no retirarlas el estudiante).<\/li>\n\n\n\n<li>Fotocopia del Documento de Identidad del estudiante y de la persona autorizada, (\u00fanicamente en caso de no retirarla el estudiante).<\/li>\n<\/ol>\n\n\n\n<p>Las certificaciones de los estudiantes de las Facultades Multidisciplinarias, retirarlas en la Administraci\u00f3n Acad\u00e9mica de su facultad.<\/p>\n\n\n\n<div class=\"wp-block-uagb-inline-notice uagb-inline_notice__align-left uagb-block-fea0c428\"><h4 class=\"uagb-notice-title\">Importante<\/h4><div class=\"uagb-notice-text\"><p><em>Si usted ya tiene sus certificaciones en cualquiera de los casos arriba mencionados y desea una Aut\u00e9ntica de ellas, deber\u00e1 presentarlas en Secretar\u00eda general con el recibo de pago por el arancel correspondiente cancelado en Colectur\u00eda Central no es necesario que presente su T\u00edtulo nuevamente.<\/em><\/p><\/div><\/div>\n","protected":false},"excerpt":{"rendered":"<p>Solicitud de Certificaciones de Notas (parcial o global), de Programas o de Plan de Estudio Retiro de Certificaciones de Notas (parcial o global), de Programas o de Plan de Estudio&hellip;<\/p>\n","protected":false},"author":3,"featured_media":0,"parent":0,"menu_order":0,"comment_status":"closed","ping_status":"closed","template":"","meta":{"saved_in_kubio":false,"footnotes":""},"class_list":["post-398","page","type-page","status-publish","hentry"],"kubio_ai_page_context":{"short_desc":"","purpose":"general"},"_links":{"self":[{"href":"https:\/\/naturales.ues.edu.sv\/academica\/wp-json\/wp\/v2\/pages\/398","targetHints":{"allow":["GET"]}}],"collection":[{"href":"https:\/\/naturales.ues.edu.sv\/academica\/wp-json\/wp\/v2\/pages"}],"about":[{"href":"https:\/\/naturales.ues.edu.sv\/academica\/wp-json\/wp\/v2\/types\/page"}],"author":[{"embeddable":true,"href":"https:\/\/naturales.ues.edu.sv\/academica\/wp-json\/wp\/v2\/users\/3"}],"replies":[{"embeddable":true,"href":"https:\/\/naturales.ues.edu.sv\/academica\/wp-json\/wp\/v2\/comments?post=398"}],"version-history":[{"count":7,"href":"https:\/\/naturales.ues.edu.sv\/academica\/wp-json\/wp\/v2\/pages\/398\/revisions"}],"predecessor-version":[{"id":551,"href":"https:\/\/naturales.ues.edu.sv\/academica\/wp-json\/wp\/v2\/pages\/398\/revisions\/551"}],"wp:attachment":[{"href":"https:\/\/naturales.ues.edu.sv\/academica\/wp-json\/wp\/v2\/media?parent=398"}],"curies":[{"name":"wp","href":"https:\/\/api.w.org\/{rel}","templated":true}]}}