{"id":487,"date":"2022-11-28T21:34:11","date_gmt":"2022-11-28T21:34:11","guid":{"rendered":"http:\/\/www.cimat.ues.edu.sv\/academica\/?page_id=487"},"modified":"2024-09-27T21:58:42","modified_gmt":"2024-09-27T21:58:42","slug":"equipo-de-trabajo","status":"publish","type":"page","link":"https:\/\/naturales.ues.edu.sv\/academica\/equipo-de-trabajo\/","title":{"rendered":"Equipo de trabajo"},"content":{"rendered":"\n<h2 class=\"wp-block-heading\">Niveles Jer\u00e1rquicos<\/h2>\n\n\n\n<p>Nivel de Direcci\u00f3n que comprende al Administrador Acad\u00e9mico.<\/p>\n\n\n\n<p>Nivel Operativo, comprende a los Encargados de las diferentes secciones.<\/p>\n\n\n\n<figure class=\"wp-block-table is-style-stripes\"><table><thead><tr><th>Rol<\/th><th>Funciones<\/th><th>Correo<\/th><\/tr><\/thead><tbody><tr><td><strong>Administrador Acad\u00e9mico:<\/strong><\/td><td><\/td><td><a href=\"academica.naturales@ues.edu.sv\" data-type=\"link\" data-id=\"academica.naturales@ues.edu.sv\">academica.naturales@ues.edu.sv <\/a><\/td><\/tr><tr><td><strong>Gestor Acad\u00e9mico de Archivo:<\/strong><\/td><td>Solicitud de acuerdos<br>Solicitud de constancias<\/td><td><a href=\"mailto:martin.barrera@ues.edu.sv\">gestor.archivo@ues.edu.sv<\/a>&nbsp;<\/td><\/tr><tr><td><strong>Gestor Acad\u00e9mico de Archivo Digital:<\/strong><\/td><td><\/td><td><a href=\"mailto:melvin.palacios@ues.edu.sv\">gestor.archivo@ues.edu.sv<\/a>&nbsp;<\/td><\/tr><tr><td><strong>Gestor cambios:<\/strong><br><br><br><br><strong>Gestor Acad\u00e9mico<\/strong> <strong>Graduaciones<\/strong>:<\/td><td>Solicitud de cambios de carreras internas o externas de la Universidad<br>Solicitud de cambios de carreras de otras universidades del pa\u00eds o extranjeras<br>Solicitud de traslados<br><br>Solicitud de certificaciones de notas parciales y globales<br>Mandamientos de pagos<br>Apertura de expediente de graduaci\u00f3n<\/td><td><a href=\"mailto:gestor.cambios@ues.edu.sv\">gestor.cambios@ues.edu.sv<\/a><br><a href=\"mailto:gestor.cambios@ues.edu.sv\">gestor.graduaciones@ues.edu.sv<\/a> <\/td><\/tr><tr><td><strong>Gestor Acad\u00e9mico Presencial<\/strong>: <\/td><td>Solicitud de retiro de asignaturas en per\u00edodo extraordinario, especial y oficial<br>Solicitud de equivalencias<br>Solicitud de pr\u00f3rroga de egreso<br>Constancias<br>Reingreso graduados y profesorados<br>Activaciones<br>Mandamientos de pagos<\/td><td><a href=\"mailto:gestorpresencial.carreras@ues.edu.sv\">gestorpresencial.carreras@ues.edu.sv<\/a><\/td><\/tr><tr><td><strong>Gestor Acad\u00e9mico Distancia:<\/strong><\/td><td>gestordistancia.carreras@ues.edu.sv<br>Solicitud de retiro de asignaturas en per\u00edodo extraordinario, especial y oficial<br>Solicitud de equivalencias<br>Solicitud de pr\u00f3rroga de egreso<br>Constancias<br>Reingreso graduados y profesorados<br>Activaciones<br>Mandamientos de pagos<\/td><td><a href=\"mailto:tomas.flores@ues.edu.sv\">gestordistancia.carreras@ues.edu.sv<\/a><\/td><\/tr><\/tbody><\/table><\/figure>\n\n\n\n<div class=\"wp-block-group is-nowrap is-layout-flex wp-container-core-group-is-layout-ad2f72ca wp-block-group-is-layout-flex\">\n<p class=\"has-text-align-center\"><strong>Horarios de atenci\u00f3n presencial:<\/strong><\/p>\n\n\n\n<p class=\"has-text-align-center\"><strong>Lunes a viernes<\/strong><\/p>\n\n\n\n<p class=\"has-text-align-center\"><strong>8:00 a.m. \u2013 12:00 M.D.<\/strong><\/p>\n\n\n\n<p class=\"has-text-align-center\"><strong>1:00 p.m. \u2013 4:00 p.m.<\/strong><\/p>\n<\/div>\n","protected":false},"excerpt":{"rendered":"<p>Niveles Jer\u00e1rquicos Nivel de Direcci\u00f3n que comprende al Administrador Acad\u00e9mico. Nivel Operativo, comprende a los Encargados de las diferentes secciones. Rol Funciones Correo Administrador Acad\u00e9mico: academica.naturales@ues.edu.sv Gestor Acad\u00e9mico de Archivo:&hellip;<\/p>\n","protected":false},"author":3,"featured_media":0,"parent":0,"menu_order":0,"comment_status":"closed","ping_status":"closed","template":"","meta":{"saved_in_kubio":false,"footnotes":""},"class_list":["post-487","page","type-page","status-publish","hentry"],"kubio_ai_page_context":{"short_desc":"","purpose":"general"},"_links":{"self":[{"href":"https:\/\/naturales.ues.edu.sv\/academica\/wp-json\/wp\/v2\/pages\/487","targetHints":{"allow":["GET"]}}],"collection":[{"href":"https:\/\/naturales.ues.edu.sv\/academica\/wp-json\/wp\/v2\/pages"}],"about":[{"href":"https:\/\/naturales.ues.edu.sv\/academica\/wp-json\/wp\/v2\/types\/page"}],"author":[{"embeddable":true,"href":"https:\/\/naturales.ues.edu.sv\/academica\/wp-json\/wp\/v2\/users\/3"}],"replies":[{"embeddable":true,"href":"https:\/\/naturales.ues.edu.sv\/academica\/wp-json\/wp\/v2\/comments?post=487"}],"version-history":[{"count":7,"href":"https:\/\/naturales.ues.edu.sv\/academica\/wp-json\/wp\/v2\/pages\/487\/revisions"}],"predecessor-version":[{"id":1310,"href":"https:\/\/naturales.ues.edu.sv\/academica\/wp-json\/wp\/v2\/pages\/487\/revisions\/1310"}],"wp:attachment":[{"href":"https:\/\/naturales.ues.edu.sv\/academica\/wp-json\/wp\/v2\/media?parent=487"}],"curies":[{"name":"wp","href":"https:\/\/api.w.org\/{rel}","templated":true}]}}