{"id":892,"date":"2023-12-14T21:39:35","date_gmt":"2023-12-14T21:39:35","guid":{"rendered":"https:\/\/www.cimat.ues.edu.sv\/academica\/?page_id=892"},"modified":"2024-05-14T15:29:20","modified_gmt":"2024-05-14T15:29:20","slug":"home-nuevo","status":"publish","type":"page","link":"https:\/\/naturales.ues.edu.sv\/academica\/home-nuevo\/","title":{"rendered":"Administraci\u00f3nAcad\u00e9mica"},"content":{"rendered":"\n<p>Somos la unidad de orientaci\u00f3n y apoyo de los procesos acad\u00e9mico-administrativos de la Facultad de Ciencias Naturales y Matem\u00e1tica que presta servicios a la comunidad docente y estudiantil con calidad, eficiencia, compromiso y responsabilidad social.<\/p>\n\n\n\n<figure class=\"wp-block-video\"><\/figure>\n","protected":false},"excerpt":{"rendered":"<p>Somos la unidad de orientaci\u00f3n y apoyo de los procesos acad\u00e9mico-administrativos de la Facultad de Ciencias Naturales y Matem\u00e1tica que presta servicios a la comunidad docente y estudiantil con calidad,&hellip;<\/p>\n","protected":false},"author":6,"featured_media":0,"parent":0,"menu_order":0,"comment_status":"closed","ping_status":"closed","template":"","meta":{"saved_in_kubio":false,"footnotes":""},"class_list":["post-892","page","type-page","status-publish","hentry"],"kubio_ai_page_context":{"short_desc":"","purpose":"general"},"_links":{"self":[{"href":"https:\/\/naturales.ues.edu.sv\/academica\/wp-json\/wp\/v2\/pages\/892","targetHints":{"allow":["GET"]}}],"collection":[{"href":"https:\/\/naturales.ues.edu.sv\/academica\/wp-json\/wp\/v2\/pages"}],"about":[{"href":"https:\/\/naturales.ues.edu.sv\/academica\/wp-json\/wp\/v2\/types\/page"}],"author":[{"embeddable":true,"href":"https:\/\/naturales.ues.edu.sv\/academica\/wp-json\/wp\/v2\/users\/6"}],"replies":[{"embeddable":true,"href":"https:\/\/naturales.ues.edu.sv\/academica\/wp-json\/wp\/v2\/comments?post=892"}],"version-history":[{"count":17,"href":"https:\/\/naturales.ues.edu.sv\/academica\/wp-json\/wp\/v2\/pages\/892\/revisions"}],"predecessor-version":[{"id":1109,"href":"https:\/\/naturales.ues.edu.sv\/academica\/wp-json\/wp\/v2\/pages\/892\/revisions\/1109"}],"wp:attachment":[{"href":"https:\/\/naturales.ues.edu.sv\/academica\/wp-json\/wp\/v2\/media?parent=892"}],"curies":[{"name":"wp","href":"https:\/\/api.w.org\/{rel}","templated":true}]}}