{"id":25,"date":"2024-09-18T23:05:46","date_gmt":"2024-09-18T21:05:46","guid":{"rendered":"https:\/\/naturales.ues.edu.sv\/biblioteca\/?page_id=25"},"modified":"2024-09-19T18:25:47","modified_gmt":"2024-09-19T16:25:47","slug":"mision","status":"publish","type":"page","link":"https:\/\/naturales.ues.edu.sv\/biblioteca\/mision\/","title":{"rendered":"Misi\u00f3n"},"content":{"rendered":"\n<p>Brindar servicios de informaci\u00f3n, que faciliten el acceso a los recursos, impresos, magn\u00e9ticos, audiovisuales y en l\u00ednea, que las nuevas tecnolog\u00edas nos permiten, por medio de atenci\u00f3n personalizada que permita fomentar la investigaci\u00f3n cient\u00edfica, social y cultural de nuestros estudiantes.<\/p>\n","protected":false},"excerpt":{"rendered":"<p>Brindar servicios de informaci\u00f3n, que faciliten el acceso a los recursos, impresos, magn\u00e9ticos, audiovisuales y en l\u00ednea, que las nuevas tecnolog\u00edas nos permiten, por medio de atenci\u00f3n personalizada que permita fomentar la investigaci\u00f3n cient\u00edfica, social y cultural de nuestros estudiantes.<\/p>\n","protected":false},"author":4,"featured_media":56,"parent":0,"menu_order":0,"comment_status":"closed","ping_status":"closed","template":"","meta":{"footnotes":""},"class_list":["post-25","page","type-page","status-publish","has-post-thumbnail","hentry"],"_links":{"self":[{"href":"https:\/\/naturales.ues.edu.sv\/biblioteca\/wp-json\/wp\/v2\/pages\/25","targetHints":{"allow":["GET"]}}],"collection":[{"href":"https:\/\/naturales.ues.edu.sv\/biblioteca\/wp-json\/wp\/v2\/pages"}],"about":[{"href":"https:\/\/naturales.ues.edu.sv\/biblioteca\/wp-json\/wp\/v2\/types\/page"}],"author":[{"embeddable":true,"href":"https:\/\/naturales.ues.edu.sv\/biblioteca\/wp-json\/wp\/v2\/users\/4"}],"replies":[{"embeddable":true,"href":"https:\/\/naturales.ues.edu.sv\/biblioteca\/wp-json\/wp\/v2\/comments?post=25"}],"version-history":[{"count":2,"href":"https:\/\/naturales.ues.edu.sv\/biblioteca\/wp-json\/wp\/v2\/pages\/25\/revisions"}],"predecessor-version":[{"id":33,"href":"https:\/\/naturales.ues.edu.sv\/biblioteca\/wp-json\/wp\/v2\/pages\/25\/revisions\/33"}],"wp:featuredmedia":[{"embeddable":true,"href":"https:\/\/naturales.ues.edu.sv\/biblioteca\/wp-json\/wp\/v2\/media\/56"}],"wp:attachment":[{"href":"https:\/\/naturales.ues.edu.sv\/biblioteca\/wp-json\/wp\/v2\/media?parent=25"}],"curies":[{"name":"wp","href":"https:\/\/api.w.org\/{rel}","templated":true}]}}