{"id":58,"date":"2024-09-20T17:14:52","date_gmt":"2024-09-20T15:14:52","guid":{"rendered":"https:\/\/naturales.ues.edu.sv\/biblioteca\/?page_id=58"},"modified":"2024-09-20T17:15:09","modified_gmt":"2024-09-20T15:15:09","slug":"descripcion-funciones","status":"publish","type":"page","link":"https:\/\/naturales.ues.edu.sv\/biblioteca\/descripcion-funciones\/","title":{"rendered":"Descripci\u00f3n-Funciones"},"content":{"rendered":"\n<p>La Biblioteca es la unidad encargada de brindar orientaci\u00f3n a los usuarios en el tema de la informaci\u00f3n. Con el avance de la tecnolog\u00eda y de la actual era informacional, es necesaria la eficiente organizaci\u00f3n de la informaci\u00f3n disponible para poder facilitar a los estudiantes, docentes, investigadores y administrativos, el uso y manejo de todos los recursos bibliogr\u00e1ficos, ya sean impresos o digitales. La biblioteca busca ser un apoyo acad\u00e9mico y cultural para nuestros usuarios, bas\u00e1ndose en los planes de estudios de cada carrera con las que cuenta la Facultad.&nbsp;&nbsp;&nbsp;<\/p>\n\n\n\n<p>Brindar servicios de informaci\u00f3n que faciliten el acceso a los recursos impresos, magn\u00e9ticos, audiovisuales y en l\u00ednea, que las nuevas tecnolog\u00edas permiten a trav\u00e9s de atenci\u00f3n personalizada para fomentar la investigaci\u00f3n cient\u00edfica, social y cultural de nuestros estudiantes.&nbsp;<\/p>\n\n\n\n<p>&nbsp;Hacer de la biblioteca un centro de apoyo para la formaci\u00f3n acad\u00e9mica, cient\u00edfica e investigativa por medio de la actualizaci\u00f3n constante de los servicios y recursos de informaci\u00f3n que se ofrece.&nbsp;<\/p>\n","protected":false},"excerpt":{"rendered":"<p>La Biblioteca es la unidad encargada de brindar orientaci\u00f3n a los usuarios en el tema de la informaci\u00f3n. Con el avance de la tecnolog\u00eda y de la actual era informacional, es necesaria la eficiente organizaci\u00f3n de la informaci\u00f3n disponible para poder facilitar a los estudiantes, docentes, investigadores y administrativos, el uso y manejo de todos [&hellip;]<\/p>\n","protected":false},"author":4,"featured_media":0,"parent":0,"menu_order":0,"comment_status":"closed","ping_status":"closed","template":"","meta":{"footnotes":""},"class_list":["post-58","page","type-page","status-publish","hentry"],"_links":{"self":[{"href":"https:\/\/naturales.ues.edu.sv\/biblioteca\/wp-json\/wp\/v2\/pages\/58","targetHints":{"allow":["GET"]}}],"collection":[{"href":"https:\/\/naturales.ues.edu.sv\/biblioteca\/wp-json\/wp\/v2\/pages"}],"about":[{"href":"https:\/\/naturales.ues.edu.sv\/biblioteca\/wp-json\/wp\/v2\/types\/page"}],"author":[{"embeddable":true,"href":"https:\/\/naturales.ues.edu.sv\/biblioteca\/wp-json\/wp\/v2\/users\/4"}],"replies":[{"embeddable":true,"href":"https:\/\/naturales.ues.edu.sv\/biblioteca\/wp-json\/wp\/v2\/comments?post=58"}],"version-history":[{"count":2,"href":"https:\/\/naturales.ues.edu.sv\/biblioteca\/wp-json\/wp\/v2\/pages\/58\/revisions"}],"predecessor-version":[{"id":64,"href":"https:\/\/naturales.ues.edu.sv\/biblioteca\/wp-json\/wp\/v2\/pages\/58\/revisions\/64"}],"wp:attachment":[{"href":"https:\/\/naturales.ues.edu.sv\/biblioteca\/wp-json\/wp\/v2\/media?parent=58"}],"curies":[{"name":"wp","href":"https:\/\/api.w.org\/{rel}","templated":true}]}}