{"id":59,"date":"2024-09-20T17:14:52","date_gmt":"2024-09-20T15:14:52","guid":{"rendered":"https:\/\/naturales.ues.edu.sv\/biblioteca\/?page_id=59"},"modified":"2024-09-20T17:15:36","modified_gmt":"2024-09-20T15:15:36","slug":"estructura-organizativa","status":"publish","type":"page","link":"https:\/\/naturales.ues.edu.sv\/biblioteca\/estructura-organizativa\/","title":{"rendered":"Estructura Organizativa"},"content":{"rendered":"\n<ul class=\"wp-block-list\">\n<li><strong>Encargada de Biblioteca:&nbsp;<\/strong>F\u00e1tima Marcela Tobar de Avelar&nbsp;<\/li>\n\n\n\n<li>Auxiliar de biblioteca (2)&nbsp;<\/li>\n<\/ul>\n\n\n\n<p>&nbsp;<strong>Funciones:<\/strong>&nbsp;<\/p>\n\n\n\n<p>\u2013 Orientar a los estudiantes en la b\u00fasqueda de informaci\u00f3n.&nbsp;<\/p>\n\n\n\n<p>\u2013 Orientar a los estudiantes en el uso de los recursos electr\u00f3nicos.&nbsp;<\/p>\n\n\n\n<p>\u2013 Emitir solvencias de Biblioteca.&nbsp;<\/p>\n\n\n\n<p>\u2013 Revisi\u00f3n de tesis y emisi\u00f3n de constancias de tesis.&nbsp;<\/p>\n\n\n\n<p>\u2013 Ingreso de tesis al Repositorio institucional.&nbsp;<\/p>\n\n\n\n<p>&nbsp;\u2013 Proceso t\u00e9cnico y f\u00edsico de tesis al Sistema Koha.&nbsp;<\/p>\n\n\n\n<p>\u2013 Registro, proceso t\u00e9cnico y f\u00edsico de material bibliogr\u00e1fico, tanto de la Facultad como de&nbsp;&nbsp; Universidad en L\u00ednea.&nbsp;<\/p>\n\n\n\n<p>\u2013 Proceso de pr\u00e9stamo y devoluci\u00f3n de libros de Universidad en l\u00ednea.&nbsp;<\/p>\n\n\n\n<ul class=\"wp-block-list\">\n<li><strong>Biblioteca<\/strong><\/li>\n<\/ul>\n\n\n\n<p><strong>Estructura Organizativa +<\/strong><\/p>\n\n\n\n<p>&nbsp;<strong>Funciones:<\/strong>&nbsp;<\/p>\n\n\n\n<p>\u2013 Distribuci\u00f3n de libros de Universidad en L\u00ednea en las diferentes sedes.&nbsp;<\/p>\n\n\n\n<p>\u2013 Gesti\u00f3n administrativa de la Biblioteca.&nbsp;<\/p>\n\n\n\n<p>\u2013 Recepci\u00f3n de libros de la Facultad.&nbsp;<\/p>\n\n\n\n<p>\u2013 Recepci\u00f3n de libros de Universidad en L\u00ednea.&nbsp;<\/p>\n\n\n\n<p>\u2013 Revisi\u00f3n de tesis.&nbsp;<\/p>\n\n\n\n<p>\u2013 Emisi\u00f3n de constancias de tesis.&nbsp;<\/p>\n\n\n\n<p>\u2013 Emisi\u00f3n de solvencias para asuntos acad\u00e9micos y graduaci\u00f3n.&nbsp;<\/p>\n\n\n\n<p>\u2013 Orientaci\u00f3n en el uso de recursos electr\u00f3nicos.&nbsp;<\/p>\n\n\n\n<p>\u2013 Resoluci\u00f3n de problemas a estudiantes.&nbsp;<\/p>\n\n\n\n<p>&nbsp;Contacto:&nbsp;<a href=\"mailto:fatima.tobar@ues.edu.sv\">fatima.tobar@ues.edu.sv<\/a>&nbsp;<\/p>\n\n\n\n<p>Tel: 2511-200 ext.5014&nbsp;<\/p>\n\n\n\n<ul class=\"wp-block-list\">\n<li><strong>Biblioteca<\/strong><\/li>\n<\/ul>\n\n\n\n<p><strong>\u00c1reas de trabajo<\/strong><\/p>\n\n\n\n<p><strong>-Procesos t\u00e9cnicos<\/strong>&nbsp;<\/p>\n\n\n\n<p><strong>-Circulaci\u00f3n y pr\u00e9stamo<\/strong>&nbsp;<\/p>\n\n\n\n<p><strong>-Adquisiciones<\/strong>&nbsp;<\/p>\n\n\n\n<p><strong>-Recursos electr\u00f3nicos<\/strong>&nbsp;<\/p>\n\n\n\n<p>Actividades descritas a continuaci\u00f3n relacionadas a tareas t\u00e9cnico administrativas.&nbsp;&nbsp;<\/p>\n\n\n\n<ul class=\"wp-block-list\">\n<li><strong>Biblioteca<\/strong><\/li>\n<\/ul>\n\n\n\n<p><strong>Gesti\u00f3n de proyectos y cooperaci\u00f3n<\/strong><\/p>\n\n\n\n<p>\u2013 Capacitaci\u00f3n a estudiantes y docentes, sobre los recursos electr\u00f3nicos, a trav\u00e9s de plataformas de google meet y zoom.&nbsp;<\/p>\n\n\n\n<p>\u2013 Recopilar todos los informes cient\u00edficos, art\u00edculos cient\u00edficos, investigaciones para su posterior publicaci\u00f3n en biblioteca virtual o repositorio.&nbsp;<\/p>\n\n\n\n<p>\u2013 Fortalecer el cat\u00e1logo bibliogr\u00e1fico digital con el fin de ampliar la oferta de informaci\u00f3n.&nbsp;<\/p>\n\n\n\n<p>\u2013 Estimular el desarrollo estudiantil en el h\u00e1bito a la lectura.&nbsp;<\/p>\n\n\n\n<p>\u2013 Mejorar el servicio bibliotecario mediante el acceso del estudiante a la colecci\u00f3n bibliogr\u00e1fica, por medio de la estanter\u00eda abierta.&nbsp;<\/p>\n\n\n\n<p>\u2013 Mejorar las condiciones de trabajo en cuanto a equipo inform\u00e1tico.&nbsp;<\/p>\n\n\n\n<p>\u2013 Gestionar la Construcci\u00f3n de gradas para facilitar las salidas de emergencias.&nbsp;<\/p>\n","protected":false},"excerpt":{"rendered":"<p>&nbsp;Funciones:&nbsp; \u2013 Orientar a los estudiantes en la b\u00fasqueda de informaci\u00f3n.&nbsp; \u2013 Orientar a los estudiantes en el uso de los recursos electr\u00f3nicos.&nbsp; \u2013 Emitir solvencias de Biblioteca.&nbsp; \u2013 Revisi\u00f3n de tesis y emisi\u00f3n de constancias de tesis.&nbsp; \u2013 Ingreso de tesis al Repositorio institucional.&nbsp; &nbsp;\u2013 Proceso t\u00e9cnico y f\u00edsico de tesis al Sistema Koha.&nbsp; [&hellip;]<\/p>\n","protected":false},"author":4,"featured_media":0,"parent":0,"menu_order":0,"comment_status":"closed","ping_status":"closed","template":"","meta":{"footnotes":""},"class_list":["post-59","page","type-page","status-publish","hentry"],"_links":{"self":[{"href":"https:\/\/naturales.ues.edu.sv\/biblioteca\/wp-json\/wp\/v2\/pages\/59","targetHints":{"allow":["GET"]}}],"collection":[{"href":"https:\/\/naturales.ues.edu.sv\/biblioteca\/wp-json\/wp\/v2\/pages"}],"about":[{"href":"https:\/\/naturales.ues.edu.sv\/biblioteca\/wp-json\/wp\/v2\/types\/page"}],"author":[{"embeddable":true,"href":"https:\/\/naturales.ues.edu.sv\/biblioteca\/wp-json\/wp\/v2\/users\/4"}],"replies":[{"embeddable":true,"href":"https:\/\/naturales.ues.edu.sv\/biblioteca\/wp-json\/wp\/v2\/comments?post=59"}],"version-history":[{"count":2,"href":"https:\/\/naturales.ues.edu.sv\/biblioteca\/wp-json\/wp\/v2\/pages\/59\/revisions"}],"predecessor-version":[{"id":65,"href":"https:\/\/naturales.ues.edu.sv\/biblioteca\/wp-json\/wp\/v2\/pages\/59\/revisions\/65"}],"wp:attachment":[{"href":"https:\/\/naturales.ues.edu.sv\/biblioteca\/wp-json\/wp\/v2\/media?parent=59"}],"curies":[{"name":"wp","href":"https:\/\/api.w.org\/{rel}","templated":true}]}}