{"id":105,"date":"2023-12-07T15:43:58","date_gmt":"2023-12-07T15:43:58","guid":{"rendered":"https:\/\/www.cimat.ues.edu.sv\/biologia\/?page_id=105"},"modified":"2023-12-07T16:17:17","modified_gmt":"2023-12-07T16:17:17","slug":"simposio-de-herpetologia","status":"publish","type":"page","link":"https:\/\/naturales.ues.edu.sv\/biologia\/simposio-de-herpetologia\/","title":{"rendered":"Simposio de Herpetolog\u00eda"},"content":{"rendered":"\n<div class=\"section-wrapper\" data-id=\"yYySSj\"><section class=\"wp-block-gutenverse-section guten-element guten-section guten-yYySSj layout-fullwidth align-stretch\"><div class=\"guten-background-overlay\"><\/div><div class=\"guten-shape-divider guten-shape-divider-top\"><\/div><div class=\"guten-shape-divider guten-shape-divider-bottom\"><\/div><div class=\"guten-container guten-column-gap-no\">\n<div class=\"wp-block-gutenverse-column guten-element guten-column guten-jp5AkC\"><div class=\"guten-background-overlay\"><\/div><div class=\"sticky-wrapper\" data-id=\"jp5AkC\"><div class=\"guten-column-wrapper\">\n<h2 class=\"wp-block-gutenverse-heading guten-element guten-kYJoXI animated guten-element-hide desktop-fadeInLeft\">I Simposio de Herpetolog\u00eda<\/h2>\n\n\n\n<div class=\"guten-element gutenverse-text-editor guten-xoKvTV animated guten-element-hide desktop-fadeInLeft\"><div class=\"text-content-inner\">\n<p>La Facultad de Ciencias Naturales y Matem\u00e1tica realiza este el primer simposio de herpetolog\u00eda coordinado por la Direcci\u00f3n de la Escuela de Biolog\u00eda, el cual tiene como objetivo exponer el estado de conocimiento de la herpetofauna en El Salvador, adem\u00e1s de comprender la importancia del registro de nuevas especies en el pa\u00eds e implementar la ciencia participativa como una estrategia para la conservaci\u00f3n de la herpetofauna en el pa\u00eds.<\/p>\n<\/div><\/div>\n\n\n\n<div class=\"guten-element guten-button-wrapper guten-dBZAAS\"><a class=\"guten-button animated guten-element-hide desktop-fadeInLeft guten-button-sm\" href=\"https:\/\/www.cimat.ues.edu.sv\/blog\/2023\/10\/09\/facultad-realiza-clausura-del-i-simposio-de-herpetologia\/\" target=\"_blank\" rel=\"noreferrer noopener\"><span>explore more<\/span><\/a><\/div>\n<\/div><\/div><\/div>\n\n\n\n<div class=\"wp-block-gutenverse-column guten-element guten-column guten-8nbEt0\"><div class=\"guten-background-overlay\"><\/div><div class=\"sticky-wrapper\" data-id=\"8nbEt0\"><div class=\"guten-column-wrapper\">\n<div class=\"wp-block-gutenverse-icon guten-element guten-Mo6zNy guten-icon\"><a class=\"guten-icon-wrapper circle stacked\" href=\"https:\/\/fb.watch\/oNEGrovmGq\/\" target=\"_blank\" rel=\"noreferrer noopener\"><i class=\"gtn gtn-play-button\"><\/i><\/a><\/div>\n<\/div><\/div><\/div>\n<\/div><\/section><\/div>\n","protected":false},"excerpt":{"rendered":"","protected":false},"author":6,"featured_media":0,"parent":0,"menu_order":0,"comment_status":"closed","ping_status":"closed","template":"","meta":{"footnotes":""},"class_list":["post-105","page","type-page","status-publish","hentry"],"_links":{"self":[{"href":"https:\/\/naturales.ues.edu.sv\/biologia\/wp-json\/wp\/v2\/pages\/105","targetHints":{"allow":["GET"]}}],"collection":[{"href":"https:\/\/naturales.ues.edu.sv\/biologia\/wp-json\/wp\/v2\/pages"}],"about":[{"href":"https:\/\/naturales.ues.edu.sv\/biologia\/wp-json\/wp\/v2\/types\/page"}],"author":[{"embeddable":true,"href":"https:\/\/naturales.ues.edu.sv\/biologia\/wp-json\/wp\/v2\/users\/6"}],"replies":[{"embeddable":true,"href":"https:\/\/naturales.ues.edu.sv\/biologia\/wp-json\/wp\/v2\/comments?post=105"}],"version-history":[{"count":2,"href":"https:\/\/naturales.ues.edu.sv\/biologia\/wp-json\/wp\/v2\/pages\/105\/revisions"}],"predecessor-version":[{"id":112,"href":"https:\/\/naturales.ues.edu.sv\/biologia\/wp-json\/wp\/v2\/pages\/105\/revisions\/112"}],"wp:attachment":[{"href":"https:\/\/naturales.ues.edu.sv\/biologia\/wp-json\/wp\/v2\/media?parent=105"}],"curies":[{"name":"wp","href":"https:\/\/api.w.org\/{rel}","templated":true}]}}