{"id":17,"date":"2023-11-23T21:34:30","date_gmt":"2023-11-23T21:34:30","guid":{"rendered":"https:\/\/www.cimat.ues.edu.sv\/biologia\/?page_id=17"},"modified":"2023-12-06T15:25:01","modified_gmt":"2023-12-06T15:25:01","slug":"mision","status":"publish","type":"page","link":"https:\/\/naturales.ues.edu.sv\/biologia\/mision\/","title":{"rendered":"Filosof\u00eda Institucional"},"content":{"rendered":"\n<div class=\"section-wrapper\" data-id=\"pA2xIm\"><section class=\"wp-block-gutenverse-section guten-element guten-section guten-pA2xIm layout-boxed align-stretch\"><div class=\"guten-background-overlay\"><\/div><div class=\"guten-shape-divider guten-shape-divider-top\"><\/div><div class=\"guten-shape-divider guten-shape-divider-bottom\"><\/div><div class=\"guten-container guten-column-gap-no\">\n<div class=\"wp-block-gutenverse-column guten-element guten-column guten-uQMhiJ\"><div class=\"guten-background-overlay\"><\/div><div class=\"sticky-wrapper\" data-id=\"uQMhiJ\"><div class=\"guten-column-wrapper\">\n<div class=\"section-wrapper\" data-id=\"qn3P4x\"><section class=\"wp-block-gutenverse-section guten-element guten-section guten-qn3P4x layout-boxed align-stretch\"><div class=\"guten-background-overlay\"><\/div><div class=\"guten-shape-divider guten-shape-divider-top\"><\/div><div class=\"guten-shape-divider guten-shape-divider-bottom\"><\/div><div class=\"guten-container guten-column-gap-no\">\n<div class=\"wp-block-gutenverse-column guten-element guten-column guten-nRKeWA\"><div class=\"guten-background-overlay\"><\/div><div class=\"sticky-wrapper\" data-id=\"nRKeWA\"><div class=\"guten-column-wrapper\">\n<h2 class=\"wp-block-gutenverse-heading guten-element guten-J0aNcl animated guten-element-hide desktop-fadeInLeft\">Misi\u00f3n \/ Visi\u00f3n <\/h2>\n\n\n\n<div class=\"guten-element gutenverse-text-editor guten-2rwxvm animated guten-element-hide desktop-fadeInLeft\"><div class=\"text-content-inner\">\n<p>La Escuela de Biolog\u00eda tiene como misi\u00f3n la formaci\u00f3n de Profesionales en las Ciencias Biol\u00f3gicas y cumplir con los objetivos de: propiciar la difusi\u00f3n sistem\u00e1tica de las diferentes \u00e1reas que comprende el estudio de las Ciencias Biol\u00f3gicas, as\u00ed como tambi\u00e9n promover la Investigaci\u00f3n Cient\u00edfica b\u00e1sica y aplicada en la Escuela de Biolog\u00eda. De igual manera, se tiene como finalidad la divulgaci\u00f3n de los resultados en revistas cient\u00edficas&nbsp; nacionales o internacionales.<\/p>\n<\/div><\/div>\n<\/div><\/div><\/div>\n<\/div><\/section><\/div>\n\n\n\n<div class=\"section-wrapper\" data-id=\"duArME\"><section class=\"wp-block-gutenverse-section guten-element guten-section guten-duArME layout-boxed align-stretch\"><div class=\"guten-background-overlay\"><\/div><div class=\"guten-shape-divider guten-shape-divider-top\"><\/div><div class=\"guten-shape-divider guten-shape-divider-bottom\"><\/div><div class=\"guten-container guten-column-gap-no\">\n<div class=\"wp-block-gutenverse-column guten-element guten-column guten-APnSiO\"><div class=\"guten-background-overlay\"><\/div><div class=\"sticky-wrapper\" data-id=\"APnSiO\"><div class=\"guten-column-wrapper\">\n<div class=\"wp-block-gutenverse-image guten-element guten-image guten-Ua5kYb animated guten-element-hide desktop-fadeInLeft\"><a class=\"guten-image-wrapper\"><img fetchpriority=\"high\" decoding=\"async\" class=\"gutenverse-image-box-filled\" src=\"http:\/\/www.cimat.ues.edu.sv\/biologia\/wp-content\/uploads\/sites\/22\/2023\/12\/IMG_6022-scaled.jpg\" height=\"1707\" width=\"2560\" \/><\/a><\/div>\n<\/div><\/div><\/div>\n\n\n\n<div class=\"wp-block-gutenverse-column guten-element guten-column guten-oY8ANE\"><div class=\"guten-background-overlay\"><\/div><div class=\"sticky-wrapper\" data-id=\"oY8ANE\"><div class=\"guten-column-wrapper\">\n<div class=\"guten-element guten-ZoZK7w animated guten-element-hide desktop-fadeInRight guten-icon-box icon-position-undefined\"><div class=\"guten-icon-box-wrapper hover-from-left\"><div class=\"icon-box icon-box-header\"><div class=\"icon style-color\"><i class=\"fab fa-suse\"><\/i><\/div><\/div><div class=\"icon-box icon-box-body\"><h2 class=\"title\">L\u00cdNEAS DE INVESTIGACI\u00d3N<\/h2><p class=\"icon-box-description\">Las l\u00edneas de investigaci\u00f3n est\u00e1n enmarcadas en las \u00e1reas de la Bot\u00e1nica, Zoolog\u00eda, Ecolog\u00eda y MedioAmbiente y Biolog\u00eda Celular y Molecular. Se cuenta con Laboratorios tales como: Entomolog\u00eda, Cultivo de Tejidos Vegetales, Microbiolog\u00eda, Investigaciones Acu\u00e1ticas, Ficolog\u00eda , Herbario, Piscigranja, Colecciones y el Jard\u00edn Bot\u00e1nico. Lamentablemente, durante la pandemia, no se pudo habilitar estas Unidades.<\/p><\/div><\/div><\/div>\n\n\n\n<div class=\"guten-element guten-bqonOo animated guten-element-hide desktop-fadeInRight guten-icon-box icon-position-undefined\"><div class=\"guten-icon-box-wrapper hover-from-left\"><div class=\"icon-box icon-box-header\"><div class=\"icon style-color\"><i class=\"gtn gtn-hand_shake-light\"><\/i><\/div><\/div><div class=\"icon-box icon-box-body\"><h2 class=\"title\">ESTRUCTURA ORGANIZATIVA<\/h2><p class=\"icon-box-description\">La Escuela de Biolog\u00eda se organiza en una Direcci\u00f3n, una Secretar\u00eda y cuatro Coordinadores de Departamentos.<\/p><\/div><\/div><\/div>\n\n\n\n<div class=\"guten-element guten-O01Ln9 animated guten-element-hide desktop-fadeInRight guten-icon-box icon-position-undefined\"><div class=\"guten-icon-box-wrapper hover-from-left\"><div class=\"icon-box icon-box-header\"><div class=\"icon style-color\"><i class=\"gtn gtn-microscope-light\"><\/i><\/div><\/div><div class=\"icon-box icon-box-body\"><h2 class=\"title\">La funci\u00f3n principal se basa en gestionar la obtenci\u00f3n de financiamiento, recursos materiales y equipo, para la ejecuci\u00f3n de la Docencia, Investigaci\u00f3n y Proyecci\u00f3n Social de la Escuela.<\/h2><p class=\"icon-box-description\"><\/p><\/div><\/div><\/div>\n<\/div><\/div><\/div>\n<\/div><\/section><\/div>\n<\/div><\/div><\/div>\n<\/div><\/section><\/div>\n","protected":false},"excerpt":{"rendered":"","protected":false},"author":8,"featured_media":0,"parent":0,"menu_order":0,"comment_status":"closed","ping_status":"closed","template":"","meta":{"footnotes":""},"class_list":["post-17","page","type-page","status-publish","hentry"],"_links":{"self":[{"href":"https:\/\/naturales.ues.edu.sv\/biologia\/wp-json\/wp\/v2\/pages\/17","targetHints":{"allow":["GET"]}}],"collection":[{"href":"https:\/\/naturales.ues.edu.sv\/biologia\/wp-json\/wp\/v2\/pages"}],"about":[{"href":"https:\/\/naturales.ues.edu.sv\/biologia\/wp-json\/wp\/v2\/types\/page"}],"author":[{"embeddable":true,"href":"https:\/\/naturales.ues.edu.sv\/biologia\/wp-json\/wp\/v2\/users\/8"}],"replies":[{"embeddable":true,"href":"https:\/\/naturales.ues.edu.sv\/biologia\/wp-json\/wp\/v2\/comments?post=17"}],"version-history":[{"count":6,"href":"https:\/\/naturales.ues.edu.sv\/biologia\/wp-json\/wp\/v2\/pages\/17\/revisions"}],"predecessor-version":[{"id":102,"href":"https:\/\/naturales.ues.edu.sv\/biologia\/wp-json\/wp\/v2\/pages\/17\/revisions\/102"}],"wp:attachment":[{"href":"https:\/\/naturales.ues.edu.sv\/biologia\/wp-json\/wp\/v2\/media?parent=17"}],"curies":[{"name":"wp","href":"https:\/\/api.w.org\/{rel}","templated":true}]}}