{"id":59,"date":"2023-12-05T20:33:13","date_gmt":"2023-12-05T20:33:13","guid":{"rendered":"https:\/\/www.cimat.ues.edu.sv\/biologia\/?page_id=59"},"modified":"2023-12-05T20:44:07","modified_gmt":"2023-12-05T20:44:07","slug":"i-simposio-de-herpetologia","status":"publish","type":"page","link":"https:\/\/naturales.ues.edu.sv\/biologia\/i-simposio-de-herpetologia\/","title":{"rendered":"I Simposio de herpetolog\u00eda"},"content":{"rendered":"\n<p>La Facultad de Ciencias Naturales y Matem\u00e1tica realiza este el primer simposio de herpetolog\u00eda coordinado por la Direcci\u00f3n de la Escuela de Biolog\u00eda, el cual tiene como objetivo exponer el estado de conocimiento de la herpetofauna en El Salvador, adem\u00e1s de comprender la importancia del registro de nuevas especies en el pa\u00eds e implementar la ciencia participativa como una estrategia para la conservaci\u00f3n de la herpetofauna en el pa\u00eds. da clic para conocer mas sobre esta nota:\u00a0<a href=\"https:\/\/www.cimat.ues.edu.sv\/blog\/2023\/10\/07\/realizan-primer-simposio-de-herpetologia-en-la-facultad\/\">https:\/\/www.cimat.ues.edu.sv\/blog\/2023\/10\/07\/realizan-primer-simposio-de-herpetologia-en-la-facultad\/<\/a><\/p>\n\n\n\n<div class=\"wp-block-cb-carousel\" data-slick=\"{&quot;slidesToShow&quot;:2,&quot;slidesToScroll&quot;:1,&quot;speed&quot;:300,&quot;arrows&quot;:true,&quot;dots&quot;:true,&quot;autoplay&quot;:false,&quot;autoplaySpeed&quot;:3000,&quot;infinite&quot;:false,&quot;responsive&quot;:[{&quot;breakpoint&quot;:769,&quot;settings&quot;:{&quot;slidesToShow&quot;:1,&quot;slidesToScroll&quot;:1}}]}\">\n<div class=\"wp-block-cb-slide\">\n<figure class=\"wp-block-image size-large\"><img fetchpriority=\"high\" decoding=\"async\" width=\"1024\" height=\"576\" src=\"https:\/\/www.cimat.ues.edu.sv\/biologia\/wp-content\/uploads\/sites\/22\/2023\/12\/DSC09191-1024x576.jpg\" alt=\"\" class=\"wp-image-64\" srcset=\"https:\/\/naturales.ues.edu.sv\/biologia\/wp-content\/uploads\/sites\/22\/2023\/12\/DSC09191-1024x576.jpg 1024w, https:\/\/naturales.ues.edu.sv\/biologia\/wp-content\/uploads\/sites\/22\/2023\/12\/DSC09191-300x169.jpg 300w, https:\/\/naturales.ues.edu.sv\/biologia\/wp-content\/uploads\/sites\/22\/2023\/12\/DSC09191-768x432.jpg 768w, https:\/\/naturales.ues.edu.sv\/biologia\/wp-content\/uploads\/sites\/22\/2023\/12\/DSC09191-1536x864.jpg 1536w, https:\/\/naturales.ues.edu.sv\/biologia\/wp-content\/uploads\/sites\/22\/2023\/12\/DSC09191-2048x1152.jpg 2048w\" sizes=\"(max-width: 1024px) 100vw, 1024px\" \/><\/figure>\n<\/div>\n\n\n\n<div class=\"wp-block-cb-slide\">\n<figure class=\"wp-block-image size-large\"><img decoding=\"async\" width=\"1024\" height=\"576\" src=\"https:\/\/www.cimat.ues.edu.sv\/biologia\/wp-content\/uploads\/sites\/22\/2023\/12\/DSC09205-1024x576.jpg\" alt=\"\" class=\"wp-image-65\" srcset=\"https:\/\/naturales.ues.edu.sv\/biologia\/wp-content\/uploads\/sites\/22\/2023\/12\/DSC09205-1024x576.jpg 1024w, https:\/\/naturales.ues.edu.sv\/biologia\/wp-content\/uploads\/sites\/22\/2023\/12\/DSC09205-300x169.jpg 300w, https:\/\/naturales.ues.edu.sv\/biologia\/wp-content\/uploads\/sites\/22\/2023\/12\/DSC09205-768x432.jpg 768w, https:\/\/naturales.ues.edu.sv\/biologia\/wp-content\/uploads\/sites\/22\/2023\/12\/DSC09205-1536x864.jpg 1536w, https:\/\/naturales.ues.edu.sv\/biologia\/wp-content\/uploads\/sites\/22\/2023\/12\/DSC09205-2048x1152.jpg 2048w\" sizes=\"(max-width: 1024px) 100vw, 1024px\" \/><\/figure>\n<\/div>\n\n\n\n<div class=\"wp-block-cb-slide\">\n<figure class=\"wp-block-image size-large\"><img decoding=\"async\" width=\"1024\" height=\"576\" src=\"https:\/\/www.cimat.ues.edu.sv\/biologia\/wp-content\/uploads\/sites\/22\/2023\/12\/DSC09207-1024x576.jpg\" alt=\"\" class=\"wp-image-66\" srcset=\"https:\/\/naturales.ues.edu.sv\/biologia\/wp-content\/uploads\/sites\/22\/2023\/12\/DSC09207-1024x576.jpg 1024w, https:\/\/naturales.ues.edu.sv\/biologia\/wp-content\/uploads\/sites\/22\/2023\/12\/DSC09207-300x169.jpg 300w, https:\/\/naturales.ues.edu.sv\/biologia\/wp-content\/uploads\/sites\/22\/2023\/12\/DSC09207-768x432.jpg 768w, https:\/\/naturales.ues.edu.sv\/biologia\/wp-content\/uploads\/sites\/22\/2023\/12\/DSC09207-1536x864.jpg 1536w, https:\/\/naturales.ues.edu.sv\/biologia\/wp-content\/uploads\/sites\/22\/2023\/12\/DSC09207-2048x1152.jpg 2048w\" sizes=\"(max-width: 1024px) 100vw, 1024px\" \/><\/figure>\n<\/div>\n\n\n\n<div class=\"wp-block-cb-slide\">\n<figure class=\"wp-block-image size-large\"><img loading=\"lazy\" decoding=\"async\" width=\"1024\" height=\"576\" src=\"https:\/\/www.cimat.ues.edu.sv\/biologia\/wp-content\/uploads\/sites\/22\/2023\/12\/DSC09237-1024x576.jpg\" alt=\"\" class=\"wp-image-67\" srcset=\"https:\/\/naturales.ues.edu.sv\/biologia\/wp-content\/uploads\/sites\/22\/2023\/12\/DSC09237-1024x576.jpg 1024w, https:\/\/naturales.ues.edu.sv\/biologia\/wp-content\/uploads\/sites\/22\/2023\/12\/DSC09237-300x169.jpg 300w, https:\/\/naturales.ues.edu.sv\/biologia\/wp-content\/uploads\/sites\/22\/2023\/12\/DSC09237-768x432.jpg 768w, https:\/\/naturales.ues.edu.sv\/biologia\/wp-content\/uploads\/sites\/22\/2023\/12\/DSC09237-1536x864.jpg 1536w, https:\/\/naturales.ues.edu.sv\/biologia\/wp-content\/uploads\/sites\/22\/2023\/12\/DSC09237-2048x1152.jpg 2048w\" sizes=\"(max-width: 1024px) 100vw, 1024px\" \/><\/figure>\n<\/div>\n\n\n\n<div class=\"wp-block-cb-slide\">\n<figure class=\"wp-block-image size-large\"><img loading=\"lazy\" decoding=\"async\" width=\"1024\" height=\"576\" src=\"https:\/\/www.cimat.ues.edu.sv\/biologia\/wp-content\/uploads\/sites\/22\/2023\/12\/DSC09259-1024x576.jpg\" alt=\"\" class=\"wp-image-68\" srcset=\"https:\/\/naturales.ues.edu.sv\/biologia\/wp-content\/uploads\/sites\/22\/2023\/12\/DSC09259-1024x576.jpg 1024w, https:\/\/naturales.ues.edu.sv\/biologia\/wp-content\/uploads\/sites\/22\/2023\/12\/DSC09259-300x169.jpg 300w, https:\/\/naturales.ues.edu.sv\/biologia\/wp-content\/uploads\/sites\/22\/2023\/12\/DSC09259-768x432.jpg 768w, https:\/\/naturales.ues.edu.sv\/biologia\/wp-content\/uploads\/sites\/22\/2023\/12\/DSC09259-1536x864.jpg 1536w, https:\/\/naturales.ues.edu.sv\/biologia\/wp-content\/uploads\/sites\/22\/2023\/12\/DSC09259-2048x1152.jpg 2048w\" sizes=\"(max-width: 1024px) 100vw, 1024px\" \/><\/figure>\n<\/div>\n\n\n\n<div class=\"wp-block-cb-slide\">\n<figure class=\"wp-block-image size-large\"><img loading=\"lazy\" decoding=\"async\" width=\"1024\" height=\"576\" src=\"https:\/\/www.cimat.ues.edu.sv\/biologia\/wp-content\/uploads\/sites\/22\/2023\/12\/DSC09273-1024x576.jpg\" alt=\"\" class=\"wp-image-69\" srcset=\"https:\/\/naturales.ues.edu.sv\/biologia\/wp-content\/uploads\/sites\/22\/2023\/12\/DSC09273-1024x576.jpg 1024w, https:\/\/naturales.ues.edu.sv\/biologia\/wp-content\/uploads\/sites\/22\/2023\/12\/DSC09273-300x169.jpg 300w, https:\/\/naturales.ues.edu.sv\/biologia\/wp-content\/uploads\/sites\/22\/2023\/12\/DSC09273-768x432.jpg 768w, https:\/\/naturales.ues.edu.sv\/biologia\/wp-content\/uploads\/sites\/22\/2023\/12\/DSC09273-1536x864.jpg 1536w, https:\/\/naturales.ues.edu.sv\/biologia\/wp-content\/uploads\/sites\/22\/2023\/12\/DSC09273-2048x1152.jpg 2048w\" sizes=\"(max-width: 1024px) 100vw, 1024px\" \/><\/figure>\n<\/div>\n\n\n\n<div class=\"wp-block-cb-slide\">\n<figure class=\"wp-block-image size-large\"><img loading=\"lazy\" decoding=\"async\" width=\"1024\" height=\"576\" src=\"https:\/\/www.cimat.ues.edu.sv\/biologia\/wp-content\/uploads\/sites\/22\/2023\/12\/DSC09278-1024x576.jpg\" alt=\"\" class=\"wp-image-70\" srcset=\"https:\/\/naturales.ues.edu.sv\/biologia\/wp-content\/uploads\/sites\/22\/2023\/12\/DSC09278-1024x576.jpg 1024w, https:\/\/naturales.ues.edu.sv\/biologia\/wp-content\/uploads\/sites\/22\/2023\/12\/DSC09278-300x169.jpg 300w, https:\/\/naturales.ues.edu.sv\/biologia\/wp-content\/uploads\/sites\/22\/2023\/12\/DSC09278-768x432.jpg 768w, https:\/\/naturales.ues.edu.sv\/biologia\/wp-content\/uploads\/sites\/22\/2023\/12\/DSC09278-1536x864.jpg 1536w, https:\/\/naturales.ues.edu.sv\/biologia\/wp-content\/uploads\/sites\/22\/2023\/12\/DSC09278-2048x1152.jpg 2048w\" sizes=\"(max-width: 1024px) 100vw, 1024px\" \/><\/figure>\n<\/div>\n\n\n\n<div class=\"wp-block-cb-slide\">\n<figure class=\"wp-block-image size-large\"><img loading=\"lazy\" decoding=\"async\" width=\"1024\" height=\"576\" src=\"https:\/\/www.cimat.ues.edu.sv\/biologia\/wp-content\/uploads\/sites\/22\/2023\/12\/DSC09287-1024x576.jpg\" alt=\"\" class=\"wp-image-71\" srcset=\"https:\/\/naturales.ues.edu.sv\/biologia\/wp-content\/uploads\/sites\/22\/2023\/12\/DSC09287-1024x576.jpg 1024w, https:\/\/naturales.ues.edu.sv\/biologia\/wp-content\/uploads\/sites\/22\/2023\/12\/DSC09287-300x169.jpg 300w, https:\/\/naturales.ues.edu.sv\/biologia\/wp-content\/uploads\/sites\/22\/2023\/12\/DSC09287-768x432.jpg 768w, https:\/\/naturales.ues.edu.sv\/biologia\/wp-content\/uploads\/sites\/22\/2023\/12\/DSC09287-1536x864.jpg 1536w, https:\/\/naturales.ues.edu.sv\/biologia\/wp-content\/uploads\/sites\/22\/2023\/12\/DSC09287-2048x1152.jpg 2048w\" sizes=\"(max-width: 1024px) 100vw, 1024px\" \/><\/figure>\n<\/div>\n\n\n\n<div class=\"wp-block-cb-slide\">\n<figure class=\"wp-block-image size-large\"><img loading=\"lazy\" decoding=\"async\" width=\"1024\" height=\"683\" src=\"https:\/\/www.cimat.ues.edu.sv\/biologia\/wp-content\/uploads\/sites\/22\/2023\/12\/IMG_5927-1024x683.jpg\" alt=\"\" class=\"wp-image-72\" srcset=\"https:\/\/naturales.ues.edu.sv\/biologia\/wp-content\/uploads\/sites\/22\/2023\/12\/IMG_5927-1024x683.jpg 1024w, https:\/\/naturales.ues.edu.sv\/biologia\/wp-content\/uploads\/sites\/22\/2023\/12\/IMG_5927-300x200.jpg 300w, https:\/\/naturales.ues.edu.sv\/biologia\/wp-content\/uploads\/sites\/22\/2023\/12\/IMG_5927-768x512.jpg 768w, https:\/\/naturales.ues.edu.sv\/biologia\/wp-content\/uploads\/sites\/22\/2023\/12\/IMG_5927-1536x1024.jpg 1536w, https:\/\/naturales.ues.edu.sv\/biologia\/wp-content\/uploads\/sites\/22\/2023\/12\/IMG_5927-2048x1365.jpg 2048w\" sizes=\"(max-width: 1024px) 100vw, 1024px\" \/><\/figure>\n<\/div>\n\n\n\n<div class=\"wp-block-cb-slide\">\n<figure class=\"wp-block-image size-large\"><img loading=\"lazy\" decoding=\"async\" width=\"1024\" height=\"683\" src=\"https:\/\/www.cimat.ues.edu.sv\/biologia\/wp-content\/uploads\/sites\/22\/2023\/12\/IMG_5930-1024x683.jpg\" alt=\"\" class=\"wp-image-73\" srcset=\"https:\/\/naturales.ues.edu.sv\/biologia\/wp-content\/uploads\/sites\/22\/2023\/12\/IMG_5930-1024x683.jpg 1024w, https:\/\/naturales.ues.edu.sv\/biologia\/wp-content\/uploads\/sites\/22\/2023\/12\/IMG_5930-300x200.jpg 300w, https:\/\/naturales.ues.edu.sv\/biologia\/wp-content\/uploads\/sites\/22\/2023\/12\/IMG_5930-768x512.jpg 768w, https:\/\/naturales.ues.edu.sv\/biologia\/wp-content\/uploads\/sites\/22\/2023\/12\/IMG_5930-1536x1024.jpg 1536w, https:\/\/naturales.ues.edu.sv\/biologia\/wp-content\/uploads\/sites\/22\/2023\/12\/IMG_5930-2048x1365.jpg 2048w\" sizes=\"(max-width: 1024px) 100vw, 1024px\" \/><\/figure>\n<\/div>\n\n\n\n<div class=\"wp-block-cb-slide\">\n<figure class=\"wp-block-image size-large\"><img loading=\"lazy\" decoding=\"async\" width=\"1024\" height=\"683\" src=\"https:\/\/www.cimat.ues.edu.sv\/biologia\/wp-content\/uploads\/sites\/22\/2023\/12\/IMG_5956-1024x683.jpg\" alt=\"\" class=\"wp-image-74\" srcset=\"https:\/\/naturales.ues.edu.sv\/biologia\/wp-content\/uploads\/sites\/22\/2023\/12\/IMG_5956-1024x683.jpg 1024w, https:\/\/naturales.ues.edu.sv\/biologia\/wp-content\/uploads\/sites\/22\/2023\/12\/IMG_5956-300x200.jpg 300w, https:\/\/naturales.ues.edu.sv\/biologia\/wp-content\/uploads\/sites\/22\/2023\/12\/IMG_5956-768x512.jpg 768w, https:\/\/naturales.ues.edu.sv\/biologia\/wp-content\/uploads\/sites\/22\/2023\/12\/IMG_5956-1536x1024.jpg 1536w, https:\/\/naturales.ues.edu.sv\/biologia\/wp-content\/uploads\/sites\/22\/2023\/12\/IMG_5956-2048x1365.jpg 2048w\" sizes=\"(max-width: 1024px) 100vw, 1024px\" \/><\/figure>\n<\/div>\n\n\n\n<div class=\"wp-block-cb-slide\">\n<figure class=\"wp-block-image size-large\"><img loading=\"lazy\" decoding=\"async\" width=\"1024\" height=\"683\" src=\"https:\/\/www.cimat.ues.edu.sv\/biologia\/wp-content\/uploads\/sites\/22\/2023\/12\/IMG_6022-1024x683.jpg\" alt=\"\" class=\"wp-image-75\" srcset=\"https:\/\/naturales.ues.edu.sv\/biologia\/wp-content\/uploads\/sites\/22\/2023\/12\/IMG_6022-1024x683.jpg 1024w, https:\/\/naturales.ues.edu.sv\/biologia\/wp-content\/uploads\/sites\/22\/2023\/12\/IMG_6022-300x200.jpg 300w, https:\/\/naturales.ues.edu.sv\/biologia\/wp-content\/uploads\/sites\/22\/2023\/12\/IMG_6022-768x512.jpg 768w, https:\/\/naturales.ues.edu.sv\/biologia\/wp-content\/uploads\/sites\/22\/2023\/12\/IMG_6022-1536x1024.jpg 1536w, https:\/\/naturales.ues.edu.sv\/biologia\/wp-content\/uploads\/sites\/22\/2023\/12\/IMG_6022-2048x1365.jpg 2048w\" sizes=\"(max-width: 1024px) 100vw, 1024px\" \/><\/figure>\n<\/div>\n<\/div>\n","protected":false},"excerpt":{"rendered":"<p>La Facultad de Ciencias Naturales y Matem\u00e1tica realiza este el primer simposio de herpetolog\u00eda coordinado por la Direcci\u00f3n de la Escuela de Biolog\u00eda, el cual tiene como objetivo exponer el estado de conocimiento de la herpetofauna en El Salvador, adem\u00e1s de comprender la importancia del registro de nuevas especies en el pa\u00eds e implementar la [&hellip;]<\/p>\n","protected":false},"author":6,"featured_media":0,"parent":0,"menu_order":0,"comment_status":"closed","ping_status":"closed","template":"","meta":{"footnotes":""},"class_list":["post-59","page","type-page","status-publish","hentry"],"_links":{"self":[{"href":"https:\/\/naturales.ues.edu.sv\/biologia\/wp-json\/wp\/v2\/pages\/59","targetHints":{"allow":["GET"]}}],"collection":[{"href":"https:\/\/naturales.ues.edu.sv\/biologia\/wp-json\/wp\/v2\/pages"}],"about":[{"href":"https:\/\/naturales.ues.edu.sv\/biologia\/wp-json\/wp\/v2\/types\/page"}],"author":[{"embeddable":true,"href":"https:\/\/naturales.ues.edu.sv\/biologia\/wp-json\/wp\/v2\/users\/6"}],"replies":[{"embeddable":true,"href":"https:\/\/naturales.ues.edu.sv\/biologia\/wp-json\/wp\/v2\/comments?post=59"}],"version-history":[{"count":2,"href":"https:\/\/naturales.ues.edu.sv\/biologia\/wp-json\/wp\/v2\/pages\/59\/revisions"}],"predecessor-version":[{"id":76,"href":"https:\/\/naturales.ues.edu.sv\/biologia\/wp-json\/wp\/v2\/pages\/59\/revisions\/76"}],"wp:attachment":[{"href":"https:\/\/naturales.ues.edu.sv\/biologia\/wp-json\/wp\/v2\/media?parent=59"}],"curies":[{"name":"wp","href":"https:\/\/api.w.org\/{rel}","templated":true}]}}