{"id":39,"date":"2024-10-31T21:10:14","date_gmt":"2024-10-31T20:10:14","guid":{"rendered":"https:\/\/naturales.ues.edu.sv\/coloquiomatesv2024\/?page_id=39"},"modified":"2024-11-08T22:59:38","modified_gmt":"2024-11-08T21:59:38","slug":"registro","status":"publish","type":"page","link":"https:\/\/naturales.ues.edu.sv\/coloquiomatesv2024\/registro\/","title":{"rendered":"Registro"},"content":{"rendered":"\n<p>Realizar su registro en el \u00e1rea que desea participar. Por favor solo completar uno de los formularios.<\/p>\n\n\n\n<p class=\"has-text-color has-link-color wp-elements-7265058ef70ecc4dea1e06742c9b19e7\" style=\"color:#dd9a35\"><strong>\u00c1lgebra&nbsp; &#8211;&nbsp; An\u00e1lisis:<\/strong>&nbsp;<a href=\"https:\/\/forms.gle\/HeQMK5MkCtfpUnLY7\">https:\/\/forms.gle\/HeQMK5MkCtfpUnLY7<\/a><\/p>\n\n\n\n<p class=\"has-text-color has-link-color wp-elements-c355b51ed830c794544fa6148a3ad540\" style=\"color:#dd9a35\"><strong>Formaci\u00f3n continua para docentes de matem\u00e1tica:<\/strong> <a href=\"https:\/\/acortar.link\/1U6wxU\">https:\/\/acortar.link\/1U6wxU<\/a><\/p>\n\n\n\n<p class=\"has-text-align-center has-medium-font-size\"><strong>Recuerde que las actividades son presenciales<\/strong><\/p>\n\n\n\n<p class=\"has-text-align-center\">Fecha l\u00edmite de inscripci\u00f3n 30 de noviembre. <\/p>\n\n\n\n<p class=\"has-text-align-center\">Los aceptados ser\u00e1n notificados el 5 de diciembre.<br><strong>Cupo limitado<\/strong><br><\/p>\n","protected":false},"excerpt":{"rendered":"<p>Realizar su registro en el \u00e1rea que desea participar. Por favor solo completar uno de los formularios. \u00c1lgebra&nbsp; &#8211;&nbsp; An\u00e1lisis:&nbsp;https:\/\/forms.gle\/HeQMK5MkCtfpUnLY7 Formaci\u00f3n continua [&hellip;]<\/p>\n","protected":false},"author":4,"featured_media":0,"parent":0,"menu_order":0,"comment_status":"closed","ping_status":"closed","template":"","meta":{"footnotes":""},"class_list":["post-39","page","type-page","status-publish","hentry"],"_links":{"self":[{"href":"https:\/\/naturales.ues.edu.sv\/coloquiomatesv2024\/wp-json\/wp\/v2\/pages\/39","targetHints":{"allow":["GET"]}}],"collection":[{"href":"https:\/\/naturales.ues.edu.sv\/coloquiomatesv2024\/wp-json\/wp\/v2\/pages"}],"about":[{"href":"https:\/\/naturales.ues.edu.sv\/coloquiomatesv2024\/wp-json\/wp\/v2\/types\/page"}],"author":[{"embeddable":true,"href":"https:\/\/naturales.ues.edu.sv\/coloquiomatesv2024\/wp-json\/wp\/v2\/users\/4"}],"replies":[{"embeddable":true,"href":"https:\/\/naturales.ues.edu.sv\/coloquiomatesv2024\/wp-json\/wp\/v2\/comments?post=39"}],"version-history":[{"count":9,"href":"https:\/\/naturales.ues.edu.sv\/coloquiomatesv2024\/wp-json\/wp\/v2\/pages\/39\/revisions"}],"predecessor-version":[{"id":168,"href":"https:\/\/naturales.ues.edu.sv\/coloquiomatesv2024\/wp-json\/wp\/v2\/pages\/39\/revisions\/168"}],"wp:attachment":[{"href":"https:\/\/naturales.ues.edu.sv\/coloquiomatesv2024\/wp-json\/wp\/v2\/media?parent=39"}],"curies":[{"name":"wp","href":"https:\/\/api.w.org\/{rel}","templated":true}]}}