{"id":76,"date":"2024-11-07T18:17:25","date_gmt":"2024-11-07T17:17:25","guid":{"rendered":"https:\/\/naturales.ues.edu.sv\/coloquiomatesv2024\/?page_id=76"},"modified":"2024-11-27T16:16:29","modified_gmt":"2024-11-27T15:16:29","slug":"conferencias","status":"publish","type":"page","link":"https:\/\/naturales.ues.edu.sv\/coloquiomatesv2024\/conferencias\/","title":{"rendered":"Conferencias"},"content":{"rendered":"\n<figure class=\"wp-block-image size-full is-resized\"><img fetchpriority=\"high\" decoding=\"async\" width=\"3626\" height=\"5407\" src=\"https:\/\/naturales.ues.edu.sv\/coloquiomatesv2024\/wp-content\/uploads\/sites\/30\/2024\/11\/7414074-01.png\" alt=\"\" class=\"wp-image-195\" style=\"width:902px;height:auto\" \/><\/figure>\n\n\n\n<p class=\"has-text-color has-link-color has-medium-font-size wp-elements-d0027ca4675cecfdf21d18d2107fbfbf\" style=\"color:#dd9a35\"><strong>Conferencia 1: Uso de trazos para resolver problemas de geometr\u00eda<\/strong><\/p>\n\n\n\n<p><strong>Imparte:\u00a0M. Sc. Jos\u00e9 Antonio G\u00f3mez Ortega.<\/strong><\/p>\n\n\n\n<p><strong>Instituci\u00f3n:\u00a0<\/strong>\u00a0Facultad de Ciencias, UNAM<\/p>\n\n\n\n<p><strong>Resumen:<\/strong> Hay varias dificultades para enfrentar y resolver problemas de geometr\u00eda. Entender el problema y hacer un dibujo de lo que se pide es un primer paso, arreglar adecuadamente el dibujo y\/o hacer trazos auxiliares es un segundo nivel para avanzar en la soluci\u00f3n; este es el punto central de la pl\u00e1tica, en la cual nos ayudaremos de varios ejemplos.<\/p>\n\n\n\n<p><\/p>\n\n\n\n<p class=\"has-text-color has-link-color has-medium-font-size wp-elements-331e0dfee41cdd4b2b8861c3e4ffa4d7\" style=\"color:#dd9a35\"><strong>Conferencia 2: Fractales: Belleza y Complejidad Infinita.<\/strong><\/p>\n\n\n\n<p><strong>Imparte:&nbsp;<\/strong>Lic. Oscar de Jes\u00fas \u00c1guila Ch\u00e1vez.<\/p>\n\n\n\n<p><strong>Instituci\u00f3n:&nbsp;&nbsp;<\/strong>Asociaci\u00f3n de Matem\u00e1ticos de El Salvador.<\/p>\n\n\n\n<p><strong>Resumen:<\/strong> Los fractales matem\u00e1ticos son fascinantes estructuras geom\u00e9tricas que se repiten a diferentes escalas. Combinan belleza visual con profundos conceptos matem\u00e1ticos. Su estudio ha revolucionado campos como la f\u00edsica, la biolog\u00eda y el arte digital.<\/p>\n\n\n\n<p>Los fractales describen formas naturales como nubes, monta\u00f1as y costas con precisi\u00f3n matem\u00e1tica adem\u00e1s de ser fundamentales para entender sistemas ca\u00f3ticos y fen\u00f3menos no lineales en f\u00edsica, as\u00ed como matem\u00e1tica y permiten comprimir im\u00e1genes y datos de manera eficiente, revolucionando la tecnolog\u00eda de la informaci\u00f3n.<\/p>\n\n\n\n<p class=\"has-text-color has-link-color has-medium-font-size wp-elements-e77aff8af1ddbc1234ab67d708309c20\" style=\"color:#dd9a35\"><strong>Conferencia 3: Funciones hiperb\u00f3licas.<\/strong><\/p>\n\n\n\n<p><strong>Imparte:&nbsp;<\/strong>Mtro. Mynor Ademar Melara Estrada.<\/p>\n\n\n\n<p><strong>Instituci\u00f3n:&nbsp;&nbsp;<\/strong>Escuela de Matem\u00e1tica, Universidad de El Salvador.<\/p>\n\n\n\n<p><strong>Resumen:<\/strong> Siendo en parte an\u00e1logas a las funciones trigonom\u00e9tricas, las funciones hiperb\u00f3licas no suelen ser estudiadas en los cursos elementales de matem\u00e1tica o al menos no con una profundidad considerable. Esto se debe tal vez a que la atenci\u00f3n se centra en el estudio de la funci\u00f3n exponencial, a partir de la cual son de hecho definidas las funciones coseno hiperb\u00f3lico y seno hiperb\u00f3lico. Sin embargo, la importancia de estas funciones va m\u00e1s all\u00e1 de ser una notaci\u00f3n especial para una combinaci\u00f3n de t\u00e9rminos exponenciales, siendo precisamente la analog\u00eda con las funciones trigonom\u00e9tricas una primera raz\u00f3n para esta afirmaci\u00f3n. Analog\u00eda que se remarca tambi\u00e9n con sus definiciones en el plano complejo.<\/p>\n\n\n\n<p>Con esto en cuenta, se propone realizar una charla de 50 minutos, orientada a un estudio comparativo de car\u00e1cter geom\u00e9trico de las funciones trigonom\u00e9tricas y las funciones hiperb\u00f3licas, para luego exponer algunas aplicaciones, incluyendo posiblemente su utilidad en geometr\u00edas no Eucl\u00eddeas como la geometr\u00eda de Lorentz. Por ejemplo, comparar el papel que juegan las funciones trigonom\u00e9tricas en las rotaciones del plano Euclidiano con el papel de las funciones hiperb\u00f3licas en las transformaciones an\u00e1logas del plano de Loretz-Minkowski.<\/p>\n\n\n\n<p><\/p>\n\n\n\n<p class=\"has-text-color has-link-color has-medium-font-size wp-elements-2da8afed9831d1173e9fb0e6279cf226\" style=\"color:#dd9a35\"><strong>Conferencia 4: Resoluci\u00f3n de problemas matem\u00e1ticos en estudiantes de educaci\u00f3n media. &#8211; Un diagn\u00f3stico a la formaci\u00f3n docente en el desarrollo de competencias.<\/strong><\/p>\n\n\n\n<p><strong>Imparte:\u00a0<\/strong>Mtra. Jessica Liset Mart\u00ednez de \u00c1guila<\/p>\n\n\n\n<p><strong>Instituci\u00f3n:\u00a0<\/strong>\u00a0Ministerio de Educaci\u00f3n, Ciencia y Tecnolog\u00eda.<\/p>\n\n\n\n<p><strong>Resumen:<\/strong> <\/p>\n\n\n\n<p><\/p>\n\n\n\n<p class=\"has-text-color has-link-color has-medium-font-size wp-elements-418969b18cc713a83efc54512ceeb1a5\" style=\"color:#dd9a35\"><strong>Conferencia 5: Uso de GeoGebra en construcciones elementales en Geometr\u00eda Hiperb\u00f3lica.<\/strong><\/p>\n\n\n\n<p><strong>Imparte:\u00a0<\/strong>Lic. Ernesto Am\u00e9rico Hidalgo Castellanos.<\/p>\n\n\n\n<p><strong>Instituci\u00f3n:\u00a0<\/strong>\u00a0Escuela de Matem\u00e1tica, Universidad de El Salvador.<\/p>\n\n\n\n<p><strong>Resumen:<\/strong> Se har\u00e1 una introducci\u00f3n a las construcciones elementales de la Geometr\u00eda Hiperb\u00f3lica a partir de la Geometr\u00eda Euclidiana, enfatizando la importancia de la reflexi\u00f3n respecto a una circunferencia o inversi\u00f3n para este fin.<\/p>\n\n\n\n<p class=\"has-text-color has-link-color has-medium-font-size wp-elements-8d8a886bca99f6bf9c7ce5dd23308495\" style=\"color:#dd9a35\"><strong>Conferencia 6: Modelos predictivos de series temporales y su aplicaci\u00f3n en la demanda de energ\u00eda el\u00e9ctrica.<\/strong><\/p>\n\n\n\n<p><strong>Imparte:&nbsp;<\/strong>Dr. Jos\u00e9 Nerys Funes Torres.<\/p>\n\n\n\n<p><strong>Instituci\u00f3n:&nbsp;&nbsp;<\/strong>Escuela de Matem\u00e1tica, Universidad de El Salvador.<\/p>\n\n\n\n<p><strong>Resumen:<\/strong> Se presentan los modelos univariantes de series temporales empleados para analizar la evoluci\u00f3n hist\u00f3rica de una variable a lo largo del tiempo y predecir sus valores futuros. Entre estos modelos se encuentran los Autorregresivos, de Medias M\u00f3viles y ARIMA.<\/p>\n\n\n\n<p>Luego, se ilustra c\u00f3mo se realizan los despachos de energ\u00eda el\u00e9ctrica a medida que surge la demanda, para lo cual es fundamental contar con pron\u00f3sticos precisos de la demanda el\u00e9ctrica. Estos pron\u00f3sticos permiten desarrollar programas de operaci\u00f3n que optimizan el uso de los recursos de las unidades generadoras de energ\u00eda de manera eficaz y eficiente, en horizontes de tiempo semanal, diarios y horarios. Para realizar dichos pron\u00f3sticos, se requiere determinar un modelo de series temporales (ARIMA) que proyecta con precisi\u00f3n el comportamiento de la demanda de energ\u00eda el\u00e9ctrica a mediano plazo en El Salvador. Para el ajuste del modelo se utiliza una serie de datos reales con periodicidad diaria de la demanda de energ\u00eda el\u00e9ctrica.<\/p>\n\n\n\n<p><\/p>\n\n\n\n<p><\/p>\n\n\n\n<p class=\"has-text-color has-link-color has-medium-font-size wp-elements-8fc5012b2cfb7d093e0ab491600f2ddf\" style=\"color:#dd9a35\"><strong>Conferencia 7: Puentes entre el lenguaje natural y el algebraico.<\/strong><\/p>\n\n\n\n<p><strong>Imparte:\u00a0<\/strong>Mtra. Mar\u00eda Cecilia Mart\u00ednez Reyes<\/p>\n\n\n\n<p><strong>Instituci\u00f3n:\u00a0<\/strong>\u00a0Universidad Aut\u00f3noma de Zacatecas &#8211; Universidad de El Salvador.<\/p>\n\n\n\n<p><strong>Resumen:<\/strong> Este taller se centra en la traducci\u00f3n entre el lenguaje natural y el algebraico, presentando estrategias did\u00e1cticas para abordar los principales retos que surgen en el aula al ense\u00f1ar esta tem\u00e1tica. Se explorar\u00e1n enfoques pr\u00e1cticos que buscan favorecer el proceso de ense\u00f1anza-aprendizaje de los conceptos algebraicos.<\/p>\n\n\n\n<p><\/p>\n\n\n\n<p><\/p>\n\n\n\n<p class=\"has-text-color has-link-color has-medium-font-size wp-elements-d3831d3a7a20e44b5a9930918f30c9bd\" style=\"color:#dd9a35\"><strong>Conferencia 8: Sobre una representaci\u00f3n geom\u00e9trica de los n\u00fameros racionales.<\/strong><\/p>\n\n\n\n<p><strong>Imparte:&nbsp;<\/strong>Dr. Yoceman Adony Sifontes Rivas.<\/p>\n\n\n\n<p><strong>Instituci\u00f3n:&nbsp;&nbsp;<\/strong>Universidad Centroamericana Jos\u00e9 Sime\u00f3n Ca\u00f1as.<\/p>\n\n\n\n<figure class=\"wp-block-image size-full\"><img decoding=\"async\" width=\"736\" height=\"154\" src=\"https:\/\/naturales.ues.edu.sv\/coloquiomatesv2024\/wp-content\/uploads\/sites\/30\/2024\/11\/imagen_2024-11-27_091558125.png\" alt=\"\" class=\"wp-image-234\" \/><\/figure>\n\n\n\n<p><br><\/p>\n\n\n\n<p class=\"has-text-color has-link-color has-medium-font-size wp-elements-d6596aaee1f0f87f662fa78bb3e2fb9d\" style=\"color:#dd9a35\"><strong>Conferencia 9: La factorizaci\u00f3n de la serie del seno.<\/strong><\/p>\n\n\n\n<p><strong>Imparte:&nbsp;<\/strong>Ing. Carlos Mauricio Canjura Linares.<\/p>\n\n\n\n<p><strong>Instituci\u00f3n:&nbsp;&nbsp;<\/strong>Asociaci\u00f3n de Matem\u00e1ticos de El Salvador.<\/p>\n\n\n\n<p><strong>Resumen:<\/strong> Se trabajar\u00e1 con la serie del seno de un n\u00famero real y su factorizaci\u00f3n infinita en la versi\u00f3n de Euler y se deducir\u00e1n, a partir de la ella, series asociadas al valor del n\u00famero \u03c0<em>.<\/em><\/p>\n","protected":false},"excerpt":{"rendered":"<p>Conferencia 1: Uso de trazos para resolver problemas de geometr\u00eda Imparte:\u00a0M. Sc. Jos\u00e9 Antonio G\u00f3mez Ortega. Instituci\u00f3n:\u00a0\u00a0Facultad de Ciencias, UNAM Resumen: Hay [&hellip;]<\/p>\n","protected":false},"author":4,"featured_media":0,"parent":0,"menu_order":0,"comment_status":"closed","ping_status":"closed","template":"","meta":{"footnotes":""},"class_list":["post-76","page","type-page","status-publish","hentry"],"_links":{"self":[{"href":"https:\/\/naturales.ues.edu.sv\/coloquiomatesv2024\/wp-json\/wp\/v2\/pages\/76","targetHints":{"allow":["GET"]}}],"collection":[{"href":"https:\/\/naturales.ues.edu.sv\/coloquiomatesv2024\/wp-json\/wp\/v2\/pages"}],"about":[{"href":"https:\/\/naturales.ues.edu.sv\/coloquiomatesv2024\/wp-json\/wp\/v2\/types\/page"}],"author":[{"embeddable":true,"href":"https:\/\/naturales.ues.edu.sv\/coloquiomatesv2024\/wp-json\/wp\/v2\/users\/4"}],"replies":[{"embeddable":true,"href":"https:\/\/naturales.ues.edu.sv\/coloquiomatesv2024\/wp-json\/wp\/v2\/comments?post=76"}],"version-history":[{"count":12,"href":"https:\/\/naturales.ues.edu.sv\/coloquiomatesv2024\/wp-json\/wp\/v2\/pages\/76\/revisions"}],"predecessor-version":[{"id":235,"href":"https:\/\/naturales.ues.edu.sv\/coloquiomatesv2024\/wp-json\/wp\/v2\/pages\/76\/revisions\/235"}],"wp:attachment":[{"href":"https:\/\/naturales.ues.edu.sv\/coloquiomatesv2024\/wp-json\/wp\/v2\/media?parent=76"}],"curies":[{"name":"wp","href":"https:\/\/api.w.org\/{rel}","templated":true}]}}