{"id":8,"date":"2024-10-31T20:34:28","date_gmt":"2024-10-31T19:34:28","guid":{"rendered":"https:\/\/naturales.ues.edu.sv\/coloquiomatesv2024\/?page_id=8"},"modified":"2024-11-26T21:28:35","modified_gmt":"2024-11-26T20:28:35","slug":"introduccion","status":"publish","type":"page","link":"https:\/\/naturales.ues.edu.sv\/coloquiomatesv2024\/","title":{"rendered":"Primer Coloquio Salvadore\u00f1o de Matem\u00e1tica"},"content":{"rendered":"\n<figure class=\"wp-block-image size-full is-resized\"><img fetchpriority=\"high\" decoding=\"async\" width=\"2550\" height=\"3300\" src=\"https:\/\/naturales.ues.edu.sv\/coloquiomatesv2024\/wp-content\/uploads\/sites\/30\/2024\/11\/Poster-1er-Coloquio-Salvadoreno-de-Matematica-2024_Mesa-de-trabajo-1-1.png\" alt=\"\" class=\"wp-image-225\" style=\"width:433px;height:auto\" \/><\/figure>\n\n\n\n<p class=\"has-text-align-left has-medium-font-size\"><strong>Del 10 al 12 de diciembre de 2024<\/strong><\/p>\n\n\n\n<p><strong>Modalidad Presencial<\/strong><\/p>\n\n\n\n<p style=\"font-style:italic;font-weight:400\"><em>La Escuela de Matem\u00e1tica y la Asociaci\u00f3n de Matem\u00e1ticos de El Salvador \u201cAMATES\u201d se han planteado compromisos de trabajo coordinado, buscando generar espacios para el desarrollo conjunto de actividades acad\u00e9micas, culturales, formativas, de proyecci\u00f3n social e investigaci\u00f3n en favor del desarrollo de la matem\u00e1tica en el pa\u00eds.<\/em><\/p>\n\n\n\n<p><em>Con el fin de promover la divulgaci\u00f3n del conocimiento matem\u00e1tico, la formaci\u00f3n continua de docentes de matem\u00e1tica e incentivar el intercambio entre los profesionales de Matem\u00e1tica, se ha organizado el \u201cPrimer Coloquio Salvadore\u00f1o de Matem\u00e1tica\u201d.&nbsp; El evento est\u00e1 dirigido a estudiantes y docentes de la Escuela de Matem\u00e1tica, docentes de matem\u00e1tica de Educaci\u00f3n Media y superior tanto del sector p\u00fablico como privado, estudiantes de carreras afines a Matem\u00e1tica o Educaci\u00f3n Matem\u00e1tica de otras Facultades de la Universidad de El Salvador u otras Instituciones de Educaci\u00f3n Superior del pa\u00eds.<\/em><\/p>\n\n\n\n<p><em>El evento tendr\u00e1 dos agendas simult\u00e1neas, una orientada en las \u00e1reas de \u00c1lgebra y An\u00e1lisis, y otra orientada a la formaci\u00f3n continua de docentes de nivel medio y superior. El prop\u00f3sito principal es unificar a los grupos, en principio con intereses diferentes, como la comunidad matem\u00e1tica salvadore\u00f1a y poder trabajar en un mismo proyecto coordinado que permita tener avances significativos tanto en investigaci\u00f3n como en la ense\u00f1anza de la matem\u00e1tica en el pa\u00eds en todos los niveles.<\/em><\/p>\n\n\n\n<p><em>Las actividades se desarrollar\u00e1n &nbsp;de manera presencial, del 10 al 12 de diciembre de 2024 en las instalaciones de la Escuela de Matem\u00e1tica de la Facultad de Ciencias Naturales y Matem\u00e1tica de la Universidad de El Salvador.&nbsp;&nbsp; Entre las actividades a desarrollar se tienen: minicursos, talleres y conferencias.<\/em><\/p>\n\n\n\n<p style=\"font-style:italic;font-weight:400\"><em>Se aspira a que el Coloquio Salvadore\u00f1o de Matem\u00e1tica se vuelva un evento con periodicidad anual con alcance nacional y eventualmente internacional, orientado a promover el quehacer matem\u00e1tico en El Salvador.<\/em><\/p>\n","protected":false},"excerpt":{"rendered":"<p>Del 10 al 12 de diciembre de 2024 Modalidad Presencial La Escuela de Matem\u00e1tica y la Asociaci\u00f3n de Matem\u00e1ticos de El Salvador [&hellip;]<\/p>\n","protected":false},"author":4,"featured_media":0,"parent":0,"menu_order":0,"comment_status":"closed","ping_status":"closed","template":"","meta":{"footnotes":""},"class_list":["post-8","page","type-page","status-publish","hentry"],"_links":{"self":[{"href":"https:\/\/naturales.ues.edu.sv\/coloquiomatesv2024\/wp-json\/wp\/v2\/pages\/8","targetHints":{"allow":["GET"]}}],"collection":[{"href":"https:\/\/naturales.ues.edu.sv\/coloquiomatesv2024\/wp-json\/wp\/v2\/pages"}],"about":[{"href":"https:\/\/naturales.ues.edu.sv\/coloquiomatesv2024\/wp-json\/wp\/v2\/types\/page"}],"author":[{"embeddable":true,"href":"https:\/\/naturales.ues.edu.sv\/coloquiomatesv2024\/wp-json\/wp\/v2\/users\/4"}],"replies":[{"embeddable":true,"href":"https:\/\/naturales.ues.edu.sv\/coloquiomatesv2024\/wp-json\/wp\/v2\/comments?post=8"}],"version-history":[{"count":13,"href":"https:\/\/naturales.ues.edu.sv\/coloquiomatesv2024\/wp-json\/wp\/v2\/pages\/8\/revisions"}],"predecessor-version":[{"id":227,"href":"https:\/\/naturales.ues.edu.sv\/coloquiomatesv2024\/wp-json\/wp\/v2\/pages\/8\/revisions\/227"}],"wp:attachment":[{"href":"https:\/\/naturales.ues.edu.sv\/coloquiomatesv2024\/wp-json\/wp\/v2\/media?parent=8"}],"curies":[{"name":"wp","href":"https:\/\/api.w.org\/{rel}","templated":true}]}}