{"id":9,"date":"2024-10-31T20:34:28","date_gmt":"2024-10-31T19:34:28","guid":{"rendered":"https:\/\/naturales.ues.edu.sv\/coloquiomatesv2024\/?page_id=9"},"modified":"2024-10-31T20:39:08","modified_gmt":"2024-10-31T19:39:08","slug":"objetivos","status":"publish","type":"page","link":"https:\/\/naturales.ues.edu.sv\/coloquiomatesv2024\/objetivos\/","title":{"rendered":"Objetivos"},"content":{"rendered":"\n<p><strong>Objetivos Generales:<\/strong><\/p>\n\n\n\n<ul class=\"wp-block-list\">\n<li>Fomentar el intercambio acad\u00e9mico y profesional entre estudiantes, docentes, investigadores y profesionales interesados en la matem\u00e1tica en El Salvador.\u00a0 A trav\u00e9s de cursos, talleres y conferencias, busca promover el aprendizaje, la investigaci\u00f3n y la colaboraci\u00f3n en diversas \u00e1reas de las matem\u00e1ticas, as\u00ed como difundir los avances m\u00e1s recientes en esta disciplina.<\/li>\n<\/ul>\n\n\n\n<ul class=\"wp-block-list\">\n<li>Contribuir al fortalecimiento del quehacer matem\u00e1tico en El Salvador mediante el desarrollo de cursos, talleres y conferencias dirigidas a docentes, investigadores y estudiantes de Matem\u00e1tica.<\/li>\n<\/ul>\n\n\n\n<p><strong>Objetivos espec\u00edficos:<\/strong><\/p>\n\n\n\n<ul class=\"wp-block-list\">\n<li>Apoyar la formaci\u00f3n de estudiantes del profesorado y la licenciatura en matem\u00e1tica, personal acad\u00e9mico de la Escuela de Matem\u00e1tica y docentes de matem\u00e1tica del sector p\u00fablico y privado en las \u00e1reas de educaci\u00f3n matem\u00e1tica, \u00e1lgebra y an\u00e1lisis.<\/li>\n\n\n\n<li>Apoyar el desarrollo profesional del personal acad\u00e9mico de la Escuela de Matem\u00e1tica mediante eventos de formaci\u00f3n continua y actualizaci\u00f3n que refuercen sus capacidades docentes y de investigaci\u00f3n.<\/li>\n\n\n\n<li>Crear un espacio com\u00fan para poner en contacto a los estudiantes de la licenciatura en Matem\u00e1tica con investigadores y temas avanzados en las \u00e1reas de \u00c1lgebra y An\u00e1lisis.<\/li>\n\n\n\n<li>Colaborar en la formaci\u00f3n continua de docentes de Matem\u00e1tica que trabajan en nivel medio y superior.<\/li>\n\n\n\n<li>Estimular el inter\u00e9s por la investigaci\u00f3n en Matem\u00e1tica y en Matem\u00e1tica Educativa a nivel nacional.<\/li>\n\n\n\n<li>Contribuir al mejoramiento de la ense\u00f1anza en Matem\u00e1tica mediante talleres de docencia para niveles de educaci\u00f3n media y superior.<\/li>\n<\/ul>\n","protected":false},"excerpt":{"rendered":"<p>Objetivos Generales: Objetivos espec\u00edficos:<\/p>\n","protected":false},"author":4,"featured_media":0,"parent":0,"menu_order":0,"comment_status":"closed","ping_status":"closed","template":"","meta":{"footnotes":""},"class_list":["post-9","page","type-page","status-publish","hentry"],"_links":{"self":[{"href":"https:\/\/naturales.ues.edu.sv\/coloquiomatesv2024\/wp-json\/wp\/v2\/pages\/9","targetHints":{"allow":["GET"]}}],"collection":[{"href":"https:\/\/naturales.ues.edu.sv\/coloquiomatesv2024\/wp-json\/wp\/v2\/pages"}],"about":[{"href":"https:\/\/naturales.ues.edu.sv\/coloquiomatesv2024\/wp-json\/wp\/v2\/types\/page"}],"author":[{"embeddable":true,"href":"https:\/\/naturales.ues.edu.sv\/coloquiomatesv2024\/wp-json\/wp\/v2\/users\/4"}],"replies":[{"embeddable":true,"href":"https:\/\/naturales.ues.edu.sv\/coloquiomatesv2024\/wp-json\/wp\/v2\/comments?post=9"}],"version-history":[{"count":2,"href":"https:\/\/naturales.ues.edu.sv\/coloquiomatesv2024\/wp-json\/wp\/v2\/pages\/9\/revisions"}],"predecessor-version":[{"id":23,"href":"https:\/\/naturales.ues.edu.sv\/coloquiomatesv2024\/wp-json\/wp\/v2\/pages\/9\/revisions\/23"}],"wp:attachment":[{"href":"https:\/\/naturales.ues.edu.sv\/coloquiomatesv2024\/wp-json\/wp\/v2\/media?parent=9"}],"curies":[{"name":"wp","href":"https:\/\/api.w.org\/{rel}","templated":true}]}}