{"id":11,"date":"2024-10-31T20:34:28","date_gmt":"2024-10-31T19:34:28","guid":{"rendered":"https:\/\/naturales.ues.edu.sv\/coloquiomatesv2025\/comite-organizador\/"},"modified":"2025-10-16T21:39:16","modified_gmt":"2025-10-16T19:39:16","slug":"comite-organizador","status":"publish","type":"page","link":"https:\/\/naturales.ues.edu.sv\/coloquiomatesv2025\/comite-organizador\/","title":{"rendered":"Comit\u00e9 organizador"},"content":{"rendered":"\n<h2 class=\"wp-block-heading\"><strong>Comit\u00e9 Acad\u00e9mico<\/strong><\/h2>\n\n\n\n<p><\/p>\n\n\n\n<p><\/p>\n\n\n\n<h2 class=\"wp-block-heading\"><strong>Comit\u00e9 Organizador<\/strong><\/h2>\n","protected":false},"excerpt":{"rendered":"<p>Comit\u00e9 Acad\u00e9mico Comit\u00e9 Organizador<\/p>\n","protected":false},"author":1,"featured_media":0,"parent":0,"menu_order":0,"comment_status":"closed","ping_status":"closed","template":"","meta":{"footnotes":""},"class_list":["post-11","page","type-page","status-publish","hentry"],"_links":{"self":[{"href":"https:\/\/naturales.ues.edu.sv\/coloquiomatesv2025\/wp-json\/wp\/v2\/pages\/11","targetHints":{"allow":["GET"]}}],"collection":[{"href":"https:\/\/naturales.ues.edu.sv\/coloquiomatesv2025\/wp-json\/wp\/v2\/pages"}],"about":[{"href":"https:\/\/naturales.ues.edu.sv\/coloquiomatesv2025\/wp-json\/wp\/v2\/types\/page"}],"author":[{"embeddable":true,"href":"https:\/\/naturales.ues.edu.sv\/coloquiomatesv2025\/wp-json\/wp\/v2\/users\/1"}],"replies":[{"embeddable":true,"href":"https:\/\/naturales.ues.edu.sv\/coloquiomatesv2025\/wp-json\/wp\/v2\/comments?post=11"}],"version-history":[{"count":1,"href":"https:\/\/naturales.ues.edu.sv\/coloquiomatesv2025\/wp-json\/wp\/v2\/pages\/11\/revisions"}],"predecessor-version":[{"id":339,"href":"https:\/\/naturales.ues.edu.sv\/coloquiomatesv2025\/wp-json\/wp\/v2\/pages\/11\/revisions\/339"}],"wp:attachment":[{"href":"https:\/\/naturales.ues.edu.sv\/coloquiomatesv2025\/wp-json\/wp\/v2\/media?parent=11"}],"curies":[{"name":"wp","href":"https:\/\/api.w.org\/{rel}","templated":true}]}}