{"id":843,"date":"2020-01-29T16:03:00","date_gmt":"2020-01-29T16:03:00","guid":{"rendered":"http:\/\/ecimpasv2020.org\/?page_id=5"},"modified":"2024-04-10T14:53:33","modified_gmt":"2024-04-10T14:53:33","slug":"organization","status":"publish","type":"page","link":"https:\/\/naturales.ues.edu.sv\/ecimpasv2024\/organization\/","title":{"rendered":"Organizaci\u00f3n"},"content":{"rendered":"\t\t<div data-elementor-type=\"wp-page\" data-elementor-id=\"843\" class=\"elementor elementor-843\">\n\t\t\t\t\t\t<section class=\"elementor-section elementor-top-section elementor-element elementor-element-cd10c9f elementor-section-boxed elementor-section-height-default elementor-section-height-default\" data-id=\"cd10c9f\" data-element_type=\"section\" data-e-type=\"section\">\n\t\t\t\t\t\t<div class=\"elementor-container elementor-column-gap-default\">\n\t\t\t\t\t<div class=\"elementor-column elementor-col-100 elementor-top-column elementor-element elementor-element-cf38411\" data-id=\"cf38411\" data-element_type=\"column\" data-e-type=\"column\">\n\t\t\t<div class=\"elementor-widget-wrap elementor-element-populated\">\n\t\t\t\t\t\t<div class=\"elementor-element elementor-element-33828250 elementor-widget elementor-widget-text-editor\" data-id=\"33828250\" data-element_type=\"widget\" data-e-type=\"widget\" data-widget_type=\"text-editor.default\">\n\t\t\t\t<div class=\"elementor-widget-container\">\n\t\t\t\t\t\t\t\t\t<h1 style=\"text-align: left\"><b>Organizing Committee:<\/b><\/h1>\n<ul>\n<li style=\"font-weight: 400\"><span style=\"font-weight: 400\">Dr. Riquelmi Cardona<\/span><\/li>\n<li style=\"font-weight: 400\"><span style=\"font-weight: 400\">Dr. Dimas Tejada<\/span><\/li>\n<li style=\"font-weight: 400\"><span style=\"font-weight: 400\">M.Sc. Mart\u00edn Guerra<\/span><\/li>\n<li style=\"font-weight: 400\"><span style=\"font-weight: 400\">M.Sc. Ingrid Mart\u00ednez<\/span><\/li>\n<li style=\"font-weight: 400\"><span style=\"font-weight: 400\">Lic. Ernesto Hidalgo<\/span><\/li>\n<li style=\"font-weight: 400\"><span style=\"font-weight: 400\">Lic. Mirna Gald\u00e1mez<\/span><\/li>\n<\/ul>\n<h1><b>Teaching Team:<\/b><\/h1>\n<ul>\n<li style=\"font-weight: 400\"><span style=\"font-weight: 400\">Dra. Sandra Garc\u00eda, Universidad Nacional de Colombia<\/span><\/li>\n<li style=\"font-weight: 400\"><span style=\"font-weight: 400\">Dr. Guillermo Lobos, Universidade Federal de S\u00e3o Carlos<\/span><\/li>\n<li style=\"font-weight: 400\"><span style=\"font-weight: 400\">Dra. Raquel Perales, Universidad Nacional Aut\u00f3noma de M\u00e9xico<\/span><\/li>\n<li style=\"font-weight: 400\"><span style=\"font-weight: 400\">Dr. Oscar Palmas, Universidad Nacional Aut\u00f3noma de M\u00e9xico<\/span><\/li>\n<li style=\"font-weight: 400\"><span style=\"font-weight: 400\">Dra. Walcy Santos, Universidade Federal de Rio de Janeiro<\/span><\/li>\n<li style=\"font-weight: 400\"><span style=\"font-weight: 400\">Dr. Didier Sol\u00eds, Universidad Aut\u00f3noma de Yucat\u00e1n<\/span><\/li>\n<li style=\"font-weight: 400\"><span style=\"font-weight: 400\">Dr. Luis Al\u00edas, Universidad de Murcia<\/span><\/li>\n<li style=\"font-weight: 400\"><span style=\"font-weight: 400\">Dr. Jos\u00e9 Gomes, Universidade Federal de S\u00e3o Carlos<\/span><\/li>\n<li style=\"font-weight: 400\"><span style=\"font-weight: 400\">Dr. Paolo Piccione, Universidade Federal de S\u00e3o Carlos<\/span><\/li>\n<\/ul>\n<h1><b>Local Coordinator:<\/b><\/h1>\n<ul>\n<li><span style=\"font-weight: 400\">Dr. Riquelmi Cardona<\/span><\/li>\n<\/ul>\n<h1><b>External Coordinator:<\/b><\/h1>\n<ul>\n<li><span style=\"font-weight: 400\">Dr. Luis Al\u00edas<\/span><\/li>\n<\/ul>\t\t\t\t\t\t\t\t<\/div>\n\t\t\t\t<\/div>\n\t\t\t\t\t<\/div>\n\t\t<\/div>\n\t\t\t\t\t<\/div>\n\t\t<\/section>\n\t\t\t\t<\/div>\n\t\t","protected":false},"excerpt":{"rendered":"<p>Comit\u00e9 Organizador Dr. Riquelmi Cardona Dr. Dimas Tejada M.Sc. Mart\u00edn Guerra M.Sc. Ingrid Mart\u00ednez Lic. Ernesto Hidalgo Lic. Mirna Gald\u00e1mez Expositores Dra. [&hellip;]<\/p>\n","protected":false},"author":3,"featured_media":0,"parent":0,"menu_order":0,"comment_status":"closed","ping_status":"closed","template":"","meta":{"footnotes":""},"class_list":["post-843","page","type-page","status-publish","hentry"],"_links":{"self":[{"href":"https:\/\/naturales.ues.edu.sv\/ecimpasv2024\/wp-json\/wp\/v2\/pages\/843","targetHints":{"allow":["GET"]}}],"collection":[{"href":"https:\/\/naturales.ues.edu.sv\/ecimpasv2024\/wp-json\/wp\/v2\/pages"}],"about":[{"href":"https:\/\/naturales.ues.edu.sv\/ecimpasv2024\/wp-json\/wp\/v2\/types\/page"}],"author":[{"embeddable":true,"href":"https:\/\/naturales.ues.edu.sv\/ecimpasv2024\/wp-json\/wp\/v2\/users\/3"}],"replies":[{"embeddable":true,"href":"https:\/\/naturales.ues.edu.sv\/ecimpasv2024\/wp-json\/wp\/v2\/comments?post=843"}],"version-history":[{"count":6,"href":"https:\/\/naturales.ues.edu.sv\/ecimpasv2024\/wp-json\/wp\/v2\/pages\/843\/revisions"}],"predecessor-version":[{"id":1096,"href":"https:\/\/naturales.ues.edu.sv\/ecimpasv2024\/wp-json\/wp\/v2\/pages\/843\/revisions\/1096"}],"wp:attachment":[{"href":"https:\/\/naturales.ues.edu.sv\/ecimpasv2024\/wp-json\/wp\/v2\/media?parent=843"}],"curies":[{"name":"wp","href":"https:\/\/api.w.org\/{rel}","templated":true}]}}