{"id":929,"date":"2023-11-15T21:25:55","date_gmt":"2023-11-15T21:25:55","guid":{"rendered":"https:\/\/www.cimat.ues.edu.sv\/ecimpasv2024\/?page_id=929"},"modified":"2024-03-08T16:47:02","modified_gmt":"2024-03-08T16:47:02","slug":"introductory-curse-1","status":"publish","type":"page","link":"https:\/\/naturales.ues.edu.sv\/ecimpasv2024\/introductory-curse-1\/","title":{"rendered":"Curso Introductorio 1"},"content":{"rendered":"\n<p>Expositor: Oscar Palmas, UNAM-M\u00e9xico.<\/p>\n\n\n\n<p>T\u00edtulo:<em><strong> Introducci\u00f3n a la Geometr\u00eda\u00a0 Lorentziana de Curvas y Superficies<\/strong><\/em><\/p>\n\n\n\n<p>Keywords. #Lorentz-Minkowski space #isometry group #curve #non-degenerate surface<\/p>\n\n\n\n<p>Resumen:&nbsp;<\/p>\n\n\n\n<p><em>El objetivo de este minicurso es motivar geom\u00e9tricamente a la Geometr\u00eda Lorentziana. Primero daremos algunos preliminares sobre \u00c1lgebra Lineal Indefinida en espacios vectoriales reales, analizando varios temas sobre car\u00e1cter causal, grupo de isometr\u00edas y formas can\u00f3nicas de operadores lineales auto-adjuntos. Luego revisaremos r\u00e1pidamente la teor\u00eda de curvas en el espacio tridimensional de Lorenz-Minkowski. Concluimos con el estudio geom\u00e9trico de las superficies, tambi\u00e9n en el caso tridimensional.<\/em><\/p>\n","protected":false},"excerpt":{"rendered":"<p>Expositor: Oscar Palmas, UNAM-M\u00e9xico. T\u00edtulo: Introducci\u00f3n a la Geometr\u00eda\u00a0 Lorentziana de Curvas y Superficies Keywords. #Lorentz-Minkowski space #isometry group #curve #non-degenerate surface [&hellip;]<\/p>\n","protected":false},"author":6,"featured_media":0,"parent":0,"menu_order":0,"comment_status":"closed","ping_status":"closed","template":"","meta":{"footnotes":""},"class_list":["post-929","page","type-page","status-publish","hentry"],"_links":{"self":[{"href":"https:\/\/naturales.ues.edu.sv\/ecimpasv2024\/wp-json\/wp\/v2\/pages\/929","targetHints":{"allow":["GET"]}}],"collection":[{"href":"https:\/\/naturales.ues.edu.sv\/ecimpasv2024\/wp-json\/wp\/v2\/pages"}],"about":[{"href":"https:\/\/naturales.ues.edu.sv\/ecimpasv2024\/wp-json\/wp\/v2\/types\/page"}],"author":[{"embeddable":true,"href":"https:\/\/naturales.ues.edu.sv\/ecimpasv2024\/wp-json\/wp\/v2\/users\/6"}],"replies":[{"embeddable":true,"href":"https:\/\/naturales.ues.edu.sv\/ecimpasv2024\/wp-json\/wp\/v2\/comments?post=929"}],"version-history":[{"count":4,"href":"https:\/\/naturales.ues.edu.sv\/ecimpasv2024\/wp-json\/wp\/v2\/pages\/929\/revisions"}],"predecessor-version":[{"id":1059,"href":"https:\/\/naturales.ues.edu.sv\/ecimpasv2024\/wp-json\/wp\/v2\/pages\/929\/revisions\/1059"}],"wp:attachment":[{"href":"https:\/\/naturales.ues.edu.sv\/ecimpasv2024\/wp-json\/wp\/v2\/media?parent=929"}],"curies":[{"name":"wp","href":"https:\/\/api.w.org\/{rel}","templated":true}]}}