{"id":30,"date":"2022-12-01T16:44:48","date_gmt":"2022-12-01T16:44:48","guid":{"rendered":"http:\/\/www.cimat.ues.edu.sv\/espectroscopia\/?page_id=30"},"modified":"2022-12-01T16:44:48","modified_gmt":"2022-12-01T16:44:48","slug":"introduccion","status":"publish","type":"page","link":"https:\/\/naturales.ues.edu.sv\/espectroscopia\/introduccion\/","title":{"rendered":"Introducci\u00f3n"},"content":{"rendered":"\n<p>Este es el sitio web del grupo de investigaci\u00f3n del Prof. Carlos Rudamas en la Escuela de F\u00edsica de la Facultad de Ciencias Naturales y Matem\u00e1tica de la Universidad de El Salvador, en el campus de San Salvador, El Salvador, Central Am\u00e9rica.<\/p>\n\n\n\n<p>Nuestra investigaci\u00f3n es una mezcla de investigaciones experimentales y te\u00f3ricas sobre la aplicaci\u00f3n de t\u00e9cnicas de espectroscopia \u00f3ptica en diferentes campos, a saber, contaminaci\u00f3n atmosf\u00e9rica, biof\u00edsica, f\u00edsica aplicada a la medicina y nanoestructuras. Se utilizan t\u00e9cnicas de Absorci\u00f3n, Espectroscopia \u00d3ptica de absorci\u00f3n Diferencial (DOAS), Fotoluminiscencia (PL), Fotoluminiscencia Resonante (RPL), Micro-Fotoluminiscencia (Micro-PL), Reflectancia, Espectroscopia Raman, Espectroscopia Raman de Amplificaci\u00f3n Superficial (SERS) etc., para investigar diferentes sistemas bio-f\u00edsico-qu\u00edmicos.<\/p>\n","protected":false},"excerpt":{"rendered":"<p>Este es el sitio web del grupo de investigaci\u00f3n del Prof. Carlos Rudamas en la Escuela de F\u00edsica de la Facultad de Ciencias Naturales y Matem\u00e1tica de la Universidad de El Salvador, en el campus de San Salvador, El Salvador, Central Am\u00e9rica. Nuestra investigaci\u00f3n es una mezcla de investigaciones experimentales y te\u00f3ricas sobre la aplicaci\u00f3n [&hellip;]<\/p>\n","protected":false},"author":3,"featured_media":0,"parent":0,"menu_order":0,"comment_status":"closed","ping_status":"closed","template":"","meta":{"footnotes":""},"class_list":["post-30","page","type-page","status-publish","hentry"],"_links":{"self":[{"href":"https:\/\/naturales.ues.edu.sv\/espectroscopia\/wp-json\/wp\/v2\/pages\/30","targetHints":{"allow":["GET"]}}],"collection":[{"href":"https:\/\/naturales.ues.edu.sv\/espectroscopia\/wp-json\/wp\/v2\/pages"}],"about":[{"href":"https:\/\/naturales.ues.edu.sv\/espectroscopia\/wp-json\/wp\/v2\/types\/page"}],"author":[{"embeddable":true,"href":"https:\/\/naturales.ues.edu.sv\/espectroscopia\/wp-json\/wp\/v2\/users\/3"}],"replies":[{"embeddable":true,"href":"https:\/\/naturales.ues.edu.sv\/espectroscopia\/wp-json\/wp\/v2\/comments?post=30"}],"version-history":[{"count":1,"href":"https:\/\/naturales.ues.edu.sv\/espectroscopia\/wp-json\/wp\/v2\/pages\/30\/revisions"}],"predecessor-version":[{"id":31,"href":"https:\/\/naturales.ues.edu.sv\/espectroscopia\/wp-json\/wp\/v2\/pages\/30\/revisions\/31"}],"wp:attachment":[{"href":"https:\/\/naturales.ues.edu.sv\/espectroscopia\/wp-json\/wp\/v2\/media?parent=30"}],"curies":[{"name":"wp","href":"https:\/\/api.w.org\/{rel}","templated":true}]}}