{"id":34,"date":"2022-12-01T16:49:07","date_gmt":"2022-12-01T16:49:07","guid":{"rendered":"http:\/\/www.cimat.ues.edu.sv\/espectroscopia\/?page_id=34"},"modified":"2022-12-01T20:35:56","modified_gmt":"2022-12-01T20:35:56","slug":"publicaciones","status":"publish","type":"page","link":"https:\/\/naturales.ues.edu.sv\/espectroscopia\/publicaciones\/","title":{"rendered":"Publicaciones"},"content":{"rendered":"\n<div class=\"guten-element guten-tabs guten-XtR9yG horizontal\"><div class=\"tab-heading\"><div class=\"tab-heading-item active\" id=\"0U7uoe\" data-id=\"0U7uoe\"><span><strong>Publicaciones<\/strong><\/span><\/div><div class=\"tab-heading-item\" id=\"EiUYfx\" data-id=\"EiUYfx\"><span><strong>Conferencias<\/strong><\/span><\/div><\/div><div class=\"tab-heading-mobile\"><div class=\"tab-title\"><span><strong>Publicaciones<\/strong><\/span><i class=\"tab-dropdown-icon fas\"><\/i><\/div><div class=\"tab-option\"><div data-id=\"0U7uoe\" class=\"tab-option-item active\"><span><strong>Publicaciones<\/strong><\/span><\/div><div data-id=\"EiUYfx\" class=\"tab-option-item\"><span><strong>Conferencias<\/strong><\/span><\/div><\/div><\/div><div class=\"tab-body\">\n<div class=\"0U7uoe tab-body-item\" data-id=\"0U7uoe\">\n<ol class=\"wp-block-list\">\n<li>Y. P. Fern\u00e1ndez Ramirez, W. Hoyos, C. Rudamas, \u201cAbsorption and reflectance spectroscopic characterization odf cancerous and pre-cancerous cervical tissue\u201d, &nbsp;Rev. Cubana Fis.36, 106 (2019)<\/li>\n\n\n\n<li>Jorge Cuadra, Hamilton Ponce and Carlos Rudamas. \u201cIEEE 2018 38th Central America and Panama Convention (CONCAPAN XXXVIII) &#8211; San Salvador, El Salvador &#8211; Optical Properties of Graphene Carbon Quantum Dots for Solar Cells Applications\u201d. En: 2018. isbn: 978-1-5386-6122-2. doi: 10.1109\/CONCAPAN.2018.8596611. url:&nbsp;<a href=\"https:\/\/ieeexplore.ieee.org\/document\/8596611\">https:\/\/ieeexplore.ieee.org\/document\/8596611<\/a><\/li>\n\n\n\n<li>Ignacio Gonzalez Oliva, Sandra Alvarenga, Carlos Rudamas, \u201cA Theoretical-Experimental Comparison of CdSe Quantum Dot Optical Properties\u201d, Proceedings of the 2nd World Congress on Recent Advances in Nanotechnology (RAN\u201917) Barcelona, Spain, April 4 &#8211; 6, 2017<\/li>\n\n\n\n<li>D. Baumgardner, M. F. Andrade, C. Rudamas, et al, Book Chapter \u201cDrivers, Regional emissions and measurements\u201d in \u201cIntegrated Assessment of Short-Lived Climate Pollutants in Latin America and the Caribbean\u201d, UNEP, United Nations, 2016 (ISBN: 978-92-807-3549-9)&nbsp;<\/li>\n\n\n\n<li>M. Grutter, J. C. Antu\u00f1a-Marrero, and C. Rudamas, \u201cMexico City hosts a course on remote sensing for Latin Americans, Eos, 97, 2016<\/li>\n\n\n\n<li>Marcos Andrade-Flores, Nestor Rojas, Megan L. Melamed, Olga L. Mayol-Bracero, Michel Grutter, Laura Dawidowski, Juan Carlos Antu\u00f1a-Marrero, Carlos Rudamas, Laura Gallardo, Ruben Mamani-Paco, Maria de Fatima Andrade, and Nicolas Huneeus, \u201dFostering a collaborative atmospheric chemistry research community in the Latin America and Caribbean Region\u201d,&nbsp;Bull. Amer. Met. Soc. 97, 1929, 2016<\/li>\n\n\n\n<li>H. Ponce y C. Rudamas, \u201cOptical characterization of surface defects in cadmium selenide (CdSe colloidal quantum dots\u201d, Revista Materia, V. 20 N. 3, 676, 2015<\/li>\n\n\n\n<li>H. Ponce, and C. Rudamas, \u201cCaracterizaci\u00f3n \u00f3ptica de defectos superficiales en puntos cu\u00e1nticos coloidales de Seleniuro de Cadmio (CdSe)\u201d, Proceedings of the \u201cCongreso Internacional de Metalurgia y Materiales SAM-CONAMET\/IBEROMAT\/MATERIA\u201d, Santa Fe, Argentina, 2014, 5 pp.<\/li>\n\n\n\n<li>C. A. Alberti, B. L. Mendoza, and C. Rudamas, \u201cGround based MAX-DOAS observations of tropospheric trace gases in San Salvador, El Salvador\u201d, 62nd Annual Meeting of the Austrian Physical Society, Ed. Michael Ramsey, University of Graz, 2012, p. 165<\/li>\n\n\n\n<li>M. Pacheco, and C. Rudamas, \u201cFabrication and optical characterisation of CdSe Quantum Dots\u201d, 62nd Annual Meeting of the Austrian Physical Society, Ed. Michael Ramsey, 2012, p. 159<\/li>\n\n\n\n<li>B. L. Mendoza, L. M. A. Alvarado y C. Rudamas, &#8216;Medidas de di\u00f3xido de nitr\u00f3geno y ozono troposferico en la atm\u00f3sfera salvadore\u00f1a&#8217;, Proceedings of the I Congreso Centroamericano de Investigaci\u00f3n CADAN:R 2010, San Jos\u00e9, Costa Rica, 23 to 24 September, 2010.(CD)<\/li>\n\n\n\n<li>L. M. A. Alvarado, B. L. Mendoza y C. Rudamas, &#8216;Estudio de los niveles de formaldeh\u00eddo mediante espectroscop\u00eda \u00f3ptica&#8217;, Proceedings of the I Congreso Centroamericano de Investigaci\u00f3n CADAN:R 2010, San Jos\u00e9, Costa Rica, 22 to 24 september, 2010. (CD)<\/li>\n\n\n\n<li>M. Pleitez, W. Abarca, P. Espinoza, B. Dreyer, C. Rudamas, \u201cDeterminaci\u00f3n del tama\u00f1o de n\u00facleos celulares en tejidos cancerosos de c\u00e9rvix utilizando espectroscop\u00eda \u00f3ptica de reflectividad\u201d, Proceedings (CD) of the XXVIII Simposio Centroamericano y del Caribe de F\u00edsica San Jose, Costa Rica, 23-28 July, 2009<\/li>\n\n\n\n<li>C. Rudamas, A P\u00e9rez y M. Pleitez \u201cF\u00edsica y Arqueolog\u00eda\u201d, Proceeding del III Foro de estudiantes de Antropolog\u00eda, Arqueolog\u00eda e Historia (FOESA), 25-29 Agosto 2008<\/li>\n<\/ol>\n\n\n\n<p><\/p>\n<\/div>\n\n\n\n<div class=\"EiUYfx tab-body-item\" data-id=\"EiUYfx\">\n<ol class=\"wp-block-list\">\n<li>Jorge Cuadra, Hamilton Ponce and Carlos Rudamas. \u201cGraphene Carbon Quantum Dots: optical properties\u201d. In: I Central American Research Workshop, Antigua Guatemala, Guatemala, 2018.<\/li>\n\n\n\n<li>Jorge Cuadra, Hamilton Ponce and Carlos Rudamas. \u201cOptical Properties of Graphene Carbon Quantum Dots for Solar Cells Applications\u201d. In: IEEE 2018 38th Central America and Panam\u00e1 Convention (CONCAPAN XXXVIII), San Salvador, El Salvador, 2018.<\/li>\n\n\n\n<li>Jorge Cuadra, Hamilton Ponce and Carlos Rudamas. \u201cOptical Transition Study on Graphene Carbon Quantum Dots\u201d. In: XXVIII International Materials Research Congress (IMRC XXVIII), Canc\u00fan, M\u00e9xico, 2019.<\/li>\n\n\n\n<li>Jorge Cuadra, Hamilton Ponce and Carlos Rudamas. \u201cQuantum dosts: aplications\u201d. In: II Congreso Internacional de F\u00edsica y Geof\u00edsica, San Salvador, El Salvador, 2019.<\/li>\n\n\n\n<li>Jorge Cuadra, Hamilton Ponce and Carlos Rudamas. \u00abElectronic response function in multi-layered graphene carbon quantum dots\u201d. In: Semana de la Nanociencia y la Nanotecnolog\u00eda, San Salvador, El Salvador, 2020\u00bb.<\/li>\n\n\n\n<li>O. Deodanes, C. Molina, H. Ponce, J. Cuadra and C. Rudamas. Optical properties of CdS colloidal quantum dots for down conversion applications. En: Semana de la Nanociencia y la Nanotecnolog\u00eda, San Salvador, El Salvador, 2020.<\/li>\n\n\n\n<li>Hamilton Ponce, Jorge Cuadra and Carlos Rudamas, \u201caplicaciones tecnol\u00f3gicas de Puntos cu\u00e1nticos semiconductores\u201d. En: II Congreso Internacional de F\u00edsica y Geof\u00edsica, San Salvador, El Salvador, 2019.<\/li>\n\n\n\n<li>Hamilton Ponce, Jorge Cuadra and Carlos Rudamas, \u201cChange on the luminescence in large CdSe colloidal quantum dots by a ligand exchange.\u201d. En: Semana de la Nanociencia y la Nanotecnolog\u00eda, San Salvador, El Salvador, 2020.<\/li>\n\n\n\n<li>Hamilton Ponce, Jorge Cuadra and Carlos Rudamas, \u201cpropiedades \u00f3pticas de estados superficiales en puntos cu\u00e1nticos de CdSe \u201d. en: I Central American Research Workshop, Antigua Guatemala, Guatemala, 2018.<\/li>\n\n\n\n<li>H. Ponce, and C. Rudamas, \u201cCaracterizaci\u00f3n \u00f3ptica de defectos superficiales en puntos cu\u00e1nticos coloidales de Seleniuro de Cadmio (CdSe)\u201d, \u201cCongreso Internacional de Metalurgia y Materiales SAM-CONAMET\/IBEROMAT\/MATERIA\u201d, Santa Fe, Argentina, 2014<\/li>\n\n\n\n<li>C. A. Alberti, B. L. Mendoza, and C. Rudamas, \u201cGround based MAX-DOAS observations of tropospheric trace gases in San Salvador, El Salvador\u201d, 62nd Annual Meeting of the Austrian Physical Society, Graz, Austria, September 18 \u2013 21, 2012<\/li>\n\n\n\n<li>M. Pacheco, and C. Rudamas, \u201cFabrication and optical characterisation of CdSe Quantum Dots\u201d, 62nd Annual Meeting of the Austrian Physical Society, Graz, Austria, September 18 \u2013 21, 2012<\/li>\n\n\n\n<li>L. M. A. Alvarado, B. Levy Mendoza,&nbsp; C. A. Alberti, and C. Rudamas, \u201cStudy&nbsp;of&nbsp;formaldehyde levels&nbsp;by&nbsp;MAX-DOAS&nbsp;in&nbsp;San&nbsp;Salvador\u201d, 5th International DOAS Workshop, Mainz, 13-15 July 2011<\/li>\n\n\n\n<li>B. L. Mendoza, L.M.A. Alvarado, C. A. Alberti and C. Rudamas., \u201cMAX-DOAS measurements of tropospheric NO2 and O3 in San Salvador metropolitan area\u201d 5th International DOAS Workshop, Mainz, 13-15 July 2011<\/li>\n\n\n\n<li>C. Rudamas, \u00abF\u00edsica de nano-estructuras semiconductoras\u00bb, II Simposio de la Facultad de Ciencias Naturales y Matem\u00e1tica de la UES y de la Red CADAN:R, San Salvador, December 9-10, 2010<\/li>\n\n\n\n<li>L. M. A. Alvarado and C. Rudamas, \u00abMedidas de HCHO en San Salvador con DOAS multi-ejes\u00bb, II Simposio de la Facultad de Ciencias Naturales y Matem\u00e1tica de la UES y de la Red CADAN:R, San Salvador, December 10-11, 2010<\/li>\n\n\n\n<li>B. Levy and C. Rudamas, \u00abCaracterizaci\u00f3n \u00f3ptica de tejido humano sano y canceroso\u00bb, II Simposio de la Facultad de Ciencias Naturales y Matematica de la UES y de la Red CADAN:R, San Salvador, December 10-11, 2010<\/li>\n\n\n\n<li>E. Adverdi P\u00e9rez and C. Rudamas, \u00abFotoluminiscencia de esporas de hongos micorr\u00edcicos arbusculares (HMA)\u00bb, II Simposio de la Facultad de Ciencias Naturales y Matem\u00e1tica de la UES y de la Red CADAN:R, San Salvador, December 10-11, 2010<\/li>\n\n\n\n<li>M. Pacheco and C. Rudamas, \u00abCaracterizaci\u00f3n \u00f3ptica de nano-estructuras semiconductoras\u00bb, II Simposio de la Facultad de Ciencias Naturales y Matem\u00e1tica de la UES y de la Red CADAN:R, San Salvador, December 10-11, 2010<\/li>\n\n\n\n<li>C. Rudamas, \u00abCaracterizaci\u00f3n de diferentes sistemas f\u00edsicos mediante espectroscop\u00eda \u00f3ptica\u00bb, Primer Simposio de la Facultad de Ciencias Naturales y Matem\u00e1tica de la UES y de la Red CADAN:R, San Salvador, December 10-11, 2009<\/li>\n\n\n\n<li>C. Rudamas, \u00abEspectroscop\u00eda \u00f3ptica para la medici\u00f3n de la contaminaci\u00f3n atmosf\u00e9rica y la caracterizaci\u00f3n de micorrizas\u00bb, Segundo Seminario Cient\u00edfico de la Universidad de El Salvador, San Salvador, October 21-23, 2009<\/li>\n\n\n\n<li>L. M. A. Alvarado, C. Rudamas, \u00abNiveles de Formaldehido en la ciudad de San Salvador, El Salvador, mediante espectroscop\u00edaa \u00f3ptica de absorcion diferencial (DOAS: Differential Optical Absorption Spectroscopy)\u00bb, XXVIII Simposio Centroamericano y del Caribe, San Jos\\'{e}, Costa Rica, July 23-28, 2009.<\/li>\n\n\n\n<li>L. M. A. Alvarado, C. Rudamas, \u00abNiveles de Formaldehido (HCHO) y Di\u00f3xido de Nitr\u00f3geno en San Salvador con el M\u00e9todo de Espectroscop\u00eda \u00d3ptica de Absorci\u00f3n Diferencial (DOAS)\u00bb, Segundo Seminario Cient\u00edfico de la Universidad de El Salvador, San Salvador, October 21-23, 2009<\/li>\n\n\n\n<li>L. M. A. Alvarado, C. Rudamas, \u00abEspectroscopia optica de Absorcion Diferencial (DOAS) para la medida de contaminacion atmosferica en San Salvador\u00bb, I Simposio Centroamericano de la Red CADAN:R, San Jose, Costa Rica, November 23-27, 2009.<\/li>\n\n\n\n<li>L. M. A. Alvarado, C. Rudamas, O. Aguilar, D. Vazquez, M. C. Campos, M. I. Flores, Vanegas, y B. L. Mendoza, \u00abNiveles de Formaldehido (HCHO) en San Salvador, El Salvador con el metodo de Espectroscopia Optica de Absorcion Diferencial (DOAS)\u00bb, Primer Simposio de La Facultad de Ciencias Naturales y Matematica de la UES y de la Red CADAN:R, San Salvador, December 10-11, 2009<\/li>\n\n\n\n<li>Perez, A. V-Hernandez, B. Dreyer y C. Rudamas, \u00abCaracterizacion optica de micorrizas arbusculares\u00bb, XXVIII Simposio Centroamericano y del Caribe de F\u00edsica, San Jose, Costa Rica, July 23-28, 2009.<\/li>\n\n\n\n<li>Perez, A. V-Hern\u00e1ndez, B. Dreyer y C. Rudamas, \u00abPropiedades opticas de micorrizas arbusculares\u00bb, II Seminario cientifico del Consejo de Investigaciones Cientificas de la Universidad de El Salvador, San Salvador, July 21-23, 2009.<\/li>\n\n\n\n<li>Perez, A. V-Hern\u00e1ndez, B. Dreyer y C. Rudamas, \u00abEmisi\u00f3n en esporas de micorrizas arbusculares\u00bb, I Simposio Centroamericano de la Red CADAN:R, San Jose, Costa Rica, November 24-27, 2009.<\/li>\n\n\n\n<li>P\u00e9rez, A. V-Hern\u00e1ndez, B. Dreyer y C. Rudamas, \u00abFotoluminiscencia de esporas de micorrizas arbusculares\u00bb, I Simposio de Investigaci\u00f3n de la Facultad de Ciencias Naturales y Matem\u00e1ticas y CADAN:R, December 10-11, 2009.<\/li>\n<\/ol>\n\n\n\n<p><\/p>\n<\/div>\n<\/div><\/div>\n","protected":false},"excerpt":{"rendered":"","protected":false},"author":3,"featured_media":0,"parent":0,"menu_order":0,"comment_status":"closed","ping_status":"closed","template":"","meta":{"footnotes":""},"class_list":["post-34","page","type-page","status-publish","hentry"],"_links":{"self":[{"href":"https:\/\/naturales.ues.edu.sv\/espectroscopia\/wp-json\/wp\/v2\/pages\/34","targetHints":{"allow":["GET"]}}],"collection":[{"href":"https:\/\/naturales.ues.edu.sv\/espectroscopia\/wp-json\/wp\/v2\/pages"}],"about":[{"href":"https:\/\/naturales.ues.edu.sv\/espectroscopia\/wp-json\/wp\/v2\/types\/page"}],"author":[{"embeddable":true,"href":"https:\/\/naturales.ues.edu.sv\/espectroscopia\/wp-json\/wp\/v2\/users\/3"}],"replies":[{"embeddable":true,"href":"https:\/\/naturales.ues.edu.sv\/espectroscopia\/wp-json\/wp\/v2\/comments?post=34"}],"version-history":[{"count":2,"href":"https:\/\/naturales.ues.edu.sv\/espectroscopia\/wp-json\/wp\/v2\/pages\/34\/revisions"}],"predecessor-version":[{"id":95,"href":"https:\/\/naturales.ues.edu.sv\/espectroscopia\/wp-json\/wp\/v2\/pages\/34\/revisions\/95"}],"wp:attachment":[{"href":"https:\/\/naturales.ues.edu.sv\/espectroscopia\/wp-json\/wp\/v2\/media?parent=34"}],"curies":[{"name":"wp","href":"https:\/\/api.w.org\/{rel}","templated":true}]}}