{"id":46,"date":"2022-12-01T16:52:32","date_gmt":"2022-12-01T16:52:32","guid":{"rendered":"http:\/\/www.cimat.ues.edu.sv\/espectroscopia\/?page_id=46"},"modified":"2022-12-01T20:06:45","modified_gmt":"2022-12-01T20:06:45","slug":"propiedades-opticas-de-nanoestructura","status":"publish","type":"page","link":"https:\/\/naturales.ues.edu.sv\/espectroscopia\/propiedades-opticas-de-nanoestructura\/","title":{"rendered":"Propiedades \u00d3pticas de Nanoestructura"},"content":{"rendered":"\n<div class=\"wp-block-media-text alignwide is-stacked-on-mobile\" style=\"grid-template-columns:30% auto\"><figure class=\"wp-block-media-text__media\"><img fetchpriority=\"high\" decoding=\"async\" width=\"800\" height=\"700\" src=\"http:\/\/www.cimat.ues.edu.sv\/espectroscopia\/wp-content\/uploads\/sites\/8\/2022\/12\/espec_1_0.png\" alt=\"\" class=\"wp-image-11 size-full\" srcset=\"https:\/\/naturales.ues.edu.sv\/espectroscopia\/wp-content\/uploads\/sites\/8\/2022\/12\/espec_1_0.png 800w, https:\/\/naturales.ues.edu.sv\/espectroscopia\/wp-content\/uploads\/sites\/8\/2022\/12\/espec_1_0-300x263.png 300w, https:\/\/naturales.ues.edu.sv\/espectroscopia\/wp-content\/uploads\/sites\/8\/2022\/12\/espec_1_0-768x672.png 768w\" sizes=\"(max-width: 800px) 100vw, 800px\" \/><\/figure><div class=\"wp-block-media-text__content\">\n<p>Los puntos cu\u00e1nticos (QDs, Quantum Dots) son nanoestructuras semiconductoras que por sus propiedades tienen un alto potencial de aplicaciones tecnol\u00f3gicas como por ejemplo en aplicaciones fotovoltaicas, biomarcadores, LEDs entre otras. Para llegar a estas aplicaciones es necesario el estudio y caracterizaci\u00f3n de las propiedades de estas nanoestructuras. Dentro de las actividades que se realizan se encuentran: la fabricaci\u00f3n y s\u00edntesis de quantum dots de diferentes materiales, realizaci\u00f3n de medidas para la caracterizaci\u00f3n de las propiedades empleando diferentes t\u00e9cnicas espectrosc\u00f3picas, an\u00e1lisis de resultados y presentaci\u00f3n de los mismos en congresos nacionales o internacionales. Se tiene colaboraci\u00f3n cient\u00edfica con investigadores de otras universidades internacionales y nacionales interesados en el tema.<\/p>\n<\/div><\/div>\n","protected":false},"excerpt":{"rendered":"<p>Los puntos cu\u00e1nticos (QDs, Quantum Dots) son nanoestructuras semiconductoras que por sus propiedades tienen un alto potencial de aplicaciones tecnol\u00f3gicas como por ejemplo en aplicaciones fotovoltaicas, biomarcadores, LEDs entre otras. Para llegar a estas aplicaciones es necesario el estudio y caracterizaci\u00f3n de las propiedades de estas nanoestructuras. Dentro de las actividades que se realizan se [&hellip;]<\/p>\n","protected":false},"author":3,"featured_media":0,"parent":0,"menu_order":0,"comment_status":"closed","ping_status":"closed","template":"","meta":{"footnotes":""},"class_list":["post-46","page","type-page","status-publish","hentry"],"_links":{"self":[{"href":"https:\/\/naturales.ues.edu.sv\/espectroscopia\/wp-json\/wp\/v2\/pages\/46","targetHints":{"allow":["GET"]}}],"collection":[{"href":"https:\/\/naturales.ues.edu.sv\/espectroscopia\/wp-json\/wp\/v2\/pages"}],"about":[{"href":"https:\/\/naturales.ues.edu.sv\/espectroscopia\/wp-json\/wp\/v2\/types\/page"}],"author":[{"embeddable":true,"href":"https:\/\/naturales.ues.edu.sv\/espectroscopia\/wp-json\/wp\/v2\/users\/3"}],"replies":[{"embeddable":true,"href":"https:\/\/naturales.ues.edu.sv\/espectroscopia\/wp-json\/wp\/v2\/comments?post=46"}],"version-history":[{"count":3,"href":"https:\/\/naturales.ues.edu.sv\/espectroscopia\/wp-json\/wp\/v2\/pages\/46\/revisions"}],"predecessor-version":[{"id":73,"href":"https:\/\/naturales.ues.edu.sv\/espectroscopia\/wp-json\/wp\/v2\/pages\/46\/revisions\/73"}],"wp:attachment":[{"href":"https:\/\/naturales.ues.edu.sv\/espectroscopia\/wp-json\/wp\/v2\/media?parent=46"}],"curies":[{"name":"wp","href":"https:\/\/api.w.org\/{rel}","templated":true}]}}