{"id":49,"date":"2022-12-01T16:53:20","date_gmt":"2022-12-01T16:53:20","guid":{"rendered":"http:\/\/www.cimat.ues.edu.sv\/espectroscopia\/?page_id=49"},"modified":"2022-12-01T20:07:57","modified_gmt":"2022-12-01T20:07:57","slug":"propiedades-opticas-de-tejidos","status":"publish","type":"page","link":"https:\/\/naturales.ues.edu.sv\/espectroscopia\/propiedades-opticas-de-tejidos\/","title":{"rendered":"Propiedades \u00d3pticas de tejidos"},"content":{"rendered":"\n<div class=\"wp-block-media-text alignwide is-stacked-on-mobile\" style=\"grid-template-columns:30% auto\"><figure class=\"wp-block-media-text__media\"><img fetchpriority=\"high\" decoding=\"async\" width=\"772\" height=\"546\" src=\"http:\/\/www.cimat.ues.edu.sv\/espectroscopia\/wp-content\/uploads\/sites\/8\/2022\/12\/espec_3_0.png\" alt=\"\" class=\"wp-image-12 size-full\" srcset=\"https:\/\/naturales.ues.edu.sv\/espectroscopia\/wp-content\/uploads\/sites\/8\/2022\/12\/espec_3_0.png 772w, https:\/\/naturales.ues.edu.sv\/espectroscopia\/wp-content\/uploads\/sites\/8\/2022\/12\/espec_3_0-300x212.png 300w, https:\/\/naturales.ues.edu.sv\/espectroscopia\/wp-content\/uploads\/sites\/8\/2022\/12\/espec_3_0-768x543.png 768w\" sizes=\"(max-width: 772px) 100vw, 772px\" \/><\/figure><div class=\"wp-block-media-text__content\">\n<p>Las t\u00e9cnicas espectrosc\u00f3picas pueden servir para caracterizar algunas propiedades de compuestos presentes en diferentes tipos de tejidos humanos que puedan servir como indicador para la detecci\u00f3n temprana o diagn\u00f3stico de algunas enfermedades como lo son el c\u00e1ncer, diabetes mellitus, enfermedades mentales entre otras. La principal ventaja de las t\u00e9cnicas espectrosc\u00f3picas es que permitir\u00eda realizar diagn\u00f3sticos de forma no invasiva y de menor incomodidad para el paciente. Dentro de esta l\u00ednea principalmente se colabora con Doctores en Medicina de otras Universidades, Hospitales y cl\u00ednicas del pa\u00eds. Las principales actividades que se realizan son: dise\u00f1o y optimizaci\u00f3n de montajes experimentales de caracter\u00edsticas port\u00e1tiles para la realizaci\u00f3n de medidas \u2018in vivo\u2019, planificaci\u00f3n y realizaci\u00f3n de campa\u00f1as de medici\u00f3n, procesamiento y an\u00e1lisis de datos, presentaci\u00f3n de resultados en congresos nacionales o internacionales.<\/p>\n<\/div><\/div>\n","protected":false},"excerpt":{"rendered":"<p>Las t\u00e9cnicas espectrosc\u00f3picas pueden servir para caracterizar algunas propiedades de compuestos presentes en diferentes tipos de tejidos humanos que puedan servir como indicador para la detecci\u00f3n temprana o diagn\u00f3stico de algunas enfermedades como lo son el c\u00e1ncer, diabetes mellitus, enfermedades mentales entre otras. La principal ventaja de las t\u00e9cnicas espectrosc\u00f3picas es que permitir\u00eda realizar diagn\u00f3sticos [&hellip;]<\/p>\n","protected":false},"author":3,"featured_media":0,"parent":0,"menu_order":0,"comment_status":"closed","ping_status":"closed","template":"","meta":{"footnotes":""},"class_list":["post-49","page","type-page","status-publish","hentry"],"_links":{"self":[{"href":"https:\/\/naturales.ues.edu.sv\/espectroscopia\/wp-json\/wp\/v2\/pages\/49","targetHints":{"allow":["GET"]}}],"collection":[{"href":"https:\/\/naturales.ues.edu.sv\/espectroscopia\/wp-json\/wp\/v2\/pages"}],"about":[{"href":"https:\/\/naturales.ues.edu.sv\/espectroscopia\/wp-json\/wp\/v2\/types\/page"}],"author":[{"embeddable":true,"href":"https:\/\/naturales.ues.edu.sv\/espectroscopia\/wp-json\/wp\/v2\/users\/3"}],"replies":[{"embeddable":true,"href":"https:\/\/naturales.ues.edu.sv\/espectroscopia\/wp-json\/wp\/v2\/comments?post=49"}],"version-history":[{"count":4,"href":"https:\/\/naturales.ues.edu.sv\/espectroscopia\/wp-json\/wp\/v2\/pages\/49\/revisions"}],"predecessor-version":[{"id":74,"href":"https:\/\/naturales.ues.edu.sv\/espectroscopia\/wp-json\/wp\/v2\/pages\/49\/revisions\/74"}],"wp:attachment":[{"href":"https:\/\/naturales.ues.edu.sv\/espectroscopia\/wp-json\/wp\/v2\/media?parent=49"}],"curies":[{"name":"wp","href":"https:\/\/api.w.org\/{rel}","templated":true}]}}