{"id":52,"date":"2022-12-01T16:54:16","date_gmt":"2022-12-01T16:54:16","guid":{"rendered":"http:\/\/www.cimat.ues.edu.sv\/espectroscopia\/?page_id=52"},"modified":"2022-12-01T20:08:38","modified_gmt":"2022-12-01T20:08:38","slug":"fisica-atmosferica","status":"publish","type":"page","link":"https:\/\/naturales.ues.edu.sv\/espectroscopia\/fisica-atmosferica\/","title":{"rendered":"F\u00edsica Atmosf\u00e9rica"},"content":{"rendered":"\n<div class=\"wp-block-media-text alignwide is-stacked-on-mobile\" style=\"grid-template-columns:30% auto\"><figure class=\"wp-block-media-text__media\"><img fetchpriority=\"high\" decoding=\"async\" width=\"800\" height=\"700\" src=\"http:\/\/www.cimat.ues.edu.sv\/espectroscopia\/wp-content\/uploads\/sites\/8\/2022\/12\/espec_4.png\" alt=\"\" class=\"wp-image-13 size-full\" srcset=\"https:\/\/naturales.ues.edu.sv\/espectroscopia\/wp-content\/uploads\/sites\/8\/2022\/12\/espec_4.png 800w, https:\/\/naturales.ues.edu.sv\/espectroscopia\/wp-content\/uploads\/sites\/8\/2022\/12\/espec_4-300x263.png 300w, https:\/\/naturales.ues.edu.sv\/espectroscopia\/wp-content\/uploads\/sites\/8\/2022\/12\/espec_4-768x672.png 768w\" sizes=\"(max-width: 800px) 100vw, 800px\" \/><\/figure><div class=\"wp-block-media-text__content\">\n<p>Utilizando equipo experimental \u201checho en casa\u201d se ha implementado la t\u00e9cnica MAX-DOAS (Multi-Axis DOAS) para el estudio de los niveles de algunos contaminantes atmosf\u00e9ricos en diferentes ciudades del pa\u00eds. Dentro de las actividades se encuentra la optimizaci\u00f3n y automatizaci\u00f3n de equipo experimental, la organizaci\u00f3n de campa\u00f1as de medici\u00f3n, realizaci\u00f3n de medidas, procesamiento, an\u00e1lisis de resultados y presentaci\u00f3n de los mismos en congresos nacionales o internacionales. Se tiene colaboraci\u00f3n cient\u00edfica con investigadores de otras universidades internacionales y adem\u00e1s se colabora con otras instituciones nacionales como el Ministerio de Medio Ambiente y otras universidades interesadas en el tema.<\/p>\n<\/div><\/div>\n","protected":false},"excerpt":{"rendered":"<p>Utilizando equipo experimental \u201checho en casa\u201d se ha implementado la t\u00e9cnica MAX-DOAS (Multi-Axis DOAS) para el estudio de los niveles de algunos contaminantes atmosf\u00e9ricos en diferentes ciudades del pa\u00eds. Dentro de las actividades se encuentra la optimizaci\u00f3n y automatizaci\u00f3n de equipo experimental, la organizaci\u00f3n de campa\u00f1as de medici\u00f3n, realizaci\u00f3n de medidas, procesamiento, an\u00e1lisis de resultados [&hellip;]<\/p>\n","protected":false},"author":3,"featured_media":0,"parent":0,"menu_order":0,"comment_status":"closed","ping_status":"closed","template":"","meta":{"footnotes":""},"class_list":["post-52","page","type-page","status-publish","hentry"],"_links":{"self":[{"href":"https:\/\/naturales.ues.edu.sv\/espectroscopia\/wp-json\/wp\/v2\/pages\/52","targetHints":{"allow":["GET"]}}],"collection":[{"href":"https:\/\/naturales.ues.edu.sv\/espectroscopia\/wp-json\/wp\/v2\/pages"}],"about":[{"href":"https:\/\/naturales.ues.edu.sv\/espectroscopia\/wp-json\/wp\/v2\/types\/page"}],"author":[{"embeddable":true,"href":"https:\/\/naturales.ues.edu.sv\/espectroscopia\/wp-json\/wp\/v2\/users\/3"}],"replies":[{"embeddable":true,"href":"https:\/\/naturales.ues.edu.sv\/espectroscopia\/wp-json\/wp\/v2\/comments?post=52"}],"version-history":[{"count":3,"href":"https:\/\/naturales.ues.edu.sv\/espectroscopia\/wp-json\/wp\/v2\/pages\/52\/revisions"}],"predecessor-version":[{"id":75,"href":"https:\/\/naturales.ues.edu.sv\/espectroscopia\/wp-json\/wp\/v2\/pages\/52\/revisions\/75"}],"wp:attachment":[{"href":"https:\/\/naturales.ues.edu.sv\/espectroscopia\/wp-json\/wp\/v2\/media?parent=52"}],"curies":[{"name":"wp","href":"https:\/\/api.w.org\/{rel}","templated":true}]}}