{"id":55,"date":"2022-12-01T19:56:39","date_gmt":"2022-12-01T19:56:39","guid":{"rendered":"http:\/\/www.cimat.ues.edu.sv\/espectroscopia\/?page_id=55"},"modified":"2022-12-01T20:09:16","modified_gmt":"2022-12-01T20:09:16","slug":"fisica-computacional","status":"publish","type":"page","link":"https:\/\/naturales.ues.edu.sv\/espectroscopia\/fisica-computacional\/","title":{"rendered":"F\u00edsica computacional"},"content":{"rendered":"\n<div class=\"wp-block-media-text alignwide is-stacked-on-mobile\" style=\"grid-template-columns:30% auto\"><figure class=\"wp-block-media-text__media\"><img fetchpriority=\"high\" decoding=\"async\" width=\"413\" height=\"391\" src=\"http:\/\/www.cimat.ues.edu.sv\/espectroscopia\/wp-content\/uploads\/sites\/8\/2022\/12\/espec_5.png\" alt=\"\" class=\"wp-image-14 size-full\" srcset=\"https:\/\/naturales.ues.edu.sv\/espectroscopia\/wp-content\/uploads\/sites\/8\/2022\/12\/espec_5.png 413w, https:\/\/naturales.ues.edu.sv\/espectroscopia\/wp-content\/uploads\/sites\/8\/2022\/12\/espec_5-300x284.png 300w\" sizes=\"(max-width: 413px) 100vw, 413px\" \/><\/figure><div class=\"wp-block-media-text__content\">\n<p>En esta l\u00ednea se busca calcular las propiedades espectrosc\u00f3picas a partir de la simulaci\u00f3n computacional de los diferentes sistemas moleculares, estructuras cristalinas que aparecen en cada una de las dem\u00e1s l\u00edneas de investigaci\u00f3n. Para la simulaci\u00f3n se emplean modelos te\u00f3ricos implementados en paquetes de c\u00f3mputo gratuitos de uso acad\u00e9mico y dependiendo la complejidad de los sistemas y c\u00e1lculos que se realizan, estos pueden ser llevados a cabo en computadoras personales o requerir de HPC, para ello se cuenta con un cl\u00faster implementado en uno de los laboratorios de c\u00f3mputo, as\u00ed como acceso recursos de c\u00f3mputo en el exterior. Dentro de las actividades que se realizan est\u00e1n la implementaci\u00f3n de los programas que se requieran utilizar, as\u00ed como la configuraci\u00f3n de los recursos de c\u00f3mputo necesarios, la familiarizaci\u00f3n con el uso y ejecuci\u00f3n de c\u00e1lculos, el procesamiento y an\u00e1lisis de resultados que incluye la comparaci\u00f3n con resultados experimentales para complementar dichas investigaciones y la presentaci\u00f3n de los resultados en congresos nacionales o internacionales<\/p>\n<\/div><\/div>\n","protected":false},"excerpt":{"rendered":"<p>En esta l\u00ednea se busca calcular las propiedades espectrosc\u00f3picas a partir de la simulaci\u00f3n computacional de los diferentes sistemas moleculares, estructuras cristalinas que aparecen en cada una de las dem\u00e1s l\u00edneas de investigaci\u00f3n. Para la simulaci\u00f3n se emplean modelos te\u00f3ricos implementados en paquetes de c\u00f3mputo gratuitos de uso acad\u00e9mico y dependiendo la complejidad de los [&hellip;]<\/p>\n","protected":false},"author":3,"featured_media":0,"parent":0,"menu_order":0,"comment_status":"closed","ping_status":"closed","template":"","meta":{"footnotes":""},"class_list":["post-55","page","type-page","status-publish","hentry"],"_links":{"self":[{"href":"https:\/\/naturales.ues.edu.sv\/espectroscopia\/wp-json\/wp\/v2\/pages\/55","targetHints":{"allow":["GET"]}}],"collection":[{"href":"https:\/\/naturales.ues.edu.sv\/espectroscopia\/wp-json\/wp\/v2\/pages"}],"about":[{"href":"https:\/\/naturales.ues.edu.sv\/espectroscopia\/wp-json\/wp\/v2\/types\/page"}],"author":[{"embeddable":true,"href":"https:\/\/naturales.ues.edu.sv\/espectroscopia\/wp-json\/wp\/v2\/users\/3"}],"replies":[{"embeddable":true,"href":"https:\/\/naturales.ues.edu.sv\/espectroscopia\/wp-json\/wp\/v2\/comments?post=55"}],"version-history":[{"count":7,"href":"https:\/\/naturales.ues.edu.sv\/espectroscopia\/wp-json\/wp\/v2\/pages\/55\/revisions"}],"predecessor-version":[{"id":77,"href":"https:\/\/naturales.ues.edu.sv\/espectroscopia\/wp-json\/wp\/v2\/pages\/55\/revisions\/77"}],"wp:attachment":[{"href":"https:\/\/naturales.ues.edu.sv\/espectroscopia\/wp-json\/wp\/v2\/media?parent=55"}],"curies":[{"name":"wp","href":"https:\/\/api.w.org\/{rel}","templated":true}]}}