{"id":67,"date":"2022-12-01T20:01:52","date_gmt":"2022-12-01T20:01:52","guid":{"rendered":"http:\/\/www.cimat.ues.edu.sv\/espectroscopia\/?page_id=67"},"modified":"2022-12-01T20:20:17","modified_gmt":"2022-12-01T20:20:17","slug":"covid-19","status":"publish","type":"page","link":"https:\/\/naturales.ues.edu.sv\/espectroscopia\/covid-19\/","title":{"rendered":"COVID-19"},"content":{"rendered":"\n<h2 class=\"wp-block-heading\">Emergencia COVID-19<\/h2>\n\n\n\n<p>Los pat\u00f3genos virales causantes de la influencia, poseen tama\u00f1os en el orden de los 100 nm [1]. En a\u00f1os anteriores se ha reportado un n\u00famero significativo de brotes de infecciones virales [2]. Una de las principales dificultades es su detecci\u00f3n r\u00e1pida [1]. Cuando se presentan brotes con potencial pand\u00e9mico, es necesario una r\u00e1pida detecci\u00f3n y diagn\u00f3stico. Con los sistemas convencionales de detecci\u00f3n como el ensayo de inmuno-absorci\u00f3n enzim\u00e1tica (ELISA) y la reacci\u00f3n en cadena de la polimerasa (PCR) se obtienen resultados en varias horas (~ 9 horas) [2]. La aplicaci\u00f3n de este tipo de t\u00e9cnicas requiere tener un laboratorio muy bien equipado con instrumentos de alto costo y recurso humano altamente capacitado [3].<\/p>\n\n\n\n<p>Con el fin de reducir el tiempo de detecci\u00f3n se han buscado t\u00e9cnicas que mejoren el tiempo de detecci\u00f3n y que sean de bajo costo. La espectroscopia \u00f3ptica juega aqu\u00ed un rol muy importante. El uso de nanopart\u00edculas met\u00e1licas en contacto con los perfiles \u00fanicos de prote\u00ednas y l\u00edpidos superficiales que poseen los virus mejoran notablemente la dispersi\u00f3n de luz por parte de \u00e9stos, lo que conduce a facilitar su identificaci\u00f3n, por ejemplo, mediante Espectroscopia Raman Amplificada en Superficies (SERS: Surface Enhanced Raman Spectroscopy).<\/p>\n\n\n\n<div class=\"wp-block-columns is-layout-flex wp-container-core-columns-is-layout-9d6595d7 wp-block-columns-is-layout-flex\">\n<div class=\"wp-block-column is-layout-flow wp-block-column-is-layout-flow\" style=\"flex-basis:33.33%\">\n<figure class=\"wp-block-image size-full is-resized\"><img decoding=\"async\" src=\"http:\/\/www.cimat.ues.edu.sv\/espectroscopia\/wp-content\/uploads\/sites\/8\/2022\/12\/espec_Covid1_2.png\" alt=\"\" class=\"wp-image-15\" width=\"300\" srcset=\"https:\/\/naturales.ues.edu.sv\/espectroscopia\/wp-content\/uploads\/sites\/8\/2022\/12\/espec_Covid1_2.png 429w, https:\/\/naturales.ues.edu.sv\/espectroscopia\/wp-content\/uploads\/sites\/8\/2022\/12\/espec_Covid1_2-300x213.png 300w\" sizes=\"(max-width: 429px) 100vw, 429px\" \/><figcaption class=\"wp-element-caption\"><em>Esquema de un proceso SERS y otro de Fotocatalisis en un sistema mixto nanoestructurado. Modificado de referencia [4]<\/em><br><\/figcaption><\/figure>\n<\/div>\n\n\n\n<div class=\"wp-block-column is-layout-flow wp-block-column-is-layout-flow\" style=\"flex-basis:66.66%\">\n<p>En la act\u00faaliad ya se ha reportado el potencial de la t\u00e9cnica SERS para detectar y discriminar 7 virus transmitidos por alimentos y agua, incluidos norovirus, adenovirus, parvovirus, rotavirus, coronavirus, paramixovirus y herpersvirus [1,2,5,6]. Estas observaciones nos indican que la espectroscopia Raman posee potencial para detectar estos virus en tiempos cortos.<\/p>\n\n\n\n<p>En la actualidad se cuenta con un equipo Raman para empezar a desarrollar pruebas. Dicho equipo ha sido adquirido en el marco del proyecto 16.31 titulado \u201cPREPARACI\u00d3N Y CARACTERIZACI\u00d3N DE PUNTOS CU\u00c1NTICOS DE CARBONO, PARA FUTURAS APLICACIONES FOTOVOLTAICAS y POSIBLE USO\u00a0COMO MARCADORES BIOL\u00d3GICOS, MEDIANTE M\u00c9TODOS AMIGABLES CON EL MEDIO AMBIENTE\u201d. financiado por el Consejo de Investigaciones Cient\u00edficas de la Universidad de El Salvador (CIC-UES).<\/p>\n<\/div>\n<\/div>\n\n\n\n<div class=\"wp-block-columns is-layout-flex wp-container-core-columns-is-layout-9d6595d7 wp-block-columns-is-layout-flex\">\n<div class=\"wp-block-column is-layout-flow wp-block-column-is-layout-flow\" style=\"flex-basis:66.66%\">\n<div style=\"height:38px\" aria-hidden=\"true\" class=\"wp-block-spacer\"><\/div>\n\n\n\n<p>La emergencia por la pandemia del COVID-19 requiere que los laboratorios de la Facultad respondan urgentemente con proyectos que contribuyan a todas las actividades que a nivel nacional e internacional se est\u00e1n realizando para el estudio y caracterizaci\u00f3n del virus y para la detecci\u00f3n y tratamiento de pacientes contagiados. En la emergencia actual se pretende mejorar el equipo con que se cuenta y aplicarlo al estudio del COVID-19.<\/p>\n<\/div>\n\n\n\n<div class=\"wp-block-column is-layout-flow wp-block-column-is-layout-flow\" style=\"flex-basis:33.33%\">\n<figure class=\"wp-block-image size-full is-resized\"><img fetchpriority=\"high\" decoding=\"async\" src=\"http:\/\/www.cimat.ues.edu.sv\/espectroscopia\/wp-content\/uploads\/sites\/8\/2022\/12\/espec_Covid2_0.png\" alt=\"\" class=\"wp-image-16\" width=\"300\" height=\"185\" \/><figcaption class=\"wp-element-caption\"><em>Diagrama esquem\u00e1tico de la identificaci\u00f3n del virus de la influenza mediante espectroscopia Raman (SERS). Tomada de referencia 8.<\/em><br><\/figcaption><\/figure>\n<\/div>\n<\/div>\n\n\n\n<div style=\"height:20px\" aria-hidden=\"true\" class=\"wp-block-spacer\"><\/div>\n\n\n\n<p>Por todo esto es que investigadores del Laboratorio de Espectroscopia \u00d3ptica trabajan ya en proyectos de investigaci\u00f3n utilizando las t\u00e9cnicas de espectroscopia Raman, Fotoluminiscencia y Absorci\u00f3n en sistemas nano-estructurados (nanopart\u00edculas de Ag, Au, Grafeno y substratos SERS de diferentes materiales) y mol\u00e9culas (Prote\u00ednas, ARN) para aplicaciones de desinfecci\u00f3n (sanetizaci\u00f3n), la medici\u00f3n de niveles de ox\u00edgeno en sangre de pacientes&nbsp; y de caracterizaci\u00f3n el virus que incluye su detecci\u00f3n r\u00e1pida [7]. Los proyectos en los que se desempe\u00f1an los investigadores asistentes son los siguientes:<\/p>\n\n\n\n<ol class=\"wp-block-list\">\n<li>Detecci\u00f3n de pat\u00f3genos virales mediante espectroscopia Raman<\/li>\n\n\n\n<li>Estudio del efecto de interacci\u00f3n entre capas en las transiciones \u00f3pticas en puntos cu\u00e1nticos de carbono-grafeno y sus aplicaciones como bio-etiquetas para la caracterizaci\u00f3n del virus corona (COVID-19) y flaviviridae. (Dengue)<\/li>\n\n\n\n<li>Preparaci\u00f3n y caracterizaci\u00f3n de puntos cu\u00e1nticos de carbono para futuras aplicaciones fotovoltaicas y posible uso como marcadores moleculares mediante m\u00e9todos amigables con el medio ambiente<\/li>\n\n\n\n<li>Caracterizaci\u00f3n de nanopart\u00edculas de plata para diferentes aplicaciones de desinfecci\u00f3n<\/li>\n<\/ol>\n\n\n\n<div style=\"height:20px\" aria-hidden=\"true\" class=\"wp-block-spacer\"><\/div>\n\n\n\n<div class=\"wp-block-columns is-layout-flex wp-container-core-columns-is-layout-9d6595d7 wp-block-columns-is-layout-flex\">\n<div class=\"wp-block-column is-layout-flow wp-block-column-is-layout-flow\" style=\"flex-basis:33.33%\">\n<figure class=\"wp-block-image size-full\"><img decoding=\"async\" width=\"295\" height=\"427\" src=\"http:\/\/www.cimat.ues.edu.sv\/espectroscopia\/wp-content\/uploads\/sites\/8\/2022\/12\/espec_Covid3_0.png\" alt=\"\" class=\"wp-image-17\" srcset=\"https:\/\/naturales.ues.edu.sv\/espectroscopia\/wp-content\/uploads\/sites\/8\/2022\/12\/espec_Covid3_0.png 295w, https:\/\/naturales.ues.edu.sv\/espectroscopia\/wp-content\/uploads\/sites\/8\/2022\/12\/espec_Covid3_0-207x300.png 207w\" sizes=\"(max-width: 295px) 100vw, 295px\" \/><figcaption class=\"wp-element-caption\"><em>Espectros Raman de diferentes virus incluyendo el del coronavirus. Tomado de referencia 2.<\/em><br><\/figcaption><\/figure>\n<\/div>\n\n\n\n<div class=\"wp-block-column is-layout-flow wp-block-column-is-layout-flow\" style=\"flex-basis:66.66%\">\n<p>Los primeros dos proyectos se ejecutan dentro del marco de la declaratoria de emergencia No 06\/2020 de la Universidad de El Salvador, mientras que el tercer proyecto es financiado parcialmente por el CIC-UES, como el proyecto 16.31. El cuarto es un proyecto desarrollado con la industria.<\/p>\n<\/div>\n<\/div>\n\n\n\n<h3 class=\"wp-block-heading\"><em>Referencias<\/em><\/h3>\n\n\n\n<p><em>[1] J-y. Lim et al., Anal. Chem., 87, 11652(2015).<\/em><\/p>\n\n\n\n<p><em>[2] C. Fan et al., Journal of Food Science, 75, 302(2010)<\/em><\/p>\n\n\n\n<p><em>[3] Pranveer Singh et al., in Reference Module in Life Sciences doi:10.1016\/B978-0-12-809633-8.12245-9<\/em><\/p>\n\n\n\n<p><em>[4] C. Caro et al., en Materiales en Adsorci\u00f3n y Cat\u00e1lisis (2012)<\/em><\/p>\n\n\n\n<p><em>[5] &nbsp;J. D. Driskell et al., PLoS ONE, 5, 1(2010)<\/em><\/p>\n\n\n\n<p><em>[6] A. Loczechin et al., ACS Appl. Mater. Interfaces, 11, 42964 (2019)<\/em><\/p>\n\n\n\n<p><em>[7] J. Cuadra, H. Ponce, and C. Rudamas, In: Proceedings of the 2018 IEEE 38th Central<\/em><\/p>\n\n\n\n<p><em>America and Panama Convention, CONCAPAN 2018. (2018), pp. 1\u20135. doi:<\/em><\/p>\n\n\n\n<p><em>10.1109\/CONCAPAN.2018.8596611.<\/em><\/p>\n","protected":false},"excerpt":{"rendered":"<p>Emergencia COVID-19 Los pat\u00f3genos virales causantes de la influencia, poseen tama\u00f1os en el orden de los 100 nm [1]. En a\u00f1os anteriores se ha reportado un n\u00famero significativo de brotes de infecciones virales [2]. Una de las principales dificultades es su detecci\u00f3n r\u00e1pida [1]. Cuando se presentan brotes con potencial pand\u00e9mico, es necesario una r\u00e1pida [&hellip;]<\/p>\n","protected":false},"author":3,"featured_media":0,"parent":0,"menu_order":0,"comment_status":"closed","ping_status":"closed","template":"","meta":{"footnotes":""},"class_list":["post-67","page","type-page","status-publish","hentry"],"_links":{"self":[{"href":"https:\/\/naturales.ues.edu.sv\/espectroscopia\/wp-json\/wp\/v2\/pages\/67","targetHints":{"allow":["GET"]}}],"collection":[{"href":"https:\/\/naturales.ues.edu.sv\/espectroscopia\/wp-json\/wp\/v2\/pages"}],"about":[{"href":"https:\/\/naturales.ues.edu.sv\/espectroscopia\/wp-json\/wp\/v2\/types\/page"}],"author":[{"embeddable":true,"href":"https:\/\/naturales.ues.edu.sv\/espectroscopia\/wp-json\/wp\/v2\/users\/3"}],"replies":[{"embeddable":true,"href":"https:\/\/naturales.ues.edu.sv\/espectroscopia\/wp-json\/wp\/v2\/comments?post=67"}],"version-history":[{"count":12,"href":"https:\/\/naturales.ues.edu.sv\/espectroscopia\/wp-json\/wp\/v2\/pages\/67\/revisions"}],"predecessor-version":[{"id":92,"href":"https:\/\/naturales.ues.edu.sv\/espectroscopia\/wp-json\/wp\/v2\/pages\/67\/revisions\/92"}],"wp:attachment":[{"href":"https:\/\/naturales.ues.edu.sv\/espectroscopia\/wp-json\/wp\/v2\/media?parent=67"}],"curies":[{"name":"wp","href":"https:\/\/api.w.org\/{rel}","templated":true}]}}