{"id":16,"date":"2023-11-21T18:06:53","date_gmt":"2023-11-21T18:06:53","guid":{"rendered":"https:\/\/www.cimat.ues.edu.sv\/fisica\/?page_id=16"},"modified":"2023-12-06T21:42:53","modified_gmt":"2023-12-06T21:42:53","slug":"mision","status":"publish","type":"page","link":"https:\/\/naturales.ues.edu.sv\/fisica\/mision\/","title":{"rendered":"Filosof\u00eda Institucional"},"content":{"rendered":"\n<div class=\"section-wrapper\" data-id=\"pA2xIm\"><section class=\"wp-block-gutenverse-section guten-element guten-section guten-pA2xIm layout-boxed align-stretch\"><div class=\"guten-background-overlay\"><\/div><div class=\"guten-shape-divider guten-shape-divider-top\"><\/div><div class=\"guten-shape-divider guten-shape-divider-bottom\"><\/div><div class=\"guten-container guten-column-gap-no\">\n<div class=\"wp-block-gutenverse-column guten-element guten-column guten-uQMhiJ\"><div class=\"guten-background-overlay\"><\/div><div class=\"sticky-wrapper\" data-id=\"uQMhiJ\"><div class=\"guten-column-wrapper\">\n<p><\/p>\n\n\n\n<p><\/p>\n\n\n\n<div class=\"section-wrapper\" data-id=\"qn3P4x\"><section class=\"wp-block-gutenverse-section guten-element guten-section guten-qn3P4x layout-boxed align-stretch\"><div class=\"guten-background-overlay\"><\/div><div class=\"guten-shape-divider guten-shape-divider-top\"><\/div><div class=\"guten-shape-divider guten-shape-divider-bottom\"><\/div><div class=\"guten-container guten-column-gap-no\">\n<div class=\"wp-block-gutenverse-column guten-element guten-column guten-nRKeWA\"><div class=\"guten-background-overlay\"><\/div><div class=\"sticky-wrapper\" data-id=\"nRKeWA\"><div class=\"guten-column-wrapper\">\n<h2 class=\"wp-block-gutenverse-heading guten-element guten-J0aNcl animated guten-element-hide desktop-fadeInLeft\">&#8230;&#8230;&#8230;Misi\u00f3n&#8230;&#8230;&#8230;<\/h2>\n\n\n\n<div class=\"guten-element gutenverse-text-editor guten-2rwxvm animated guten-element-hide desktop-fadeInLeft\"><div class=\"text-content-inner\">\n<p class=\"has-text-align-center\"><strong>Misi\u00f3n <\/strong><\/p>\n\n\n\n<p class=\"has-text-align-center has-medium-font-size\">Formar, dentro de los principios \u00e9ticos y racionales de la ciencia, a cient\u00edficos y profesionales l\u00edderes que sean el reflejo de la excelencia y adecuada integraci\u00f3n de las actividades docentes, de investigaci\u00f3n y de extensi\u00f3n      que su personal acad\u00e9mico realice. Asimismo, debe liderar el desarrollo de la F\u00edsica y Geof\u00edsica en el pa\u00eds mediante la generaci\u00f3n, apropiaci\u00f3n, comunicaci\u00f3n, transformaci\u00f3n y aplicaci\u00f3n del conocimiento de las Ciencias F\u00edsicas y Ciencias de la Tierra, respondiendo prioritariamente a las necesidades de la sociedad salvadore\u00f1a<\/p>\n\n\n\n<p><\/p>\n<\/div><\/div>\n<\/div><\/div><\/div>\n\n\n\n<div class=\"wp-block-gutenverse-column guten-element guten-column guten-G4kKQM\"><div class=\"guten-background-overlay\"><\/div><div class=\"sticky-wrapper\" data-id=\"G4kKQM\"><div class=\"guten-column-wrapper\">\n<h2 class=\"wp-block-gutenverse-heading guten-element guten-X1TTDt animated guten-element-hide desktop-fadeInLeft\">&#8230;&#8230;&#8230;.Visi\u00f3n&#8230;&#8230;&#8230;<\/h2>\n\n\n\n<div class=\"guten-element gutenverse-text-editor guten-7nIFYO animated guten-element-hide desktop-fadeInLeft\"><div class=\"text-content-inner\">\n<p class=\"has-text-align-center\"><strong>Visi\u00f3n<\/strong><\/p>\n\n\n\n<p class=\"has-text-align-center has-medium-font-size\">Tener el reconocimiento nacional e internacional como generador de f\u00edsica y geof\u00edsica, y formar cient\u00edficos y profesionales l\u00edderes, proyect\u00e1ndose activamente en la sociedad salvadore\u00f1a. La Escuela de F\u00edsica, fundament\u00e1ndose en su historia, logros, excelencia y alta productividad, deber\u00e1 colaborar a trazar las pol\u00edticas estatales de educaci\u00f3n superior y de desarrollo cient\u00edfico y tecnol\u00f3gico&nbsp;del&nbsp;pa\u00eds.<\/p>\n<\/div><\/div>\n<\/div><\/div><\/div>\n<\/div><\/section><\/div>\n\n\n\n<div class=\"section-wrapper\" data-id=\"duArME\"><section class=\"wp-block-gutenverse-section guten-element guten-section guten-duArME layout-boxed align-stretch\"><div class=\"guten-background-overlay\"><\/div><div class=\"guten-shape-divider guten-shape-divider-top\"><\/div><div class=\"guten-shape-divider guten-shape-divider-bottom\"><\/div><div class=\"guten-container guten-column-gap-no\">\n<div class=\"wp-block-gutenverse-column guten-element guten-column guten-APnSiO\"><div class=\"guten-background-overlay\"><\/div><div class=\"sticky-wrapper\" data-id=\"APnSiO\"><div class=\"guten-column-wrapper\">\n<div class=\"wp-block-gutenverse-image guten-element guten-image guten-Ua5kYb animated guten-element-hide desktop-fadeInLeft\"><a class=\"guten-image-wrapper\"><img fetchpriority=\"high\" decoding=\"async\" class=\"gutenverse-image-box-filled\" src=\"http:\/\/www.cimat.ues.edu.sv\/fisica\/wp-content\/uploads\/sites\/23\/2023\/12\/Imagen-de-WhatsApp-2023-11-28-a-las-11.16.40_0f1bba7c-scaled.jpg\" height=\"1707\" width=\"2560\" \/><\/a><\/div>\n<\/div><\/div><\/div>\n\n\n\n<div class=\"wp-block-gutenverse-column guten-element guten-column guten-oY8ANE\"><div class=\"guten-background-overlay\"><\/div><div class=\"sticky-wrapper\" data-id=\"oY8ANE\"><div class=\"guten-column-wrapper\">\n<div class=\"guten-element guten-ZoZK7w animated guten-element-hide desktop-fadeInRight guten-icon-box icon-position-undefined\"><div class=\"guten-icon-box-wrapper hover-from-left\"><div class=\"icon-box icon-box-header\"><div class=\"icon style-color\"><i class=\"gtn gtn-team-1-light\"><\/i><\/div><\/div><div class=\"icon-box icon-box-body\"><h2 class=\"title\">Departamentos de la Escuela de F\u00edsica<\/h2><p class=\"icon-box-description\">La Escuela de F\u00edsica se compone de cuatro departamentos, los cuales son:<br><strong>Ciencias de la Tierra Investigaciones en<\/strong>:<br>Impacto Ambiental<br>Investigaciones sobre Volcanismo<br>Investigaciones Hidrogeol\u00f3gicas<br>Estudios S\u00edsmicos<br>Servicio de Prospecci\u00f3n Geof\u00edsica<br>Investigaciones sobre Clima Y Contaminaci\u00f3n.<br><strong>Estudio de Descontaminaci\u00f3n de Aguas<\/strong> <strong>Estado S\u00f3lido y Fuentes de Energ\u00eda Investigaciones en:<\/strong><br>Investigaciones sobre Materiales<br>Investigaciones en Magnetismo y Materiales Magn\u00e9ticos<br>Pel\u00edculas Delgadas<br>Investigaciones en Semiconductores<br>Fuentes Renovables de Energ\u00eda<br><strong>F\u00edsica de Radiaciones<br>Investigaciones en:<\/strong><br>Ense\u00f1anza de F\u00edsica Nuclear<br>Investigaciones sobre Contaminaci\u00f3n de Elementos<br>Estables y Radioactivos<br>Asesor\u00eda sobre Protecci\u00f3n Radiol\u00f3gica y Dosimetr\u00eda<br>Investigaci\u00f3n en Hidrogeolog\u00eda Isot\u00f3pica<br>Servicio sobre Base de Datos INIS para El Salvador<br>Aplicaciones de Radiois\u00f3topos y Radiaciones<br>Usos pac\u00edficos de la Ciencia y Tecnolog\u00eda\u00a0Nuclear<br><strong>F\u00edsica Te\u00f3rica y Ense\u00f1anza<br>Investigaciones en:<\/strong><br>Ense\u00f1anza de las Ciencias Naturales en nivel medio y b\u00e1sico de nuestro sistema educativo<br>Talleres, Foros y Congresos con los maestros de Ciencias Naturales del sistema educativo nacional<br>Promueve y realiza investigaci\u00f3n b\u00e1sica en F\u00edsica<br>Servicio de Asesor\u00eda Cient\u00edfica y Pedag\u00f3gica\u00a0(en\u00a0F\u00edsica).<\/p><\/div><\/div><\/div>\n<\/div><\/div><\/div>\n<\/div><\/section><\/div>\n<\/div><\/div><\/div>\n<\/div><\/section><\/div>\n","protected":false},"excerpt":{"rendered":"","protected":false},"author":8,"featured_media":0,"parent":0,"menu_order":0,"comment_status":"closed","ping_status":"closed","template":"","meta":{"footnotes":""},"class_list":["post-16","page","type-page","status-publish","hentry"],"_links":{"self":[{"href":"https:\/\/naturales.ues.edu.sv\/fisica\/wp-json\/wp\/v2\/pages\/16","targetHints":{"allow":["GET"]}}],"collection":[{"href":"https:\/\/naturales.ues.edu.sv\/fisica\/wp-json\/wp\/v2\/pages"}],"about":[{"href":"https:\/\/naturales.ues.edu.sv\/fisica\/wp-json\/wp\/v2\/types\/page"}],"author":[{"embeddable":true,"href":"https:\/\/naturales.ues.edu.sv\/fisica\/wp-json\/wp\/v2\/users\/8"}],"replies":[{"embeddable":true,"href":"https:\/\/naturales.ues.edu.sv\/fisica\/wp-json\/wp\/v2\/comments?post=16"}],"version-history":[{"count":14,"href":"https:\/\/naturales.ues.edu.sv\/fisica\/wp-json\/wp\/v2\/pages\/16\/revisions"}],"predecessor-version":[{"id":75,"href":"https:\/\/naturales.ues.edu.sv\/fisica\/wp-json\/wp\/v2\/pages\/16\/revisions\/75"}],"wp:attachment":[{"href":"https:\/\/naturales.ues.edu.sv\/fisica\/wp-json\/wp\/v2\/media?parent=16"}],"curies":[{"name":"wp","href":"https:\/\/api.w.org\/{rel}","templated":true}]}}