{"id":71,"date":"2022-11-10T16:38:56","date_gmt":"2022-11-10T16:38:56","guid":{"rendered":"http:\/\/www.cimat.ues.edu.sv\/labtox\/home\/"},"modified":"2024-09-10T15:26:24","modified_gmt":"2024-09-10T15:26:24","slug":"home","status":"publish","type":"page","link":"https:\/\/naturales.ues.edu.sv\/labtox\/home\/","title":{"rendered":"Home"},"content":{"rendered":"\n<div class=\"wp-block-group\"><div class=\"wp-block-group__inner-container is-layout-constrained wp-block-group-is-layout-constrained\"><ul class=\"wp-block-latest-posts__list is-grid columns-3 wp-block-latest-posts\"><li><div class=\"wp-block-latest-posts__featured-image\"><img decoding=\"async\" width=\"150\" height=\"94\" src=\"https:\/\/naturales.ues.edu.sv\/labtox\/wp-content\/uploads\/sites\/10\/2025\/03\/IMG_3022.jpeg\" class=\"attachment-thumbnail size-thumbnail wp-post-image\" alt=\"\" style=\"\" \/><\/div><a class=\"wp-block-latest-posts__post-title\" href=\"https:\/\/naturales.ues.edu.sv\/labtox\/2025\/03\/08\/informe-de-fitoplancton-y-estado-trofico-del\/\">Informe de Fitoplancton y estado tr\u00f3fico Embalse Cerr\u00f3n Grande<\/a><\/li>\n<li><div class=\"wp-block-latest-posts__featured-image\"><img decoding=\"async\" width=\"150\" height=\"88\" src=\"https:\/\/naturales.ues.edu.sv\/labtox\/wp-content\/uploads\/sites\/10\/2024\/12\/IMG_9756.jpeg\" class=\"attachment-thumbnail size-thumbnail wp-post-image\" alt=\"\" style=\"\" \/><\/div><a class=\"wp-block-latest-posts__post-title\" href=\"https:\/\/naturales.ues.edu.sv\/labtox\/2024\/12\/20\/informe-de-cianobacterias-toxicas-lago-de-guija\/\">Informe de Cianobacterias t\u00f3xicas \u2013 Lago de G\u00fcija<\/a><\/li>\n<li><a class=\"wp-block-latest-posts__post-title\" href=\"https:\/\/naturales.ues.edu.sv\/labtox\/2024\/12\/07\/informe-monitoreo-de-cianobacterias-toxicas-del-lado-de-ilopango\/\">Informe Monitoreo de Cianobacterias T\u00f3xicas del lado de Ilopango<\/a><\/li>\n<li><div class=\"wp-block-latest-posts__featured-image\"><img decoding=\"async\" width=\"150\" height=\"150\" src=\"https:\/\/naturales.ues.edu.sv\/labtox\/wp-content\/uploads\/sites\/10\/2024\/12\/Informe-Nov-4-Cerron-Grande-151124-01.png\" class=\"attachment-thumbnail size-thumbnail wp-post-image\" alt=\"\" style=\"\" \/><\/div><a class=\"wp-block-latest-posts__post-title\" href=\"https:\/\/naturales.ues.edu.sv\/labtox\/2024\/12\/02\/informe-de-cianobacterias-y-determinacion-de-estado-trofico-del-lago-de-guija\/\">Informe de Cianobacterias y determinaci\u00f3n de estado tr\u00f3fico del Lago de G\u00fcija<\/a><\/li>\n<li><div class=\"wp-block-latest-posts__featured-image\"><img loading=\"lazy\" decoding=\"async\" width=\"150\" height=\"94\" src=\"https:\/\/naturales.ues.edu.sv\/labtox\/wp-content\/uploads\/sites\/10\/2024\/11\/Captura-de-pantalla-2024-11-28-114514.png\" class=\"attachment-thumbnail size-thumbnail wp-post-image\" alt=\"\" style=\"\" \/><\/div><a class=\"wp-block-latest-posts__post-title\" href=\"https:\/\/naturales.ues.edu.sv\/labtox\/2024\/11\/28\/informe-de-cianobacterias-y-determinacion-de-estado-trofico-dellago-de-guija\/\">Informe de Cianobacterias y determinaci\u00f3n de estado tr\u00f3fico delLago de G\u00fcija<\/a><\/li>\n<\/ul><\/div><\/div>\n","protected":false},"excerpt":{"rendered":"","protected":false},"author":1,"featured_media":0,"parent":0,"menu_order":0,"comment_status":"closed","ping_status":"closed","template":"page-templates\/frontpage.php","meta":{"footnotes":""},"class_list":["post-71","page","type-page","status-publish","hentry"],"_links":{"self":[{"href":"https:\/\/naturales.ues.edu.sv\/labtox\/wp-json\/wp\/v2\/pages\/71","targetHints":{"allow":["GET"]}}],"collection":[{"href":"https:\/\/naturales.ues.edu.sv\/labtox\/wp-json\/wp\/v2\/pages"}],"about":[{"href":"https:\/\/naturales.ues.edu.sv\/labtox\/wp-json\/wp\/v2\/types\/page"}],"author":[{"embeddable":true,"href":"https:\/\/naturales.ues.edu.sv\/labtox\/wp-json\/wp\/v2\/users\/1"}],"replies":[{"embeddable":true,"href":"https:\/\/naturales.ues.edu.sv\/labtox\/wp-json\/wp\/v2\/comments?post=71"}],"version-history":[{"count":3,"href":"https:\/\/naturales.ues.edu.sv\/labtox\/wp-json\/wp\/v2\/pages\/71\/revisions"}],"predecessor-version":[{"id":387,"href":"https:\/\/naturales.ues.edu.sv\/labtox\/wp-json\/wp\/v2\/pages\/71\/revisions\/387"}],"wp:attachment":[{"href":"https:\/\/naturales.ues.edu.sv\/labtox\/wp-json\/wp\/v2\/media?parent=71"}],"curies":[{"name":"wp","href":"https:\/\/api.w.org\/{rel}","templated":true}]}}