{"id":14,"date":"2023-11-21T17:36:44","date_gmt":"2023-11-21T17:36:44","guid":{"rendered":"https:\/\/www.cimat.ues.edu.sv\/matematica\/?page_id=14"},"modified":"2024-02-22T16:43:29","modified_gmt":"2024-02-22T16:43:29","slug":"mision","status":"publish","type":"page","link":"https:\/\/naturales.ues.edu.sv\/matematica\/mision\/","title":{"rendered":"Misi\u00f3n"},"content":{"rendered":"\n<p>Formar profesionales con excelencia acad\u00e9mica en el estudio y ense\u00f1anza de la matem\u00e1tica principalmente para tener un<br>impacto importante en el sistema educativo del pa\u00eds, as\u00ed como contribuir en la investigaci\u00f3n y aplicaci\u00f3n de la matem\u00e1tica<br>para incidir positivamente en el desarrollo y bienestar de la sociedad salvadore\u00f1a.<\/p>\n","protected":false},"excerpt":{"rendered":"<p>Formar profesionales con excelencia acad\u00e9mica en el estudio y ense\u00f1anza de la matem\u00e1tica principalmente para tener unimpacto importante en el sistema educativo del pa\u00eds, as\u00ed como contribuir en la investigaci\u00f3n&hellip;<\/p>\n","protected":false},"author":6,"featured_media":0,"parent":0,"menu_order":0,"comment_status":"closed","ping_status":"closed","template":"","meta":{"footnotes":""},"class_list":["post-14","page","type-page","status-publish","hentry"],"_links":{"self":[{"href":"https:\/\/naturales.ues.edu.sv\/matematica\/wp-json\/wp\/v2\/pages\/14","targetHints":{"allow":["GET"]}}],"collection":[{"href":"https:\/\/naturales.ues.edu.sv\/matematica\/wp-json\/wp\/v2\/pages"}],"about":[{"href":"https:\/\/naturales.ues.edu.sv\/matematica\/wp-json\/wp\/v2\/types\/page"}],"author":[{"embeddable":true,"href":"https:\/\/naturales.ues.edu.sv\/matematica\/wp-json\/wp\/v2\/users\/6"}],"replies":[{"embeddable":true,"href":"https:\/\/naturales.ues.edu.sv\/matematica\/wp-json\/wp\/v2\/comments?post=14"}],"version-history":[{"count":2,"href":"https:\/\/naturales.ues.edu.sv\/matematica\/wp-json\/wp\/v2\/pages\/14\/revisions"}],"predecessor-version":[{"id":183,"href":"https:\/\/naturales.ues.edu.sv\/matematica\/wp-json\/wp\/v2\/pages\/14\/revisions\/183"}],"wp:attachment":[{"href":"https:\/\/naturales.ues.edu.sv\/matematica\/wp-json\/wp\/v2\/media?parent=14"}],"curies":[{"name":"wp","href":"https:\/\/api.w.org\/{rel}","templated":true}]}}