{"id":15,"date":"2023-11-21T17:36:44","date_gmt":"2023-11-21T17:36:44","guid":{"rendered":"https:\/\/www.cimat.ues.edu.sv\/matematica\/?page_id=15"},"modified":"2024-02-22T16:44:01","modified_gmt":"2024-02-22T16:44:01","slug":"vision","status":"publish","type":"page","link":"https:\/\/naturales.ues.edu.sv\/matematica\/vision\/","title":{"rendered":"Visi\u00f3n"},"content":{"rendered":"\n<p>Ser una instituci\u00f3n de referencia en la regi\u00f3n en el estudio, ense\u00f1anza, investigaci\u00f3n y aplicaci\u00f3n de la matem\u00e1tica, contribuyendo a la formaci\u00f3n de profesionales que trasciendan con sus conocimientos en las diversas \u00e1reas del desarrollo de la sociedad salvadore\u00f1a.<\/p>\n","protected":false},"excerpt":{"rendered":"<p>Ser una instituci\u00f3n de referencia en la regi\u00f3n en el estudio, ense\u00f1anza, investigaci\u00f3n y aplicaci\u00f3n de la matem\u00e1tica, contribuyendo a la formaci\u00f3n de profesionales que trasciendan con sus conocimientos en&hellip;<\/p>\n","protected":false},"author":6,"featured_media":0,"parent":0,"menu_order":0,"comment_status":"closed","ping_status":"closed","template":"","meta":{"footnotes":""},"class_list":["post-15","page","type-page","status-publish","hentry"],"_links":{"self":[{"href":"https:\/\/naturales.ues.edu.sv\/matematica\/wp-json\/wp\/v2\/pages\/15","targetHints":{"allow":["GET"]}}],"collection":[{"href":"https:\/\/naturales.ues.edu.sv\/matematica\/wp-json\/wp\/v2\/pages"}],"about":[{"href":"https:\/\/naturales.ues.edu.sv\/matematica\/wp-json\/wp\/v2\/types\/page"}],"author":[{"embeddable":true,"href":"https:\/\/naturales.ues.edu.sv\/matematica\/wp-json\/wp\/v2\/users\/6"}],"replies":[{"embeddable":true,"href":"https:\/\/naturales.ues.edu.sv\/matematica\/wp-json\/wp\/v2\/comments?post=15"}],"version-history":[{"count":2,"href":"https:\/\/naturales.ues.edu.sv\/matematica\/wp-json\/wp\/v2\/pages\/15\/revisions"}],"predecessor-version":[{"id":184,"href":"https:\/\/naturales.ues.edu.sv\/matematica\/wp-json\/wp\/v2\/pages\/15\/revisions\/184"}],"wp:attachment":[{"href":"https:\/\/naturales.ues.edu.sv\/matematica\/wp-json\/wp\/v2\/media?parent=15"}],"curies":[{"name":"wp","href":"https:\/\/api.w.org\/{rel}","templated":true}]}}