{"id":16,"date":"2023-11-21T17:36:44","date_gmt":"2023-11-21T17:36:44","guid":{"rendered":"https:\/\/www.cimat.ues.edu.sv\/matematica\/?page_id=16"},"modified":"2024-04-10T20:04:38","modified_gmt":"2024-04-10T20:04:38","slug":"objetivos","status":"publish","type":"page","link":"https:\/\/naturales.ues.edu.sv\/matematica\/objetivos\/","title":{"rendered":"Objetivos"},"content":{"rendered":"\n<h2 class=\"wp-block-heading\">Objetivos<\/h2>\n\n\n\n<p>Por medio de los diferentes departamentos se ejecutan diversas actividades para alcanzar el objetivo tales como:<\/p>\n\n\n\n<p>Ser una instituci\u00f3n de referencia en la regi\u00f3n en el estudio, ense\u00f1anza y aplicaci\u00f3n de la matem\u00e1tica.<\/p>\n\n\n\n<ul class=\"wp-block-list\">\n<li>Talleres dirigidos a la ense\u00f1anza de la matem\u00e1tica<\/li>\n\n\n\n<li>Seminario Estudiantil<\/li>\n<\/ul>\n\n\n\n<p>Establecer una red de interacci\u00f3n acad\u00e9mica tanto nacional como internacional con diversos actores que tienen inter\u00e9s en la promoci\u00f3n de la matem\u00e1tica como una disciplina vital para el desarrollo de la sociedad.&nbsp;<\/p>\n\n\n\n<p>Coloquios en los que se exponen avances de investigaciones de docentes de la Escuela e invitados.<\/p>\n\n\n\n<p>Fomentar y consolidar la investigaci\u00f3n cient\u00edfica en el \u00e1rea de matem\u00e1tica en el pa\u00eds.<\/p>\n\n\n\n<ul class=\"wp-block-list\">\n<li>Materias electivas orientadas a la promoci\u00f3n de la matem\u00e1tica aplicada.<\/li>\n\n\n\n<li>Diferentes eventos que se desarrollan durante el a\u00f1o.<\/li>\n<\/ul>\n","protected":false},"excerpt":{"rendered":"<p>Objetivos Por medio de los diferentes departamentos se ejecutan diversas actividades para alcanzar el objetivo tales como: Ser una instituci\u00f3n de referencia en la regi\u00f3n en el estudio, ense\u00f1anza y&hellip;<\/p>\n","protected":false},"author":4,"featured_media":0,"parent":0,"menu_order":0,"comment_status":"closed","ping_status":"closed","template":"","meta":{"footnotes":""},"class_list":["post-16","page","type-page","status-publish","hentry"],"_links":{"self":[{"href":"https:\/\/naturales.ues.edu.sv\/matematica\/wp-json\/wp\/v2\/pages\/16","targetHints":{"allow":["GET"]}}],"collection":[{"href":"https:\/\/naturales.ues.edu.sv\/matematica\/wp-json\/wp\/v2\/pages"}],"about":[{"href":"https:\/\/naturales.ues.edu.sv\/matematica\/wp-json\/wp\/v2\/types\/page"}],"author":[{"embeddable":true,"href":"https:\/\/naturales.ues.edu.sv\/matematica\/wp-json\/wp\/v2\/users\/4"}],"replies":[{"embeddable":true,"href":"https:\/\/naturales.ues.edu.sv\/matematica\/wp-json\/wp\/v2\/comments?post=16"}],"version-history":[{"count":4,"href":"https:\/\/naturales.ues.edu.sv\/matematica\/wp-json\/wp\/v2\/pages\/16\/revisions"}],"predecessor-version":[{"id":197,"href":"https:\/\/naturales.ues.edu.sv\/matematica\/wp-json\/wp\/v2\/pages\/16\/revisions\/197"}],"wp:attachment":[{"href":"https:\/\/naturales.ues.edu.sv\/matematica\/wp-json\/wp\/v2\/media?parent=16"}],"curies":[{"name":"wp","href":"https:\/\/api.w.org\/{rel}","templated":true}]}}