{"id":18,"date":"2023-11-21T17:36:44","date_gmt":"2023-11-21T17:36:44","guid":{"rendered":"https:\/\/www.cimat.ues.edu.sv\/matematica\/?page_id=18"},"modified":"2026-02-18T20:51:15","modified_gmt":"2026-02-18T20:51:15","slug":"direccion","status":"publish","type":"page","link":"https:\/\/naturales.ues.edu.sv\/matematica\/direccion\/","title":{"rendered":"Direcci\u00f3n"},"content":{"rendered":"\n<div class=\"wp-block-media-text is-stacked-on-mobile\"><figure class=\"wp-block-media-text__media\"><img fetchpriority=\"high\" decoding=\"async\" width=\"1024\" height=\"1024\" src=\"http:\/\/naturales.ues.edu.sv\/matematica\/wp-content\/uploads\/sites\/24\/2024\/02\/IMG_9987-1024x1024.jpg\" alt=\"\" class=\"wp-image-1070 size-full\" srcset=\"https:\/\/naturales.ues.edu.sv\/matematica\/wp-content\/uploads\/sites\/24\/2024\/02\/IMG_9987-1024x1024.jpg 1024w, https:\/\/naturales.ues.edu.sv\/matematica\/wp-content\/uploads\/sites\/24\/2024\/02\/IMG_9987-300x300.jpg 300w, https:\/\/naturales.ues.edu.sv\/matematica\/wp-content\/uploads\/sites\/24\/2024\/02\/IMG_9987-150x150.jpg 150w, https:\/\/naturales.ues.edu.sv\/matematica\/wp-content\/uploads\/sites\/24\/2024\/02\/IMG_9987-768x768.jpg 768w, https:\/\/naturales.ues.edu.sv\/matematica\/wp-content\/uploads\/sites\/24\/2024\/02\/IMG_9987.jpg 1080w\" sizes=\"(max-width: 1024px) 100vw, 1024px\" \/><\/figure><div class=\"wp-block-media-text__content\">\n<p><strong>Dr. Dimas Noe Tejada Tejada<\/strong><\/p>\n\n\n\n<p>En la\u00a0Facultad de Ciencias Naturales y Matem\u00e1tica de la Universidad de El Salvador, el Director de Escuela ejecuta los acuerdos de la Junta Directiva, del Comit\u00e9 T\u00e9cnico Asesor y de la Asamblea del Personal Acad\u00e9mico, y act\u00faa como enlace permanente entre la Escuela, la Junta Directiva y el Decanato. Desde esta funci\u00f3n, coordina y da seguimiento a los procesos acad\u00e9micos y administrativos de la unidad.<br><br>Asimismo, convoca y preside las reuniones del personal acad\u00e9mico, propone de manera fundamentada ante las instancias correspondientes el cupo m\u00e1ximo de estudiantes por curso o modalidad, informa al Decano y a la Junta Directiva sobre irregularidades o faltas disciplinarias, conforma comisiones para el an\u00e1lisis de situaciones espec\u00edficas, propone el nombramiento del personal administrativo requerido y presenta los informes de labores solicitados por la Junta Directiva, el Rector o los Vicerrectores, de conformidad con el Reglamento General de la Facultad.<\/p>\n<\/div><\/div>\n","protected":false},"excerpt":{"rendered":"<p>Dr. Dimas Noe Tejada Tejada En la\u00a0Facultad de Ciencias Naturales y Matem\u00e1tica de la Universidad de El Salvador, el Director de Escuela ejecuta los acuerdos de la Junta Directiva, del&hellip;<\/p>\n","protected":false},"author":4,"featured_media":0,"parent":0,"menu_order":0,"comment_status":"closed","ping_status":"closed","template":"","meta":{"footnotes":""},"class_list":["post-18","page","type-page","status-publish","hentry"],"_links":{"self":[{"href":"https:\/\/naturales.ues.edu.sv\/matematica\/wp-json\/wp\/v2\/pages\/18","targetHints":{"allow":["GET"]}}],"collection":[{"href":"https:\/\/naturales.ues.edu.sv\/matematica\/wp-json\/wp\/v2\/pages"}],"about":[{"href":"https:\/\/naturales.ues.edu.sv\/matematica\/wp-json\/wp\/v2\/types\/page"}],"author":[{"embeddable":true,"href":"https:\/\/naturales.ues.edu.sv\/matematica\/wp-json\/wp\/v2\/users\/4"}],"replies":[{"embeddable":true,"href":"https:\/\/naturales.ues.edu.sv\/matematica\/wp-json\/wp\/v2\/comments?post=18"}],"version-history":[{"count":19,"href":"https:\/\/naturales.ues.edu.sv\/matematica\/wp-json\/wp\/v2\/pages\/18\/revisions"}],"predecessor-version":[{"id":1385,"href":"https:\/\/naturales.ues.edu.sv\/matematica\/wp-json\/wp\/v2\/pages\/18\/revisions\/1385"}],"wp:attachment":[{"href":"https:\/\/naturales.ues.edu.sv\/matematica\/wp-json\/wp\/v2\/media?parent=18"}],"curies":[{"name":"wp","href":"https:\/\/api.w.org\/{rel}","templated":true}]}}