{"id":20,"date":"2023-11-21T17:36:44","date_gmt":"2023-11-21T17:36:44","guid":{"rendered":"https:\/\/www.cimat.ues.edu.sv\/matematica\/?page_id=20"},"modified":"2025-12-12T15:32:26","modified_gmt":"2025-12-12T15:32:26","slug":"carreras-pregrado","status":"publish","type":"page","link":"https:\/\/naturales.ues.edu.sv\/matematica\/carreras-pregrado\/","title":{"rendered":"Carreras Pregrado"},"content":{"rendered":"\t\t<div data-elementor-type=\"wp-page\" data-elementor-id=\"20\" class=\"elementor elementor-20\">\n\t\t\t\t\t\t<section class=\"elementor-section elementor-top-section elementor-element elementor-element-2ceb0580 elementor-section-boxed elementor-section-height-default elementor-section-height-default\" data-id=\"2ceb0580\" data-element_type=\"section\" data-e-type=\"section\">\n\t\t\t\t\t\t<div class=\"elementor-container elementor-column-gap-default\">\n\t\t\t\t\t<div class=\"elementor-column elementor-col-100 elementor-top-column elementor-element elementor-element-1c2ff522\" data-id=\"1c2ff522\" data-element_type=\"column\" data-e-type=\"column\">\n\t\t\t<div class=\"elementor-widget-wrap elementor-element-populated\">\n\t\t\t\t\t\t<div class=\"elementor-element elementor-element-23da891a elementor-widget__width-initial elementor-widget elementor-widget-text-editor\" data-id=\"23da891a\" data-element_type=\"widget\" data-e-type=\"widget\" data-widget_type=\"text-editor.default\">\n\t\t\t\t<div class=\"elementor-widget-container\">\n\t\t\t\t\t\t\t\t\t\n<div class=\"wp-block-group is-layout-grid wp-container-core-group-is-layout-9649a0d9 wp-block-group-is-layout-grid\">\n<div class=\"wp-block-media-text is-stacked-on-mobile wp-container-content-5f80b302\">\n<h1 class=\"wp-block-media-text__media\"><img fetchpriority=\"high\" decoding=\"async\" width=\"647\" height=\"834\" class=\"wp-image-841 size-full aligncenter\" src=\"https:\/\/naturales.ues.edu.sv\/matematica\/wp-content\/uploads\/sites\/24\/2025\/06\/imagen_2025-06-24_134919428.jpg\" alt=\"\" srcset=\"https:\/\/naturales.ues.edu.sv\/matematica\/wp-content\/uploads\/sites\/24\/2025\/06\/imagen_2025-06-24_134919428.jpg 647w, https:\/\/naturales.ues.edu.sv\/matematica\/wp-content\/uploads\/sites\/24\/2025\/06\/imagen_2025-06-24_134919428-233x300.jpg 233w\" sizes=\"(max-width: 647px) 100vw, 647px\" \/><\/h1>\n<div class=\"wp-block-media-text__content\" style=\"text-align: center\">\n<h5><a href=\"https:\/\/naturales.ues.edu.sv\/matematica\/2023\/06\/24\/profesorado-en-matematica-para-tercer-ciclo-de-educacion-basica-y-educacion-media\/\" data-type=\"link\" data-id=\"https:\/\/naturales.ues.edu.sv\/matematica\/2023\/06\/24\/profesorado-en-matematica-para-tercer-ciclo-de-educacion-basica-y-educacion-media\/\"><strong>Profesorado en Matem\u00e1tica para Tercer Ciclo de Educaci\u00f3n B\u00e1sica y Educaci\u00f3n Media<\/strong><\/a><\/h5>\n<\/div>\n<\/div>\n\n<div class=\"wp-block-media-text is-stacked-on-mobile wp-container-content-5f80b302\">\n<figure class=\"wp-block-media-text__media\"><img decoding=\"async\" width=\"647\" height=\"836\" class=\"wp-image-842 size-full\" src=\"https:\/\/naturales.ues.edu.sv\/matematica\/wp-content\/uploads\/sites\/24\/2025\/06\/imagen_2025-06-24_134945112.jpg\" alt=\"\" srcset=\"https:\/\/naturales.ues.edu.sv\/matematica\/wp-content\/uploads\/sites\/24\/2025\/06\/imagen_2025-06-24_134945112.jpg 647w, https:\/\/naturales.ues.edu.sv\/matematica\/wp-content\/uploads\/sites\/24\/2025\/06\/imagen_2025-06-24_134945112-232x300.jpg 232w\" sizes=\"(max-width: 647px) 100vw, 647px\" \/><\/figure>\n<div class=\"wp-block-media-text__content\">\n<h5><a href=\"https:\/\/naturales.ues.edu.sv\/matematica\/2023\/06\/24\/licenciatura-en-ensenanza-de-la-matematica\/\" data-type=\"link\" data-id=\"https:\/\/naturales.ues.edu.sv\/matematica\/2023\/06\/24\/licenciatura-en-ensenanza-de-la-matematica\/\">Licenciatura en Ense\u00f1anza de la Matem\u00e1tica<\/a><\/h5>\n<\/div>\n<\/div>\n<\/div>\n\n<div class=\"wp-block-group is-layout-grid wp-container-core-group-is-layout-9649a0d9 wp-block-group-is-layout-grid\">\n<div class=\"wp-block-media-text is-stacked-on-mobile wp-container-content-5f80b302\">\n<figure class=\"wp-block-media-text__media\"><img decoding=\"async\" width=\"641\" height=\"836\" class=\"wp-image-843 size-full\" src=\"https:\/\/naturales.ues.edu.sv\/matematica\/wp-content\/uploads\/sites\/24\/2025\/06\/imagen_2025-06-24_135000884.jpg\" alt=\"\" srcset=\"https:\/\/naturales.ues.edu.sv\/matematica\/wp-content\/uploads\/sites\/24\/2025\/06\/imagen_2025-06-24_135000884.jpg 641w, https:\/\/naturales.ues.edu.sv\/matematica\/wp-content\/uploads\/sites\/24\/2025\/06\/imagen_2025-06-24_135000884-230x300.jpg 230w\" sizes=\"(max-width: 641px) 100vw, 641px\" \/><\/figure>\n<div class=\"wp-block-media-text__content\">\n<h5><a href=\"https:\/\/naturales.ues.edu.sv\/matematica\/2023\/06\/24\/licenciatura-en-estadistica-y-ciencia-de-datos\/\" data-type=\"link\" data-id=\"https:\/\/naturales.ues.edu.sv\/matematica\/2023\/06\/24\/licenciatura-en-estadistica-y-ciencia-de-datos\/\">Licenciatura en Estad\u00edstica y Ciencia de Datos<\/a><\/h5>\n<\/div>\n<\/div>\n\n<div class=\"wp-block-media-text is-stacked-on-mobile wp-container-content-5f80b302\">\n<figure class=\"wp-block-media-text__media\"><img loading=\"lazy\" decoding=\"async\" width=\"496\" height=\"642\" class=\"wp-image-840 size-full\" src=\"https:\/\/naturales.ues.edu.sv\/matematica\/wp-content\/uploads\/sites\/24\/2025\/06\/imagen_2025-06-24_134850428.png\" alt=\"\" srcset=\"https:\/\/naturales.ues.edu.sv\/matematica\/wp-content\/uploads\/sites\/24\/2025\/06\/imagen_2025-06-24_134850428.png 496w, https:\/\/naturales.ues.edu.sv\/matematica\/wp-content\/uploads\/sites\/24\/2025\/06\/imagen_2025-06-24_134850428-232x300.png 232w\" sizes=\"(max-width: 496px) 100vw, 496px\" \/><\/figure>\n<div class=\"wp-block-media-text__content\">\n<h5><a href=\"https:\/\/naturales.ues.edu.sv\/matematica\/2023\/06\/24\/licenciatura-en-matematica\/\" data-type=\"link\" data-id=\"https:\/\/naturales.ues.edu.sv\/matematica\/2023\/06\/24\/licenciatura-en-matematica\/\">Licenciatura en Matem\u00e1tica<\/a><\/h5>\n<\/div>\n<\/div>\n<\/div>\n\n<p>\u00a0<\/p>\n\t\t\t\t\t\t\t\t<\/div>\n\t\t\t\t<\/div>\n\t\t\t\t\t<\/div>\n\t\t<\/div>\n\t\t\t\t\t<\/div>\n\t\t<\/section>\n\t\t\t\t<section class=\"elementor-section elementor-top-section elementor-element elementor-element-eeb6d18 elementor-section-boxed elementor-section-height-default elementor-section-height-default\" data-id=\"eeb6d18\" data-element_type=\"section\" data-e-type=\"section\">\n\t\t\t\t\t\t<div class=\"elementor-container elementor-column-gap-default\">\n\t\t\t\t\t<div class=\"elementor-column elementor-col-100 elementor-top-column elementor-element elementor-element-5200c4f\" data-id=\"5200c4f\" data-element_type=\"column\" data-e-type=\"column\">\n\t\t\t<div class=\"elementor-widget-wrap elementor-element-populated\">\n\t\t\t\t\t\t<section class=\"elementor-section elementor-inner-section elementor-element elementor-element-dcaa244 elementor-section-boxed elementor-section-height-default elementor-section-height-default\" data-id=\"dcaa244\" data-element_type=\"section\" data-e-type=\"section\">\n\t\t\t\t\t\t<div class=\"elementor-container elementor-column-gap-default\">\n\t\t\t\t\t<div class=\"elementor-column elementor-col-50 elementor-inner-column elementor-element elementor-element-9c6491d\" data-id=\"9c6491d\" data-element_type=\"column\" data-e-type=\"column\">\n\t\t\t<div class=\"elementor-widget-wrap\">\n\t\t\t\t\t\t\t<\/div>\n\t\t<\/div>\n\t\t\t\t<div class=\"elementor-column elementor-col-50 elementor-inner-column elementor-element elementor-element-5888bda\" data-id=\"5888bda\" data-element_type=\"column\" data-e-type=\"column\">\n\t\t\t<div class=\"elementor-widget-wrap\">\n\t\t\t\t\t\t\t<\/div>\n\t\t<\/div>\n\t\t\t\t\t<\/div>\n\t\t<\/section>\n\t\t\t\t\t<\/div>\n\t\t<\/div>\n\t\t\t\t\t<\/div>\n\t\t<\/section>\n\t\t\t\t<\/div>\n\t\t","protected":false},"excerpt":{"rendered":"<p>Profesorado en Matem\u00e1tica para Tercer Ciclo de Educaci\u00f3n B\u00e1sica y Educaci\u00f3n Media Licenciatura en Ense\u00f1anza de la Matem\u00e1tica Licenciatura en Estad\u00edstica y Ciencia de Datos Licenciatura en Matem\u00e1tica \u00a0<\/p>\n","protected":false},"author":6,"featured_media":0,"parent":0,"menu_order":0,"comment_status":"closed","ping_status":"closed","template":"","meta":{"footnotes":""},"class_list":["post-20","page","type-page","status-publish","hentry"],"_links":{"self":[{"href":"https:\/\/naturales.ues.edu.sv\/matematica\/wp-json\/wp\/v2\/pages\/20","targetHints":{"allow":["GET"]}}],"collection":[{"href":"https:\/\/naturales.ues.edu.sv\/matematica\/wp-json\/wp\/v2\/pages"}],"about":[{"href":"https:\/\/naturales.ues.edu.sv\/matematica\/wp-json\/wp\/v2\/types\/page"}],"author":[{"embeddable":true,"href":"https:\/\/naturales.ues.edu.sv\/matematica\/wp-json\/wp\/v2\/users\/6"}],"replies":[{"embeddable":true,"href":"https:\/\/naturales.ues.edu.sv\/matematica\/wp-json\/wp\/v2\/comments?post=20"}],"version-history":[{"count":20,"href":"https:\/\/naturales.ues.edu.sv\/matematica\/wp-json\/wp\/v2\/pages\/20\/revisions"}],"predecessor-version":[{"id":1208,"href":"https:\/\/naturales.ues.edu.sv\/matematica\/wp-json\/wp\/v2\/pages\/20\/revisions\/1208"}],"wp:attachment":[{"href":"https:\/\/naturales.ues.edu.sv\/matematica\/wp-json\/wp\/v2\/media?parent=20"}],"curies":[{"name":"wp","href":"https:\/\/api.w.org\/{rel}","templated":true}]}}