{"id":418,"date":"2025-03-12T20:08:06","date_gmt":"2025-03-12T20:08:06","guid":{"rendered":"https:\/\/naturales.ues.edu.sv\/matematica\/?page_id=418"},"modified":"2025-09-23T17:06:35","modified_gmt":"2025-09-23T17:06:35","slug":"2024-2","status":"publish","type":"page","link":"https:\/\/naturales.ues.edu.sv\/matematica\/2024-2\/","title":{"rendered":"EVENTOS 2024"},"content":{"rendered":"\n<div class=\"wp-block-group is-layout-grid wp-container-core-group-is-layout-9649a0d9 wp-block-group-is-layout-grid\">\n<div class=\"wp-block-media-text is-stacked-on-mobile wp-container-content-5f80b302\"><figure class=\"wp-block-media-text__media\"><img fetchpriority=\"high\" decoding=\"async\" width=\"660\" height=\"440\" src=\"https:\/\/naturales.ues.edu.sv\/matematica\/wp-content\/uploads\/sites\/24\/2025\/05\/Imagen1-1.jpg\" alt=\"\" class=\"wp-image-620 size-full\" \/><\/figure><div class=\"wp-block-media-text__content\">\n<p class=\"has-text-align-center\"><strong><a href=\"https:\/\/naturales.ues.edu.sv\/matematica\/2024\/10\/11\/escuela-de-matematica-desarrolla-seminario-en-estadistica\/\" data-type=\"link\" data-id=\"https:\/\/naturales.ues.edu.sv\/matematica\/2024\/10\/11\/escuela-de-matematica-desarrolla-seminario-en-estadistica\/\">Escuela de Matem\u00e1tica desarrolla seminario en estad\u00edstica<\/a><\/strong><\/p>\n<\/div><\/div>\n\n\n\n<div class=\"wp-block-media-text is-stacked-on-mobile wp-container-content-5f80b302\"><figure class=\"wp-block-media-text__media\"><img decoding=\"async\" width=\"651\" height=\"434\" src=\"https:\/\/naturales.ues.edu.sv\/matematica\/wp-content\/uploads\/sites\/24\/2025\/05\/Imagen2.jpg\" alt=\"\" class=\"wp-image-622 size-full\" \/><\/figure><div class=\"wp-block-media-text__content\">\n<p class=\"has-text-align-center\"><strong><a href=\"https:\/\/naturales.ues.edu.sv\/matematica\/2024\/10\/11\/escuela-de-matematica-desarrolla-ponencia-en-algebra\/\" data-type=\"link\" data-id=\"https:\/\/naturales.ues.edu.sv\/matematica\/2024\/10\/11\/escuela-de-matematica-desarrolla-ponencia-en-algebra\/\">Escuela de Matem\u00e1tica desarrolla ponencia en \u00e1lgebra<\/a><\/strong><\/p>\n<\/div><\/div>\n<\/div>\n\n\n\n<div style=\"height:100px\" aria-hidden=\"true\" class=\"wp-block-spacer\"><\/div>\n\n\n\n<div class=\"wp-block-group is-layout-grid wp-container-core-group-is-layout-9649a0d9 wp-block-group-is-layout-grid\">\n<div class=\"wp-block-media-text is-stacked-on-mobile wp-container-content-5f80b302\"><figure class=\"wp-block-media-text__media\"><img decoding=\"async\" width=\"662\" height=\"442\" src=\"https:\/\/naturales.ues.edu.sv\/matematica\/wp-content\/uploads\/sites\/24\/2025\/05\/Imagen3.jpg\" alt=\"\" class=\"wp-image-623 size-full\" \/><\/figure><div class=\"wp-block-media-text__content\">\n<p class=\"has-text-align-center\"><strong><a href=\"https:\/\/naturales.ues.edu.sv\/matematica\/2024\/10\/18\/charla-sobre-intuicion-en-la-educacion-matematica\/\" data-type=\"link\" data-id=\"https:\/\/naturales.ues.edu.sv\/matematica\/2024\/10\/18\/charla-sobre-intuicion-en-la-educacion-matematica\/\">Charla sobre intuici\u00f3n en la educaci\u00f3n matem\u00e1tica<\/a><\/strong><\/p>\n<\/div><\/div>\n\n\n\n<div class=\"wp-block-media-text is-stacked-on-mobile wp-container-content-5f80b302\"><figure class=\"wp-block-media-text__media\"><img loading=\"lazy\" decoding=\"async\" width=\"628\" height=\"419\" src=\"https:\/\/naturales.ues.edu.sv\/matematica\/wp-content\/uploads\/sites\/24\/2025\/05\/Imagen4.jpg\" alt=\"\" class=\"wp-image-624 size-full\" \/><\/figure><div class=\"wp-block-media-text__content\">\n<p class=\"has-text-align-center\"><strong><a href=\"https:\/\/naturales.ues.edu.sv\/matematica\/2024\/11\/09\/licenciatura-en-informatica-educativa-realiza-jornada-estudiantil\/\" data-type=\"link\" data-id=\"https:\/\/naturales.ues.edu.sv\/matematica\/2024\/11\/09\/licenciatura-en-informatica-educativa-realiza-jornada-estudiantil\/\">Licenciatura en Inform\u00e1tica Educativa realiza Jornada Estudiantil<\/a><\/strong><\/p>\n<\/div><\/div>\n<\/div>\n\n\n\n<div style=\"height:100px\" aria-hidden=\"true\" class=\"wp-block-spacer\"><\/div>\n\n\n\n<div class=\"wp-block-group is-layout-grid wp-container-core-group-is-layout-9649a0d9 wp-block-group-is-layout-grid\">\n<div class=\"wp-block-media-text is-stacked-on-mobile wp-container-content-5f80b302\"><figure class=\"wp-block-media-text__media\"><img loading=\"lazy\" decoding=\"async\" width=\"639\" height=\"426\" src=\"https:\/\/naturales.ues.edu.sv\/matematica\/wp-content\/uploads\/sites\/24\/2025\/05\/Imagen5.jpg\" alt=\"\" class=\"wp-image-625 size-full\" \/><\/figure><div class=\"wp-block-media-text__content\">\n<p class=\"has-text-align-center\"><strong><a href=\"https:\/\/naturales.ues.edu.sv\/matematica\/2024\/03\/14\/facultad-celebra-el-dia-del-matematico-salvadoreno\/\" data-type=\"link\" data-id=\"https:\/\/naturales.ues.edu.sv\/matematica\/2024\/03\/14\/facultad-celebra-el-dia-del-matematico-salvadoreno\/\">Facultad celebra el D\u00eda del Matem\u00e1tico Salvadore\u00f1o<\/a><\/strong><\/p>\n<\/div><\/div>\n\n\n\n<div class=\"wp-block-media-text is-stacked-on-mobile wp-container-content-5f80b302\"><figure class=\"wp-block-media-text__media\"><img loading=\"lazy\" decoding=\"async\" width=\"665\" height=\"443\" src=\"https:\/\/naturales.ues.edu.sv\/matematica\/wp-content\/uploads\/sites\/24\/2025\/05\/Imagen6.jpg\" alt=\"\" class=\"wp-image-626 size-full\" \/><\/figure><div class=\"wp-block-media-text__content\">\n<p class=\"has-text-align-center\"><strong><a href=\"https:\/\/naturales.ues.edu.sv\/matematica\/2024\/04\/26\/escuela-de-matematica-desarrolla-conferencia-sobre-curvas-elipticas\/\" data-type=\"link\" data-id=\"https:\/\/naturales.ues.edu.sv\/matematica\/2024\/04\/26\/escuela-de-matematica-desarrolla-conferencia-sobre-curvas-elipticas\/\">Escuela de Matem\u00e1tica desarrolla conferencia sobre curvas el\u00edpticas<\/a><\/strong><\/p>\n<\/div><\/div>\n<\/div>\n\n\n\n<div style=\"height:100px\" aria-hidden=\"true\" class=\"wp-block-spacer\"><\/div>\n\n\n\n<div class=\"wp-block-group is-layout-grid wp-container-core-group-is-layout-9649a0d9 wp-block-group-is-layout-grid\">\n<div class=\"wp-block-media-text is-stacked-on-mobile wp-container-content-5f80b302\"><figure class=\"wp-block-media-text__media\"><img loading=\"lazy\" decoding=\"async\" width=\"662\" height=\"442\" src=\"https:\/\/naturales.ues.edu.sv\/matematica\/wp-content\/uploads\/sites\/24\/2025\/05\/Imagen7.jpg\" alt=\"\" class=\"wp-image-627 size-full\" \/><\/figure><div class=\"wp-block-media-text__content\">\n<p class=\"has-text-align-center\"><strong><a href=\"https:\/\/naturales.ues.edu.sv\/matematica\/2024\/07\/04\/escuela-de-matematica-organiza-congreso-sobre-didactica-de-la-matematica\/\" data-type=\"link\" data-id=\"https:\/\/naturales.ues.edu.sv\/matematica\/2024\/07\/04\/escuela-de-matematica-organiza-congreso-sobre-didactica-de-la-matematica\/\">Escuela de Matem\u00e1tica organiza Congreso sobre Did\u00e1ctica de la Matem\u00e1tica<\/a><\/strong><\/p>\n<\/div><\/div>\n\n\n\n<div class=\"wp-block-media-text is-stacked-on-mobile wp-container-content-5f80b302\"><figure class=\"wp-block-media-text__media\"><img loading=\"lazy\" decoding=\"async\" width=\"669\" height=\"446\" src=\"https:\/\/naturales.ues.edu.sv\/matematica\/wp-content\/uploads\/sites\/24\/2025\/05\/Imagen8.jpg\" alt=\"\" class=\"wp-image-628 size-full\" \/><\/figure><div class=\"wp-block-media-text__content\">\n<p><strong><a href=\"https:\/\/naturales.ues.edu.sv\/matematica\/2024\/07\/09\/escuela-de-matematica-culmina-congreso-sobre-didactica-de-la-matematica\/\" data-type=\"link\" data-id=\"https:\/\/naturales.ues.edu.sv\/matematica\/2024\/07\/09\/escuela-de-matematica-culmina-congreso-sobre-didactica-de-la-matematica\/\">Escuela de Matem\u00e1tica culmina Congreso sobre Did\u00e1ctica de la Matem\u00e1tica<\/a><\/strong><\/p>\n<\/div><\/div>\n<\/div>\n\n\n\n<div style=\"height:100px\" aria-hidden=\"true\" class=\"wp-block-spacer\"><\/div>\n\n\n\n<div class=\"wp-block-group is-layout-grid wp-container-core-group-is-layout-9649a0d9 wp-block-group-is-layout-grid\">\n<div class=\"wp-block-media-text is-stacked-on-mobile wp-container-content-5f80b302\"><figure class=\"wp-block-media-text__media\"><img loading=\"lazy\" decoding=\"async\" width=\"674\" height=\"449\" src=\"https:\/\/naturales.ues.edu.sv\/matematica\/wp-content\/uploads\/sites\/24\/2025\/05\/Imagen9.jpg\" alt=\"\" class=\"wp-image-629 size-full\" \/><\/figure><div class=\"wp-block-media-text__content\">\n<p class=\"has-text-align-center\"><strong><a href=\"https:\/\/naturales.ues.edu.sv\/matematica\/2024\/07\/08\/escuela-de-matematica-participa-en-la-escuela-cimpa-2024\/\" data-type=\"link\" data-id=\"https:\/\/naturales.ues.edu.sv\/matematica\/2024\/07\/08\/escuela-de-matematica-participa-en-la-escuela-cimpa-2024\/\">Escuela de Matem\u00e1tica participa en la Escuela CIMPA 2024<\/a><\/strong><\/p>\n<\/div><\/div>\n\n\n\n<div class=\"wp-block-media-text is-stacked-on-mobile wp-container-content-5f80b302\"><figure class=\"wp-block-media-text__media\"><img loading=\"lazy\" decoding=\"async\" width=\"658\" height=\"370\" src=\"https:\/\/naturales.ues.edu.sv\/matematica\/wp-content\/uploads\/sites\/24\/2025\/05\/Imagen10.jpg\" alt=\"\" class=\"wp-image-630 size-full\" \/><\/figure><div class=\"wp-block-media-text__content\">\n<p class=\"has-text-align-center\"><strong><a href=\"https:\/\/naturales.ues.edu.sv\/matematica\/2024\/08\/12\/maestria-en-estadistica-y-ciencia-de-datos-inicia-materia-sobre-big-data\/\" data-type=\"link\" data-id=\"https:\/\/naturales.ues.edu.sv\/matematica\/2024\/08\/12\/maestria-en-estadistica-y-ciencia-de-datos-inicia-materia-sobre-big-data\/\">Maestr\u00eda en Estad\u00edstica y Ciencia de Datos inicia materia sobre Big Data<\/a><\/strong><\/p>\n<\/div><\/div>\n<\/div>\n\n\n\n<div style=\"height:100px\" aria-hidden=\"true\" class=\"wp-block-spacer\"><\/div>\n\n\n\n<div class=\"wp-block-group is-layout-grid wp-container-core-group-is-layout-9649a0d9 wp-block-group-is-layout-grid\">\n<div class=\"wp-block-media-text is-stacked-on-mobile wp-container-content-5f80b302\"><figure class=\"wp-block-media-text__media\"><img loading=\"lazy\" decoding=\"async\" width=\"655\" height=\"491\" src=\"https:\/\/naturales.ues.edu.sv\/matematica\/wp-content\/uploads\/sites\/24\/2025\/05\/Imagen11.jpg\" alt=\"\" class=\"wp-image-631 size-full\" \/><\/figure><div class=\"wp-block-media-text__content\">\n<p class=\"has-text-align-center\"><strong><a href=\"https:\/\/naturales.ues.edu.sv\/matematica\/2024\/08\/16\/escuela-de-matematica-inicio-seminarios-para-el-ciclo-ii-2024\/\" data-type=\"link\" data-id=\"https:\/\/naturales.ues.edu.sv\/matematica\/2024\/08\/16\/escuela-de-matematica-inicio-seminarios-para-el-ciclo-ii-2024\/\">Escuela de Matem\u00e1tica inici\u00f3 seminarios para el Ciclo II-2024<\/a><\/strong><\/p>\n<\/div><\/div>\n\n\n\n<div class=\"wp-block-media-text is-stacked-on-mobile wp-container-content-5f80b302\"><figure class=\"wp-block-media-text__media\"><img loading=\"lazy\" decoding=\"async\" width=\"651\" height=\"433\" src=\"https:\/\/naturales.ues.edu.sv\/matematica\/wp-content\/uploads\/sites\/24\/2025\/05\/Imagen12.jpg\" alt=\"\" class=\"wp-image-632 size-full\" \/><\/figure><div class=\"wp-block-media-text__content\">\n<p><strong><a href=\"https:\/\/naturales.ues.edu.sv\/matematica\/2024\/08\/23\/inicio-seminario-matematico-en-el-area-de-didactica\/\" data-type=\"link\" data-id=\"https:\/\/naturales.ues.edu.sv\/matematica\/2024\/08\/23\/inicio-seminario-matematico-en-el-area-de-didactica\/\">Inici\u00f3 Seminario Matem\u00e1tico en el \u00e1rea de Did\u00e1ctica<\/a><\/strong><\/p>\n<\/div><\/div>\n<\/div>\n\n\n\n<div style=\"height:100px\" aria-hidden=\"true\" class=\"wp-block-spacer\"><\/div>\n\n\n\n<div class=\"wp-block-group is-layout-grid wp-container-core-group-is-layout-9649a0d9 wp-block-group-is-layout-grid\">\n<div class=\"wp-block-media-text is-stacked-on-mobile wp-container-content-5f80b302\"><figure class=\"wp-block-media-text__media\"><img loading=\"lazy\" decoding=\"async\" width=\"665\" height=\"442\" src=\"https:\/\/naturales.ues.edu.sv\/matematica\/wp-content\/uploads\/sites\/24\/2025\/05\/Imagen13.jpg\" alt=\"\" class=\"wp-image-633 size-full\" \/><\/figure><div class=\"wp-block-media-text__content\">\n<p class=\"has-text-align-center\"><strong><a href=\"https:\/\/naturales.ues.edu.sv\/matematica\/2024\/08\/23\/inicio-seminario-matematico-en-el-area-de-analisis\/\" data-type=\"link\" data-id=\"https:\/\/naturales.ues.edu.sv\/matematica\/2024\/08\/23\/inicio-seminario-matematico-en-el-area-de-analisis\/\">Inici\u00f3 Seminario Matem\u00e1tico en el \u00e1rea de An\u00e1lisis<\/a><\/strong><\/p>\n<\/div><\/div>\n\n\n\n<div class=\"wp-block-media-text is-stacked-on-mobile wp-container-content-5f80b302\"><figure class=\"wp-block-media-text__media\"><img loading=\"lazy\" decoding=\"async\" width=\"598\" height=\"449\" src=\"https:\/\/naturales.ues.edu.sv\/matematica\/wp-content\/uploads\/sites\/24\/2025\/05\/Imagen14.jpg\" alt=\"\" class=\"wp-image-634 size-full\" \/><\/figure><div class=\"wp-block-media-text__content\">\n<p class=\"has-text-align-center\"><strong><a href=\"https:\/\/naturales.ues.edu.sv\/matematica\/2024\/09\/09\/escuela-de-matematica-participo-en-la-charla-sobre-revistas-depredadoras\/\" data-type=\"link\" data-id=\"https:\/\/naturales.ues.edu.sv\/matematica\/2024\/09\/09\/escuela-de-matematica-participo-en-la-charla-sobre-revistas-depredadoras\/\">Escuela de Matem\u00e1tica particip\u00f3 en la charla sobre Revistas Depredadoras<\/a><\/strong><\/p>\n<\/div><\/div>\n<\/div>\n\n\n\n<div style=\"height:100px\" aria-hidden=\"true\" class=\"wp-block-spacer\"><\/div>\n\n\n\n<div class=\"wp-block-group is-layout-grid wp-container-core-group-is-layout-9649a0d9 wp-block-group-is-layout-grid\">\n<div class=\"wp-block-media-text is-stacked-on-mobile wp-container-content-5f80b302\"><figure class=\"wp-block-media-text__media\"><img loading=\"lazy\" decoding=\"async\" width=\"1348\" height=\"898\" src=\"https:\/\/naturales.ues.edu.sv\/matematica\/wp-content\/uploads\/sites\/24\/2025\/05\/Imagen15.jpg\" alt=\"\" class=\"wp-image-635 size-full\" \/><\/figure><div class=\"wp-block-media-text__content\">\n<p class=\"has-text-align-center\"><strong><a href=\"https:\/\/naturales.ues.edu.sv\/matematica\/2024\/09\/09\/escuela-de-matematica-continuo-desarrollando-seminarios-del-ciclo-ii\/\" data-type=\"link\" data-id=\"https:\/\/naturales.ues.edu.sv\/matematica\/2024\/09\/09\/escuela-de-matematica-continuo-desarrollando-seminarios-del-ciclo-ii\/\">Escuela de Matem\u00e1tica continu\u00f3 desarrollando seminarios del Ciclo II<\/a><\/strong><\/p>\n<\/div><\/div>\n\n\n\n<div class=\"wp-block-media-text is-stacked-on-mobile wp-container-content-5f80b302\"><figure class=\"wp-block-media-text__media\"><img loading=\"lazy\" decoding=\"async\" width=\"1348\" height=\"898\" src=\"https:\/\/naturales.ues.edu.sv\/matematica\/wp-content\/uploads\/sites\/24\/2025\/05\/Imagen16.jpg\" alt=\"\" class=\"wp-image-636 size-full\" \/><\/figure><div class=\"wp-block-media-text__content\">\n<p class=\"has-text-align-center\"><strong><a href=\"https:\/\/naturales.ues.edu.sv\/matematica\/2024\/09\/13\/escuela-de-matematica-desarrollo-ponencia-sobre-estadistica-bayesiana\/\" data-type=\"link\" data-id=\"https:\/\/naturales.ues.edu.sv\/matematica\/2024\/09\/13\/escuela-de-matematica-desarrollo-ponencia-sobre-estadistica-bayesiana\/\">Escuela de Matem\u00e1tica desarroll\u00f3 ponencia sobre Estad\u00edstica Bayesiana<\/a><\/strong><\/p>\n<\/div><\/div>\n<\/div>\n\n\n\n<div style=\"height:100px\" aria-hidden=\"true\" class=\"wp-block-spacer\"><\/div>\n\n\n\n<div class=\"wp-block-group is-layout-grid wp-container-core-group-is-layout-9649a0d9 wp-block-group-is-layout-grid\">\n<div class=\"wp-block-media-text is-stacked-on-mobile wp-container-content-5f80b302\"><figure class=\"wp-block-media-text__media\"><img loading=\"lazy\" decoding=\"async\" width=\"665\" height=\"499\" src=\"https:\/\/naturales.ues.edu.sv\/matematica\/wp-content\/uploads\/sites\/24\/2025\/05\/Imagen18.jpg\" alt=\"\" class=\"wp-image-638 size-full\" \/><\/figure><div class=\"wp-block-media-text__content\">\n<p class=\"has-text-align-center\"><strong><a href=\"https:\/\/naturales.ues.edu.sv\/matematica\/2024\/09\/20\/escuela-de-matematica-continua-seminarios-en-el-area-de-didactica\/\" data-type=\"link\" data-id=\"https:\/\/naturales.ues.edu.sv\/matematica\/2024\/09\/20\/escuela-de-matematica-continua-seminarios-en-el-area-de-didactica\/\">Escuela de Matem\u00e1tica contin\u00faa seminarios en el \u00e1rea de did\u00e1ctica<\/a><\/strong><\/p>\n<\/div><\/div>\n\n\n\n<div class=\"wp-block-media-text is-stacked-on-mobile wp-container-content-5f80b302\"><figure class=\"wp-block-media-text__media\"><img loading=\"lazy\" decoding=\"async\" width=\"644\" height=\"429\" src=\"https:\/\/naturales.ues.edu.sv\/matematica\/wp-content\/uploads\/sites\/24\/2025\/05\/Imagen19.jpg\" alt=\"\" class=\"wp-image-639 size-full\" \/><\/figure><div class=\"wp-block-media-text__content\">\n<p class=\"has-text-align-center\"><strong><a href=\"https:\/\/naturales.ues.edu.sv\/matematica\/2024\/12\/10\/escuela-de-matematica-inauguro-coloquio-salvadoreno-de-matematica\/\" data-type=\"link\" data-id=\"https:\/\/naturales.ues.edu.sv\/matematica\/2024\/12\/10\/escuela-de-matematica-inauguro-coloquio-salvadoreno-de-matematica\/\">Escuela de Matem\u00e1tica inaugur\u00f3 Coloquio Salvadore\u00f1o de Matem\u00e1tica<\/a><\/strong><\/p>\n<\/div><\/div>\n<\/div>\n\n\n\n<div style=\"height:100px\" aria-hidden=\"true\" class=\"wp-block-spacer\"><\/div>\n\n\n\n<div class=\"wp-block-group is-layout-grid wp-container-core-group-is-layout-9649a0d9 wp-block-group-is-layout-grid\">\n<div class=\"wp-block-media-text is-stacked-on-mobile wp-container-content-5f80b302\"><figure class=\"wp-block-media-text__media\"><img loading=\"lazy\" decoding=\"async\" width=\"639\" height=\"426\" src=\"https:\/\/naturales.ues.edu.sv\/matematica\/wp-content\/uploads\/sites\/24\/2025\/05\/Imagen17.jpg\" alt=\"\" class=\"wp-image-637 size-full\" \/><\/figure><div class=\"wp-block-media-text__content\">\n<p class=\"has-text-align-center\"><strong><a href=\"https:\/\/naturales.ues.edu.sv\/matematica\/2024\/09\/13\/escuela-de-matematica-desarrolla-ponencia-en-el-area-de-algebra-2\/\" data-type=\"link\" data-id=\"https:\/\/naturales.ues.edu.sv\/matematica\/2024\/09\/13\/escuela-de-matematica-desarrolla-ponencia-en-el-area-de-algebra-2\/\">Escuela de Matem\u00e1tica desarrolla ponencia en el \u00e1rea de \u00e1lgebra<\/a><\/strong><\/p>\n<\/div><\/div>\n\n\n\n<div class=\"wp-block-media-text is-stacked-on-mobile wp-container-content-5f80b302\"><figure class=\"wp-block-media-text__media\"><img loading=\"lazy\" decoding=\"async\" width=\"1348\" height=\"898\" src=\"https:\/\/naturales.ues.edu.sv\/matematica\/wp-content\/uploads\/sites\/24\/2025\/05\/Imagen20.jpg\" alt=\"\" class=\"wp-image-640 size-full\" \/><\/figure><div class=\"wp-block-media-text__content\">\n<p class=\"has-text-align-center\"><strong><a href=\"https:\/\/naturales.ues.edu.sv\/matematica\/2024\/12\/12\/escuela-de-matematica-clausura-coloquio-salvadoreno-de-matematica\/\" data-type=\"link\" data-id=\"https:\/\/naturales.ues.edu.sv\/matematica\/2024\/12\/12\/escuela-de-matematica-clausura-coloquio-salvadoreno-de-matematica\/\">Escuela de Matem\u00e1tica clausura Coloquio Salvadore\u00f1o de Matem\u00e1tica<\/a><\/strong><\/p>\n<\/div><\/div>\n<\/div>\n\n\n\n<p><\/p>\n","protected":false},"excerpt":{"rendered":"<p>Escuela de Matem\u00e1tica desarrolla seminario en estad\u00edstica Escuela de Matem\u00e1tica desarrolla ponencia en \u00e1lgebra Charla sobre intuici\u00f3n en la educaci\u00f3n matem\u00e1tica Licenciatura en Inform\u00e1tica Educativa realiza Jornada Estudiantil Facultad celebra&hellip;<\/p>\n","protected":false},"author":4,"featured_media":0,"parent":0,"menu_order":0,"comment_status":"closed","ping_status":"closed","template":"","meta":{"footnotes":""},"class_list":["post-418","page","type-page","status-publish","hentry"],"_links":{"self":[{"href":"https:\/\/naturales.ues.edu.sv\/matematica\/wp-json\/wp\/v2\/pages\/418","targetHints":{"allow":["GET"]}}],"collection":[{"href":"https:\/\/naturales.ues.edu.sv\/matematica\/wp-json\/wp\/v2\/pages"}],"about":[{"href":"https:\/\/naturales.ues.edu.sv\/matematica\/wp-json\/wp\/v2\/types\/page"}],"author":[{"embeddable":true,"href":"https:\/\/naturales.ues.edu.sv\/matematica\/wp-json\/wp\/v2\/users\/4"}],"replies":[{"embeddable":true,"href":"https:\/\/naturales.ues.edu.sv\/matematica\/wp-json\/wp\/v2\/comments?post=418"}],"version-history":[{"count":13,"href":"https:\/\/naturales.ues.edu.sv\/matematica\/wp-json\/wp\/v2\/pages\/418\/revisions"}],"predecessor-version":[{"id":868,"href":"https:\/\/naturales.ues.edu.sv\/matematica\/wp-json\/wp\/v2\/pages\/418\/revisions\/868"}],"wp:attachment":[{"href":"https:\/\/naturales.ues.edu.sv\/matematica\/wp-json\/wp\/v2\/media?parent=418"}],"curies":[{"name":"wp","href":"https:\/\/api.w.org\/{rel}","templated":true}]}}