{"id":419,"date":"2025-03-12T20:08:06","date_gmt":"2025-03-12T20:08:06","guid":{"rendered":"https:\/\/naturales.ues.edu.sv\/matematica\/?page_id=419"},"modified":"2025-09-23T17:04:34","modified_gmt":"2025-09-23T17:04:34","slug":"2025-2","status":"publish","type":"page","link":"https:\/\/naturales.ues.edu.sv\/matematica\/2025-2\/","title":{"rendered":"Eventos 2025"},"content":{"rendered":"\n<div class=\"wp-block-group is-layout-grid wp-container-core-group-is-layout-9649a0d9 wp-block-group-is-layout-grid\">\n<div class=\"wp-block-media-text is-stacked-on-mobile wp-container-content-5f80b302\"><figure class=\"wp-block-media-text__media\"><img fetchpriority=\"high\" decoding=\"async\" width=\"2048\" height=\"1286\" src=\"http:\/\/naturales.ues.edu.sv\/matematica\/wp-content\/uploads\/sites\/24\/2025\/05\/491808610_1270387087834783_8045303615096801477_n.jpg\" alt=\"\" class=\"wp-image-743 size-full\" \/><\/figure><div class=\"wp-block-media-text__content\">\n<p class=\"has-text-align-center\"><a href=\"https:\/\/naturales.ues.edu.sv\/matematica\/2025\/02\/28\/inicio-de-seminarios-en-algebra-y-analisis-2\/\" data-type=\"link\" data-id=\"https:\/\/naturales.ues.edu.sv\/matematica\/2025\/02\/28\/inicio-de-seminarios-en-algebra-y-analisis-2\/\"><strong>Inicio de Seminarios en \u00c1lgebra y An\u00e1lisis<\/strong><\/a><\/p>\n<\/div><\/div>\n\n\n\n<div class=\"wp-block-media-text is-stacked-on-mobile wp-container-content-5f80b302\"><figure class=\"wp-block-media-text__media\"><img decoding=\"async\" width=\"2048\" height=\"1536\" src=\"http:\/\/naturales.ues.edu.sv\/matematica\/wp-content\/uploads\/sites\/24\/2025\/05\/492071327_1274837744056384_4883504334622681176_n.jpg\" alt=\"\" class=\"wp-image-748 size-full\" \/><\/figure><div class=\"wp-block-media-text__content\">\n<p class=\"has-text-align-center\"><strong><a href=\"https:\/\/naturales.ues.edu.sv\/matematica\/2025\/05\/15\/maestria-en-estadistica-y-ciencia-de-datos-2\/\" data-type=\"link\" data-id=\"https:\/\/naturales.ues.edu.sv\/matematica\/2025\/05\/15\/maestria-en-estadistica-y-ciencia-de-datos-2\/\">Inicia la Maestr\u00eda en Estad\u00edstica y Ciencia de Datos<\/a><\/strong><\/p>\n<\/div><\/div>\n<\/div>\n\n\n\n<div class=\"wp-block-group is-layout-grid wp-container-core-group-is-layout-9649a0d9 wp-block-group-is-layout-grid\">\n<div class=\"wp-block-media-text is-stacked-on-mobile wp-container-content-5f80b302\"><figure class=\"wp-block-media-text__media\"><img decoding=\"async\" width=\"2048\" height=\"1365\" src=\"https:\/\/naturales.ues.edu.sv\/matematica\/wp-content\/uploads\/sites\/24\/2025\/05\/492372121_1274853687388123_205778283908045891_n-1.jpg\" alt=\"\" class=\"wp-image-758 size-full\" \/><\/figure><div class=\"wp-block-media-text__content\">\n<p class=\"has-text-align-center\"><strong><a href=\"https:\/\/naturales.ues.edu.sv\/matematica\/2025\/03\/07\/escuela-de-matematica-desarrolla-seminario-en-area-de-didactica\/\" data-type=\"link\" data-id=\"https:\/\/naturales.ues.edu.sv\/matematica\/2025\/03\/07\/escuela-de-matematica-desarrolla-seminario-en-area-de-didactica\/\">Escuela de Matem\u00e1tica desarrolla seminario en \u00e1rea de Did\u00e1ctica<\/a><\/strong><\/p>\n<\/div><\/div>\n\n\n\n<div class=\"wp-block-media-text is-stacked-on-mobile wp-container-content-5f80b302\"><figure class=\"wp-block-media-text__media\"><img loading=\"lazy\" decoding=\"async\" width=\"2048\" height=\"1366\" src=\"https:\/\/naturales.ues.edu.sv\/matematica\/wp-content\/uploads\/sites\/24\/2025\/05\/494169877_1283011023836122_1114387710237080706_n-1.jpg\" alt=\"\" class=\"wp-image-765 size-full\" \/><\/figure><div class=\"wp-block-media-text__content\">\n<p class=\"has-text-align-center\"><strong><a href=\"https:\/\/naturales.ues.edu.sv\/matematica\/2025\/03\/07\/seminario-sobre-cadenas-de-markov-en-la-escuela-de-matematica\/\" data-type=\"link\" data-id=\"https:\/\/naturales.ues.edu.sv\/matematica\/2025\/03\/07\/seminario-sobre-cadenas-de-markov-en-la-escuela-de-matematica\/\">Seminario sobre Cadenas de M\u00e1rkov en la Escuela de Matem\u00e1tica<\/a><\/strong><\/p>\n<\/div><\/div>\n<\/div>\n\n\n\n<div class=\"wp-block-group is-layout-grid wp-container-core-group-is-layout-9649a0d9 wp-block-group-is-layout-grid\">\n<div class=\"wp-block-media-text is-stacked-on-mobile wp-container-content-5f80b302\"><figure class=\"wp-block-media-text__media\"><img loading=\"lazy\" decoding=\"async\" width=\"2048\" height=\"1365\" src=\"https:\/\/naturales.ues.edu.sv\/matematica\/wp-content\/uploads\/sites\/24\/2025\/05\/491966997_1275074704032688_6241943563297017145_n-1.jpg\" alt=\"\" class=\"wp-image-782 size-full\" \/><\/figure><div class=\"wp-block-media-text__content\">\n<p class=\"has-text-align-center\"><strong><a href=\"https:\/\/naturales.ues.edu.sv\/matematica\/2025\/03\/14\/facultad-celebra-el-dia-del-matematico-salvadoreno-2\/\" data-type=\"link\" data-id=\"https:\/\/naturales.ues.edu.sv\/matematica\/2025\/03\/14\/facultad-celebra-el-dia-del-matematico-salvadoreno-2\/\">Facultad celebra el D\u00eda del Matem\u00e1tico Salvadore\u00f1o<\/a><\/strong><\/p>\n<\/div><\/div>\n\n\n\n<div class=\"wp-block-media-text is-stacked-on-mobile wp-container-content-5f80b302\"><figure class=\"wp-block-media-text__media\"><img loading=\"lazy\" decoding=\"async\" width=\"1599\" height=\"915\" src=\"http:\/\/naturales.ues.edu.sv\/matematica\/wp-content\/uploads\/sites\/24\/2025\/05\/WhatsApp-Image-2025-05-16-at-10.54.02-AM-3.jpeg\" alt=\"\" class=\"wp-image-787 size-full\" \/><\/figure><div class=\"wp-block-media-text__content\">\n<p class=\"has-text-align-center\"><strong><a href=\"https:\/\/naturales.ues.edu.sv\/matematica\/2025\/05\/16\/dr-dimas-tejada-expone-sobre-campos-morse-smale\/\" data-type=\"link\" data-id=\"https:\/\/naturales.ues.edu.sv\/matematica\/2025\/05\/16\/dr-dimas-tejada-expone-sobre-campos-morse-smale\/\">Dr. Dimas Tejada expone sobre campos Morse-Smale<\/a><\/strong><\/p>\n<\/div><\/div>\n<\/div>\n\n\n\n<p><\/p>\n","protected":false},"excerpt":{"rendered":"<p>Inicio de Seminarios en \u00c1lgebra y An\u00e1lisis Inicia la Maestr\u00eda en Estad\u00edstica y Ciencia de Datos Escuela de Matem\u00e1tica desarrolla seminario en \u00e1rea de Did\u00e1ctica Seminario sobre Cadenas de M\u00e1rkov&hellip;<\/p>\n","protected":false},"author":4,"featured_media":0,"parent":0,"menu_order":0,"comment_status":"closed","ping_status":"closed","template":"","meta":{"footnotes":""},"class_list":["post-419","page","type-page","status-publish","hentry"],"_links":{"self":[{"href":"https:\/\/naturales.ues.edu.sv\/matematica\/wp-json\/wp\/v2\/pages\/419","targetHints":{"allow":["GET"]}}],"collection":[{"href":"https:\/\/naturales.ues.edu.sv\/matematica\/wp-json\/wp\/v2\/pages"}],"about":[{"href":"https:\/\/naturales.ues.edu.sv\/matematica\/wp-json\/wp\/v2\/types\/page"}],"author":[{"embeddable":true,"href":"https:\/\/naturales.ues.edu.sv\/matematica\/wp-json\/wp\/v2\/users\/4"}],"replies":[{"embeddable":true,"href":"https:\/\/naturales.ues.edu.sv\/matematica\/wp-json\/wp\/v2\/comments?post=419"}],"version-history":[{"count":5,"href":"https:\/\/naturales.ues.edu.sv\/matematica\/wp-json\/wp\/v2\/pages\/419\/revisions"}],"predecessor-version":[{"id":866,"href":"https:\/\/naturales.ues.edu.sv\/matematica\/wp-json\/wp\/v2\/pages\/419\/revisions\/866"}],"wp:attachment":[{"href":"https:\/\/naturales.ues.edu.sv\/matematica\/wp-json\/wp\/v2\/media?parent=419"}],"curies":[{"name":"wp","href":"https:\/\/api.w.org\/{rel}","templated":true}]}}