{"id":127,"date":"2025-07-03T21:34:59","date_gmt":"2025-07-03T19:34:59","guid":{"rendered":"https:\/\/naturales.ues.edu.sv\/mydidactica2025\/?page_id=127"},"modified":"2025-07-03T22:08:05","modified_gmt":"2025-07-03T20:08:05","slug":"inscripcion","status":"publish","type":"page","link":"https:\/\/naturales.ues.edu.sv\/mydidactica2025\/inscripcion\/","title":{"rendered":"Inscripci\u00f3n"},"content":{"rendered":"\n<div class=\"wp-block-media-text has-media-on-the-right is-stacked-on-mobile\" style=\"grid-template-columns:auto 15%\"><div class=\"wp-block-media-text__content\">\n<p>Se invita cordialmente al evento \u00abMatem\u00e1tica y su Did\u00e1ctica 2025\u00bb, que se llevar\u00e1 a cabo del 16 al 18 de julio en modalidad h\u00edbrida.<\/p>\n\n\n\n<p><img decoding=\"async\" height=\"16\" width=\"16\" alt=\"\ud83d\udccc\" src=\"https:\/\/static.xx.fbcdn.net\/images\/emoji.php\/v9\/tac\/1\/16\/1f4cc.png\"> Dirigido a estudiantes y docentes de matem\u00e1tica de Educaci\u00f3n B\u00e1sica, Media y Superior, as\u00ed como a estudiantes de carreras afines.<\/p>\n\n\n\n<p><img decoding=\"async\" height=\"16\" width=\"16\" src=\"https:\/\/static.xx.fbcdn.net\/images\/emoji.php\/v9\/tcc\/1\/16\/1f4dd.png\" alt=\"\ud83d\udcdd\"> Las inscripciones est\u00e1n abiertas desde el 16 de junio, hasta el 5 de julio.<\/p>\n\n\n\n<p><img decoding=\"async\" height=\"16\" width=\"16\" alt=\"\ud83d\udccd\" src=\"https:\/\/static.xx.fbcdn.net\/images\/emoji.php\/v9\/t2d\/1\/16\/1f4cd.png\"> El evento es totalmente gratuito.<\/p>\n\n\n\n<p><img loading=\"lazy\" decoding=\"async\" height=\"16\" width=\"16\" src=\"https:\/\/static.xx.fbcdn.net\/images\/emoji.php\/v9\/tb3\/1\/16\/1f517.png\" alt=\"\ud83d\udd17\"> Para inscribirte, escanea el c\u00f3digo QR en la imagen o accede al formulario a trav\u00e9s del siguiente enlace: <a href=\"https:\/\/forms.gle\/SZHsWnrFf6qQYfEN8?fbclid=IwZXh0bgNhZW0CMTAAYnJpZBExTnJ3WlFBTEk5WmdaeVNWeQEeb5hTq7Sr1eUfw1HPDZHSxEmPadPGNRadqr3iw6NNn-m52vjMRsY5RixCZFw_aem_Lytlw5PcfeF_cYZyDFmKbA\" target=\"_blank\" rel=\"noreferrer noopener\">https:\/\/forms.gle\/SZHsWnrFf6qQYfEN8<\/a><\/p>\n<\/div><figure class=\"wp-block-media-text__media\"><img loading=\"lazy\" decoding=\"async\" width=\"216\" height=\"216\" src=\"http:\/\/naturales.ues.edu.sv\/mydidactica2025\/wp-content\/uploads\/sites\/37\/2025\/07\/isologo-8-1.png\" alt=\"\" class=\"wp-image-99 size-full\" srcset=\"https:\/\/naturales.ues.edu.sv\/mydidactica2025\/wp-content\/uploads\/sites\/37\/2025\/07\/isologo-8-1.png 216w, https:\/\/naturales.ues.edu.sv\/mydidactica2025\/wp-content\/uploads\/sites\/37\/2025\/07\/isologo-8-1-150x150.png 150w\" sizes=\"(max-width: 216px) 100vw, 216px\" \/><\/figure><\/div>\n\n\n<div class=\"wp-block-image\">\n<figure class=\"aligncenter size-full\"><img loading=\"lazy\" decoding=\"async\" width=\"500\" height=\"500\" src=\"https:\/\/naturales.ues.edu.sv\/mydidactica2025\/wp-content\/uploads\/sites\/37\/2025\/07\/adobe-express-qr-code.png\" alt=\"\" class=\"wp-image-146\" srcset=\"https:\/\/naturales.ues.edu.sv\/mydidactica2025\/wp-content\/uploads\/sites\/37\/2025\/07\/adobe-express-qr-code.png 500w, https:\/\/naturales.ues.edu.sv\/mydidactica2025\/wp-content\/uploads\/sites\/37\/2025\/07\/adobe-express-qr-code-300x300.png 300w, https:\/\/naturales.ues.edu.sv\/mydidactica2025\/wp-content\/uploads\/sites\/37\/2025\/07\/adobe-express-qr-code-150x150.png 150w\" sizes=\"(max-width: 500px) 100vw, 500px\" \/><\/figure>\n<\/div>","protected":false},"excerpt":{"rendered":"<p>Se invita cordialmente al evento \u00abMatem\u00e1tica y su Did\u00e1ctica 2025\u00bb, que se llevar\u00e1 a cabo del 16 al 18 de julio en modalidad h\u00edbrida. Dirigido a estudiantes y docentes de&hellip;<\/p>\n","protected":false},"author":4,"featured_media":0,"parent":0,"menu_order":0,"comment_status":"closed","ping_status":"closed","template":"","meta":{"footnotes":""},"class_list":["post-127","page","type-page","status-publish","hentry"],"_links":{"self":[{"href":"https:\/\/naturales.ues.edu.sv\/mydidactica2025\/wp-json\/wp\/v2\/pages\/127","targetHints":{"allow":["GET"]}}],"collection":[{"href":"https:\/\/naturales.ues.edu.sv\/mydidactica2025\/wp-json\/wp\/v2\/pages"}],"about":[{"href":"https:\/\/naturales.ues.edu.sv\/mydidactica2025\/wp-json\/wp\/v2\/types\/page"}],"author":[{"embeddable":true,"href":"https:\/\/naturales.ues.edu.sv\/mydidactica2025\/wp-json\/wp\/v2\/users\/4"}],"replies":[{"embeddable":true,"href":"https:\/\/naturales.ues.edu.sv\/mydidactica2025\/wp-json\/wp\/v2\/comments?post=127"}],"version-history":[{"count":4,"href":"https:\/\/naturales.ues.edu.sv\/mydidactica2025\/wp-json\/wp\/v2\/pages\/127\/revisions"}],"predecessor-version":[{"id":150,"href":"https:\/\/naturales.ues.edu.sv\/mydidactica2025\/wp-json\/wp\/v2\/pages\/127\/revisions\/150"}],"wp:attachment":[{"href":"https:\/\/naturales.ues.edu.sv\/mydidactica2025\/wp-json\/wp\/v2\/media?parent=127"}],"curies":[{"name":"wp","href":"https:\/\/api.w.org\/{rel}","templated":true}]}}