{"id":61,"date":"2025-07-01T16:28:23","date_gmt":"2025-07-01T14:28:23","guid":{"rendered":"https:\/\/naturales.ues.edu.sv\/mydidactica2025\/?page_id=61"},"modified":"2025-07-03T21:49:44","modified_gmt":"2025-07-03T19:49:44","slug":"introduccion","status":"publish","type":"page","link":"https:\/\/naturales.ues.edu.sv\/mydidactica2025\/","title":{"rendered":"Introducci\u00f3n"},"content":{"rendered":"\n<h2 class=\"wp-block-heading has-text-align-center has-white-color has-text-color has-background has-link-color wp-elements-952f89e5f742fd34e4588bd0aa5a8f6c\" style=\"background-color:#c8661d;font-style:normal;font-weight:700\"><strong>Matem\u00e1tica y su Did\u00e1ctica 2025<\/strong><\/h2>\n\n\n\n<div class=\"wp-block-media-text has-media-on-the-right is-stacked-on-mobile\" style=\"grid-template-columns:auto 20%\"><div class=\"wp-block-media-text__content\">\n<p><strong>La Escuela de Matem\u00e1tica con el fin de promover la divulgaci\u00f3n del conocimiento matem\u00e1tico, la formaci\u00f3n continua de docentes de matem\u00e1tica e incentivar el intercambio entre los profesionales de Matem\u00e1tica, se est\u00e1 organizando el \u201cCongreso de Matem\u00e1tica y su Did\u00e1ctica, a\u00f1o 2025\u201d. El evento est\u00e1 dirigido a estudiantes y docentes de la Escuela de Matem\u00e1tica, docentes de matem\u00e1tica de Educaci\u00f3n Media y superior tanto del sector p\u00fablico como privado, estudiantes de carreras afines a Matem\u00e1tica o Educaci\u00f3n Matem\u00e1tica de otras Facultades de la Universidad de El Salvador u otras Instituciones de Educaci\u00f3n Superior del pa\u00eds.<\/strong>  <\/p>\n\n\n\n<p><strong>El evento se desarrollar\u00e1 en modalidad h\u00edbrida, se tiene planificado desarrollar las actividades de manera presencial, del 16 al 18 de julio de 2025 en las instalaciones de la Escuela de Matem\u00e1tica de la Facultad de Ciencias Naturales y Matem\u00e1tica de la Universidad de El Salvador. Entre las actividades a desarrollar se tienen: talleres y conferencias; se pretende transmitir en vivo algunas de las actividades, con el fin de hacer difusi\u00f3n a nivel nacional y centroamericano.<\/strong> <\/p>\n\n\n\n<p><strong>El congreso se est\u00e1 desarrollando desde el a\u00f1o 2018 con apoyo de diferentes instituciones y colegas nacionales e internacionales y hemos alcanzado la participaci\u00f3n de forma virtual de profesionales y estudiantes del \u00e1rea centroamericana y de algunos pa\u00edses del sur de Am\u00e9rica.<\/strong><\/p>\n\n\n\n<p><\/p>\n<\/div><figure class=\"wp-block-media-text__media\"><img decoding=\"async\" width=\"216\" height=\"216\" src=\"https:\/\/naturales.ues.edu.sv\/mydidactica2025\/wp-content\/uploads\/sites\/37\/2025\/07\/isologo-8-1.png\" alt=\"\" class=\"wp-image-99 size-full\" srcset=\"https:\/\/naturales.ues.edu.sv\/mydidactica2025\/wp-content\/uploads\/sites\/37\/2025\/07\/isologo-8-1.png 216w, https:\/\/naturales.ues.edu.sv\/mydidactica2025\/wp-content\/uploads\/sites\/37\/2025\/07\/isologo-8-1-150x150.png 150w\" sizes=\"(max-width: 216px) 100vw, 216px\" \/><\/figure><\/div>\n","protected":false},"excerpt":{"rendered":"<p>Matem\u00e1tica y su Did\u00e1ctica 2025 La Escuela de Matem\u00e1tica con el fin de promover la divulgaci\u00f3n del conocimiento matem\u00e1tico, la formaci\u00f3n continua de docentes de matem\u00e1tica e incentivar el intercambio&hellip;<\/p>\n","protected":false},"author":4,"featured_media":0,"parent":0,"menu_order":0,"comment_status":"closed","ping_status":"closed","template":"","meta":{"footnotes":""},"class_list":["post-61","page","type-page","status-publish","hentry"],"_links":{"self":[{"href":"https:\/\/naturales.ues.edu.sv\/mydidactica2025\/wp-json\/wp\/v2\/pages\/61","targetHints":{"allow":["GET"]}}],"collection":[{"href":"https:\/\/naturales.ues.edu.sv\/mydidactica2025\/wp-json\/wp\/v2\/pages"}],"about":[{"href":"https:\/\/naturales.ues.edu.sv\/mydidactica2025\/wp-json\/wp\/v2\/types\/page"}],"author":[{"embeddable":true,"href":"https:\/\/naturales.ues.edu.sv\/mydidactica2025\/wp-json\/wp\/v2\/users\/4"}],"replies":[{"embeddable":true,"href":"https:\/\/naturales.ues.edu.sv\/mydidactica2025\/wp-json\/wp\/v2\/comments?post=61"}],"version-history":[{"count":20,"href":"https:\/\/naturales.ues.edu.sv\/mydidactica2025\/wp-json\/wp\/v2\/pages\/61\/revisions"}],"predecessor-version":[{"id":102,"href":"https:\/\/naturales.ues.edu.sv\/mydidactica2025\/wp-json\/wp\/v2\/pages\/61\/revisions\/102"}],"wp:attachment":[{"href":"https:\/\/naturales.ues.edu.sv\/mydidactica2025\/wp-json\/wp\/v2\/media?parent=61"}],"curies":[{"name":"wp","href":"https:\/\/api.w.org\/{rel}","templated":true}]}}