{"id":18,"date":"2022-11-17T16:23:20","date_gmt":"2022-11-17T16:23:20","guid":{"rendered":"http:\/\/www.cimat.ues.edu.sv\/portaltransparencia\/?page_id=18"},"modified":"2025-02-21T21:41:36","modified_gmt":"2025-02-21T21:41:36","slug":"asesores","status":"publish","type":"page","link":"https:\/\/naturales.ues.edu.sv\/portaltransparencia\/asesores\/","title":{"rendered":"Asesores"},"content":{"rendered":"\n<figure class=\"wp-block-table aligncenter\"><table class=\"has-fixed-layout\"><tbody><tr><td>AUTORIDADES DE GOBIERNO FACULTAD DE CIENCAS NATURALES Y MATEM\u00c1TICA,<br>Actualizado al Primer Trimestre 2024<\/td><td class=\"has-text-align-center\" data-align=\"center\"><a href=\"https:\/\/cim4t-my.sharepoint.com\/personal\/enlaceacceso_cimat_ues_edu_sv\/Documents\/2024\/Portal%20de%20Transparencia\/Primer%20trimestre%20%202024\/Marco%20de%20Gesti\u00f3n\/Asesores\/Autoridades%20de%20Gobierto%20Facultad%20de%20Ciencias%20Naturales%20y%20Matem\u00e1tica%202023-2025%20a%20marzo%202024.pdf?CT=1721316588246&amp;OR=ItemsView\" data-type=\"link\" data-id=\"https:\/\/cim4t-my.sharepoint.com\/personal\/enlaceacceso_cimat_ues_edu_sv\/Documents\/2024\/Portal%20de%20Transparencia\/Primer%20trimestre%20%202024\/Marco%20de%20Gesti\u00f3n\/Asesores\/Autoridades%20de%20Gobierto%20Facultad%20de%20Ciencias%20Naturales%20y%20Matem\u00e1tica%202023-2025%20a%20marzo%202024.pdf?CT=1721316588246&amp;OR=ItemsView\">PDF<\/a><\/td><\/tr><tr><td>AUTORIDADES DE GOBIERNO FACULTAD DE CIENCAS NATURALES Y MATEM\u00c1TICA,<br>Actualizado a marzo 2021<\/td><td class=\"has-text-align-center\" data-align=\"center\"><a href=\"\/Users\/fotoucom\/Downloads\/Autoridades-de-Gobierto-Facultad-de-Ciencias-Naturales-y-Matematica-2019-2021_Marzo.pdf\" data-type=\"link\" data-id=\"file:\/\/\/C:\/Users\/fotoucom\/Downloads\/Autoridades-de-Gobierto-Facultad-de-Ciencias-Naturales-y-Matematica-2019-2021_Marzo.pdf\">PDF<\/a><\/td><\/tr><tr><td>AUTORIDADES DE GOBIERNO FACULTAD DE CIENCAS NATURALES Y MATEM\u00c1TICA 2019-2020<\/td><td class=\"has-text-align-center\" data-align=\"center\"><a href=\"\/Users\/fotoucom\/Downloads\/Autoridades-de-Gobierto-Facultad-de-Ciencias-Naturales-y-Matematica-2019-2020_0-_Actualizado-Diciembre.pdf\" data-type=\"link\" data-id=\"file:\/\/\/C:\/Users\/fotoucom\/Downloads\/Autoridades-de-Gobierto-Facultad-de-Ciencias-Naturales-y-Matematica-2019-2020_0-_Actualizado-Diciembre.pdf\">PDF<\/a><\/td><\/tr><tr><td>Periodo Octubre 2015- Octubre 2019<\/td><td class=\"has-text-align-center\" data-align=\"center\"><a href=\"\/Users\/fotoucom\/Downloads\/Listado-de-Asesores-de-la-Facultad-Gestion-2015-2019.pdf\" data-type=\"link\" data-id=\"file:\/\/\/C:\/Users\/fotoucom\/Downloads\/Listado-de-Asesores-de-la-Facultad-Gestion-2015-2019.pdf\">PDF<\/a><\/td><\/tr><\/tbody><\/table><\/figure>\n\n\n\n<p><strong>Cuarto Trimestre<\/strong><\/p>\n\n\n\n<div data-wp-interactive=\"core\/file\" class=\"wp-block-file\"><object data-wp-bind--hidden=\"!state.hasPdfPreview\" hidden class=\"wp-block-file__embed\" data=\"https:\/\/naturales.ues.edu.sv\/portaltransparencia\/wp-content\/uploads\/sites\/16\/2025\/02\/Autoridades-de-Gobierto-Facultad-de-Ciencias-Naturales-y-Matematica-2023-2025-cuarto-trimestre-2024-1.pdf\" type=\"application\/pdf\" style=\"width:100%;height:600px\" aria-label=\"Incrustado de Autoridades de Gobierto Facultad de Ciencias Naturales y Matem\u00e1tica 2023-2025 cuarto trimestre 2024 (1).\"><\/object><a id=\"wp-block-file--media-21ceeb8a-6f30-4015-be14-19537efde9d1\" href=\"https:\/\/naturales.ues.edu.sv\/portaltransparencia\/wp-content\/uploads\/sites\/16\/2025\/02\/Autoridades-de-Gobierto-Facultad-de-Ciencias-Naturales-y-Matematica-2023-2025-cuarto-trimestre-2024-1.pdf\">Autoridades de Gobierto Facultad de Ciencias Naturales y Matem\u00e1tica 2023-2025 cuarto trimestre 2024 (1)<\/a><a href=\"https:\/\/naturales.ues.edu.sv\/portaltransparencia\/wp-content\/uploads\/sites\/16\/2025\/02\/Autoridades-de-Gobierto-Facultad-de-Ciencias-Naturales-y-Matematica-2023-2025-cuarto-trimestre-2024-1.pdf\" class=\"wp-block-file__button wp-element-button\" download aria-describedby=\"wp-block-file--media-21ceeb8a-6f30-4015-be14-19537efde9d1\">Descarga<\/a><\/div>\n\n\n\n<p><strong><mark class=\"has-inline-color has-black-color\">Segundo Trimestre<\/mark><\/strong><\/p>\n\n\n\n<div data-wp-interactive=\"core\/file\" class=\"wp-block-file\"><object data-wp-bind--hidden=\"!state.hasPdfPreview\" hidden class=\"wp-block-file__embed\" data=\"https:\/\/naturales.ues.edu.sv\/portaltransparencia\/wp-content\/uploads\/sites\/16\/2024\/10\/DIRECTORIO-DE-FUNCIONARIOS-NATURALES-segundo-trimestre-2024.pdf\" type=\"application\/pdf\" style=\"width:100%;height:600px\" aria-label=\"Incrustado de DIRECTORIO-DE-FUNCIONARIOS-NATURALES-segundo-trimestre-2024.\"><\/object><a id=\"wp-block-file--media-02aa433a-9b2e-41a5-acf7-c79d1245123a\" href=\"https:\/\/naturales.ues.edu.sv\/portaltransparencia\/wp-content\/uploads\/sites\/16\/2024\/10\/DIRECTORIO-DE-FUNCIONARIOS-NATURALES-segundo-trimestre-2024.pdf\">DIRECTORIO-DE-FUNCIONARIOS-NATURALES-segundo-trimestre-2024<\/a><a href=\"https:\/\/naturales.ues.edu.sv\/portaltransparencia\/wp-content\/uploads\/sites\/16\/2024\/10\/DIRECTORIO-DE-FUNCIONARIOS-NATURALES-segundo-trimestre-2024.pdf\" class=\"wp-block-file__button wp-element-button\" download aria-describedby=\"wp-block-file--media-02aa433a-9b2e-41a5-acf7-c79d1245123a\">Descarga<\/a><\/div>\n\n\n\n<p><\/p>\n","protected":false},"excerpt":{"rendered":"<p>AUTORIDADES DE GOBIERNO FACULTAD DE CIENCAS NATURALES Y MATEM\u00c1TICA,Actualizado al Primer Trimestre 2024 PDF AUTORIDADES DE GOBIERNO FACULTAD DE CIENCAS NATURALES Y MATEM\u00c1TICA,Actualizado a marzo 2021 PDF AUTORIDADES DE GOBIERNO FACULTAD DE CIENCAS NATURALES Y MATEM\u00c1TICA 2019-2020 PDF Periodo Octubre 2015- Octubre 2019 PDF Cuarto Trimestre Segundo Trimestre<\/p>\n","protected":false},"author":4,"featured_media":0,"parent":0,"menu_order":0,"comment_status":"closed","ping_status":"closed","template":"","meta":{"footnotes":""},"class_list":["post-18","page","type-page","status-publish","hentry"],"_links":{"self":[{"href":"https:\/\/naturales.ues.edu.sv\/portaltransparencia\/wp-json\/wp\/v2\/pages\/18","targetHints":{"allow":["GET"]}}],"collection":[{"href":"https:\/\/naturales.ues.edu.sv\/portaltransparencia\/wp-json\/wp\/v2\/pages"}],"about":[{"href":"https:\/\/naturales.ues.edu.sv\/portaltransparencia\/wp-json\/wp\/v2\/types\/page"}],"author":[{"embeddable":true,"href":"https:\/\/naturales.ues.edu.sv\/portaltransparencia\/wp-json\/wp\/v2\/users\/4"}],"replies":[{"embeddable":true,"href":"https:\/\/naturales.ues.edu.sv\/portaltransparencia\/wp-json\/wp\/v2\/comments?post=18"}],"version-history":[{"count":9,"href":"https:\/\/naturales.ues.edu.sv\/portaltransparencia\/wp-json\/wp\/v2\/pages\/18\/revisions"}],"predecessor-version":[{"id":2134,"href":"https:\/\/naturales.ues.edu.sv\/portaltransparencia\/wp-json\/wp\/v2\/pages\/18\/revisions\/2134"}],"wp:attachment":[{"href":"https:\/\/naturales.ues.edu.sv\/portaltransparencia\/wp-json\/wp\/v2\/media?parent=18"}],"curies":[{"name":"wp","href":"https:\/\/api.w.org\/{rel}","templated":true}]}}