{"id":19,"date":"2022-11-17T16:23:20","date_gmt":"2022-11-17T16:23:20","guid":{"rendered":"http:\/\/www.cimat.ues.edu.sv\/portaltransparencia\/?page_id=19"},"modified":"2025-02-21T21:34:59","modified_gmt":"2025-02-21T21:34:59","slug":"memoria-de-labores","status":"publish","type":"page","link":"https:\/\/naturales.ues.edu.sv\/portaltransparencia\/memoria-de-labores\/","title":{"rendered":"Memoria de Labores"},"content":{"rendered":"\n<figure class=\"wp-block-table\"><table><tbody><tr><td>MEMORIA DE LABORES FCNyM A\u00d1O 2023<\/td><td><a href=\"\/Users\/fotoucom\/Downloads\/MEMORIA%20DE%20LABORES%202023%20FACULTAD%20DE%20CIENCIAS%20NATURALES%20Y%20MATEM%C3%81TICA%20VF.pdf\" data-type=\"link\" data-id=\"file:\/\/\/C:\/Users\/fotoucom\/Downloads\/MEMORIA%20DE%20LABORES%202023%20FACULTAD%20DE%20CIENCIAS%20NATURALES%20Y%20MATEM%C3%81TICA%20VF.pdf\">PDF<\/a><\/td><\/tr><tr><td>MEMORIA DE LABORES FCNyM A\u00d1O 2018<\/td><td><a href=\"https:\/\/www.cimat.ues.edu.sv\/portaltransparencia\/wp-content\/uploads\/sites\/16\/2022\/11\/MEMORIA-DE-LABORES-FCNyM-ANO-2018-ok_0.pdf\" data-type=\"link\" data-id=\"https:\/\/www.cimat.ues.edu.sv\/portaltransparencia\/wp-content\/uploads\/sites\/16\/2022\/11\/MEMORIA-DE-LABORES-FCNyM-ANO-2018-ok_0.pdf\">PDF<\/a><\/td><\/tr><tr><td>MEMORIA DE LABORES FCNyM A\u00d1O 2016<\/td><td><a href=\"https:\/\/www.cimat.ues.edu.sv\/portaltransparencia\/wp-content\/uploads\/sites\/16\/2022\/11\/MEMORIA-DE-LABORES-FCNyM-ANO-2016-up_170406_0530.pdf\" data-type=\"link\" data-id=\"https:\/\/www.cimat.ues.edu.sv\/portaltransparencia\/wp-content\/uploads\/sites\/16\/2022\/11\/MEMORIA-DE-LABORES-FCNyM-ANO-2016-up_170406_0530.pdf\">PDF<\/a><\/td><\/tr><\/tbody><\/table><\/figure>\n\n\n\n<p><strong>Cuarto Trimestre<\/strong><\/p>\n\n\n\n<div class=\"_3d-flip-book  fb3d-fullscreen-mode full-size\" data-id=\"2124\" data-mode=\"fullscreen\" data-title=\"false\" data-template=\"short-white-book-view\" data-lightbox=\"dark-shadow\" data-urlparam=\"fb3d-page\" data-page-n=\"0\" data-pdf=\"\" data-tax=\"null\" data-thumbnail=\"\" data-cols=\"3\" data-book-template=\"default\" data-trigger=\"\"><\/div><script type=\"text\/javascript\">window.FB3D_CLIENT_DATA = window.FB3D_CLIENT_DATA || [];FB3D_CLIENT_DATA.push('eyJwb3N0cyI6eyIyMTI0Ijp7IklEIjoyMTI0LCJ0aXRsZSI6IiIsInR5cGUiOiJwZGYiLCJyZWFkeV9mdW5jdGlvbiI6IiIsImJvb2tfc3R5bGUiOiJmbGF0IiwiYm9va190ZW1wbGF0ZSI6Im5vbmUiLCJvdXRsaW5lIjpbXSwiZGF0YSI6eyJwb3N0X0lEIjoiMjEyNSIsImd1aWQiOiJodHRwOlwvXC9uYXR1cmFsZXMudWVzLmVkdS5zdlwvcG9ydGFsdHJhbnNwYXJlbmNpYVwvd3AtY29udGVudFwvdXBsb2Fkc1wvc2l0ZXNcLzE2XC8yMDI1XC8wMlwvTUVNT1JJQS1ERS1MQUJPUkVTLTIwMjMtRkFDVUxUQUQtREUtQ0lFTkNJQVMtTkFUVVJBTEVTLVktTUFURU1BVElDQS1WRi0yLnBkZiIsInBkZl9wYWdlcyI6IjI2IiwicGFnZXNfY3VzdG9taXphdGlvbiI6Im5vbmUifSwidGh1bWJuYWlsIjp7ImRhdGEiOnsicG9zdF9JRCI6IjAifSwidHlwZSI6ImF1dG8ifSwicHJvcHMiOnsiYmFja2dyb3VuZENvbG9yIjoiYXV0byIsImJhY2tncm91bmRJbWFnZSI6ImF1dG8iLCJiYWNrZ3JvdW5kU3R5bGUiOiJhdXRvIiwiaGlnaGxpZ2h0TGlua3MiOiJhdXRvIiwibGlnaHRpbmciOiJhdXRvIiwic2luZ2xlUGFnZU1vZGUiOiJhdXRvIiwiY2FjaGVkUGFnZXMiOiJhdXRvIiwicmVuZGVySW5hY3RpdmVQYWdlcyI6ImF1dG8iLCJyZW5kZXJJbmFjdGl2ZVBhZ2VzT25Nb2JpbGUiOiJhdXRvIiwicmVuZGVyV2hpbGVGbGlwcGluZyI6ImF1dG8iLCJwcmVsb2FkUGFnZXMiOiJhdXRvIiwiYXV0b1BsYXlEdXJhdGlvbiI6ImF1dG8iLCJydGwiOiJhdXRvIiwiaW50ZXJhY3RpdmVDb3JuZXJzIjoiYXV0byIsIm1heERlcHRoIjoiYXV0byIsInNoZWV0Ijp7InN0YXJ0VmVsb2NpdHkiOiJhdXRvIiwid2F2ZSI6ImF1dG8iLCJzaGFwZSI6ImF1dG8iLCJ3aWR0aFRleGVscyI6ImF1dG8iLCJjb2xvciI6ImF1dG8iLCJzaWRlIjoiYXV0byIsInN0cmV0Y2hJbWFnZXMiOiJhdXRvIiwiY29ybmVyRGV2aWF0aW9uIjoiYXV0byIsImZsZXhpYmlsaXR5IjoiYXV0byIsImZsZXhpYmxlQ29ybmVyIjoiYXV0byIsImJlbmRpbmciOiJhdXRvIiwiaGVpZ2h0VGV4ZWxzIjoiYXV0byJ9LCJjb3ZlciI6eyJ3YXZlIjoiYXV0byIsImNvbG9yIjoiYXV0byIsInNpZGUiOiJhdXRvIiwic3RyZXRjaEltYWdlcyI6ImF1dG8iLCJiaW5kZXJUZXh0dXJlIjoiYXV0byIsImRlcHRoIjoiYXV0byIsInBhZGRpbmciOiJhdXRvIiwic3RhcnRWZWxvY2l0eSI6ImF1dG8iLCJmbGV4aWJpbGl0eSI6ImF1dG8iLCJmbGV4aWJsZUNvcm5lciI6ImF1dG8iLCJiZW5kaW5nIjoiYXV0byIsIndpZHRoVGV4ZWxzIjoiYXV0byIsImhlaWdodFRleGVscyI6ImF1dG8iLCJtYXNzIjoiYXV0byIsInNoYXBlIjoiYXV0byJ9LCJwYWdlIjp7IndhdmUiOiJhdXRvIiwiY29sb3IiOiJhdXRvIiwic2lkZSI6ImF1dG8iLCJzdHJldGNoSW1hZ2VzIjoiYXV0byIsImRlcHRoIjoiYXV0byIsInN0YXJ0VmVsb2NpdHkiOiJhdXRvIiwiZmxleGliaWxpdHkiOiJhdXRvIiwiZmxleGlibGVDb3JuZXIiOiJhdXRvIiwiYmVuZGluZyI6ImF1dG8iLCJ3aWR0aFRleGVscyI6ImF1dG8iLCJoZWlnaHRUZXhlbHMiOiJhdXRvIiwibWFzcyI6ImF1dG8iLCJzaGFwZSI6ImF1dG8ifSwiaGVpZ2h0IjoiYXV0byIsIndpZHRoIjoiYXV0byIsImdyYXZpdHkiOiJhdXRvIiwicGFnZXNGb3JQcmVkaWN0aW5nIjoiYXV0byJ9LCJjb250cm9sUHJvcHMiOnsiYWN0aW9ucyI6eyJjbWRUb2MiOnsiZW5hYmxlZCI6ImF1dG8iLCJlbmFibGVkSW5OYXJyb3ciOiJhdXRvIiwiYWN0aXZlIjoiYXV0byIsImRlZmF1bHRUYWIiOiJhdXRvIn0sImNtZEF1dG9QbGF5Ijp7ImVuYWJsZWQiOiJhdXRvIiwiZW5hYmxlZEluTmFycm93IjoiYXV0byIsImFjdGl2ZSI6ImF1dG8ifSwiY21kU2F2ZSI6eyJlbmFibGVkIjoiYXV0byIsImVuYWJsZWRJbk5hcnJvdyI6ImF1dG8ifSwiY21kUHJpbnQiOnsiZW5hYmxlZCI6ImF1dG8iLCJlbmFibGVkSW5OYXJyb3ciOiJhdXRvIn0sImNtZFNpbmdsZVBhZ2UiOnsiZW5hYmxlZCI6ImF1dG8iLCJlbmFibGVkSW5OYXJyb3ciOiJhdXRvIiwiYWN0aXZlIjoiYXV0byIsImFjdGl2ZUZvck1vYmlsZSI6ImF1dG8ifSwid2lkVG9vbGJhciI6eyJlbmFibGVkIjoiYXV0byIsImVuYWJsZWRJbk5hcnJvdyI6ImF1dG8ifX19LCJhdXRvVGh1bWJuYWlsIjoiaHR0cDpcL1wvbmF0dXJhbGVzLnVlcy5lZHUuc3ZcL3BvcnRhbHRyYW5zcGFyZW5jaWFcL3dwLWNvbnRlbnRcL3VwbG9hZHNcL3NpdGVzXC8xNlwvM2QtZmxpcC1ib29rXC9hdXRvLXRodW1ibmFpbHNcLzIxMjQucG5nIiwicG9zdF9uYW1lIjoiMjEyNCIsInBvc3RfdHlwZSI6IjNkLWZsaXAtYm9vayJ9fSwicGFnZXMiOltdLCJmaXJzdFBhZ2VzIjpbXX0=');window.FB3D_CLIENT_LOCALE && FB3D_CLIENT_LOCALE.render && FB3D_CLIENT_LOCALE.render();<\/script>\n\n\n\n<p><strong>Segundo Trimestre<\/strong><\/p>\n\n\n\n<div data-wp-interactive=\"core\/file\" class=\"wp-block-file\"><object data-wp-bind--hidden=\"!state.hasPdfPreview\" hidden class=\"wp-block-file__embed\" data=\"https:\/\/naturales.ues.edu.sv\/portaltransparencia\/wp-content\/uploads\/sites\/16\/2024\/10\/MEMORIA-DE-LABORES-2023-FACULTAD-DE-CIENCIAS-NATURALES-Y-MATEMATICA-VF.pdf\" type=\"application\/pdf\" style=\"width:100%;height:600px\" aria-label=\"Incrustado de MEMORIA-DE-LABORES-2023-FACULTAD-DE-CIENCIAS-NATURALES-Y-MATEMATICA-VF.\"><\/object><a id=\"wp-block-file--media-98274a76-176c-47d0-bc93-f22179d5b792\" href=\"https:\/\/naturales.ues.edu.sv\/portaltransparencia\/wp-content\/uploads\/sites\/16\/2024\/10\/MEMORIA-DE-LABORES-2023-FACULTAD-DE-CIENCIAS-NATURALES-Y-MATEMATICA-VF.pdf\">MEMORIA-DE-LABORES-2023-FACULTAD-DE-CIENCIAS-NATURALES-Y-MATEMATICA-VF<\/a><a href=\"https:\/\/naturales.ues.edu.sv\/portaltransparencia\/wp-content\/uploads\/sites\/16\/2024\/10\/MEMORIA-DE-LABORES-2023-FACULTAD-DE-CIENCIAS-NATURALES-Y-MATEMATICA-VF.pdf\" class=\"wp-block-file__button wp-element-button\" download aria-describedby=\"wp-block-file--media-98274a76-176c-47d0-bc93-f22179d5b792\">Descarga<\/a><\/div>\n","protected":false},"excerpt":{"rendered":"<p>MEMORIA DE LABORES FCNyM A\u00d1O 2023 PDF MEMORIA DE LABORES FCNyM A\u00d1O 2018 PDF MEMORIA DE LABORES FCNyM A\u00d1O 2016 PDF Cuarto Trimestre Segundo Trimestre<\/p>\n","protected":false},"author":4,"featured_media":0,"parent":0,"menu_order":0,"comment_status":"closed","ping_status":"closed","template":"","meta":{"footnotes":""},"class_list":["post-19","page","type-page","status-publish","hentry"],"_links":{"self":[{"href":"https:\/\/naturales.ues.edu.sv\/portaltransparencia\/wp-json\/wp\/v2\/pages\/19","targetHints":{"allow":["GET"]}}],"collection":[{"href":"https:\/\/naturales.ues.edu.sv\/portaltransparencia\/wp-json\/wp\/v2\/pages"}],"about":[{"href":"https:\/\/naturales.ues.edu.sv\/portaltransparencia\/wp-json\/wp\/v2\/types\/page"}],"author":[{"embeddable":true,"href":"https:\/\/naturales.ues.edu.sv\/portaltransparencia\/wp-json\/wp\/v2\/users\/4"}],"replies":[{"embeddable":true,"href":"https:\/\/naturales.ues.edu.sv\/portaltransparencia\/wp-json\/wp\/v2\/comments?post=19"}],"version-history":[{"count":6,"href":"https:\/\/naturales.ues.edu.sv\/portaltransparencia\/wp-json\/wp\/v2\/pages\/19\/revisions"}],"predecessor-version":[{"id":2126,"href":"https:\/\/naturales.ues.edu.sv\/portaltransparencia\/wp-json\/wp\/v2\/pages\/19\/revisions\/2126"}],"wp:attachment":[{"href":"https:\/\/naturales.ues.edu.sv\/portaltransparencia\/wp-json\/wp\/v2\/media?parent=19"}],"curies":[{"name":"wp","href":"https:\/\/api.w.org\/{rel}","templated":true}]}}