{"id":46,"date":"2022-11-17T16:41:39","date_gmt":"2022-11-17T16:41:39","guid":{"rendered":"http:\/\/www.cimat.ues.edu.sv\/portaltransparencia\/?page_id=46"},"modified":"2025-02-21T21:46:58","modified_gmt":"2025-02-21T21:46:58","slug":"remuneraciones","status":"publish","type":"page","link":"https:\/\/naturales.ues.edu.sv\/portaltransparencia\/remuneraciones\/","title":{"rendered":"Remuneraciones"},"content":{"rendered":"\n<figure class=\"wp-block-table is-style-stripes has-medium-font-size\"><table><thead><tr><th>Proceso<\/th><th>Periodo<\/th><th>Documento<\/th><\/tr><\/thead><tbody><tr><td>Proceso de Contrataci\u00f3n<\/td><td>DE ENERO A JUNIO 2020<\/td><td><a href=\"http:\/\/www.cimat.ues.edu.sv\/portaltransparencia\/wp-content\/uploads\/sites\/16\/2022\/12\/Proceso-de-Contratacion-de-Personal-CIMAT-1.pdf\">PDF<\/a><\/td><\/tr><tr><td>Procedimiento de selecci\u00f3n&nbsp; de Personal<\/td><td>DE ENERO A JUNIO 2020<\/td><td><a href=\"http:\/\/www.cimat.ues.edu.sv\/portaltransparencia\/wp-content\/uploads\/sites\/16\/2022\/12\/PROCEDIMIENTO-DE-SELECCION-2020.pdf\">PDF<\/a><\/td><\/tr><tr><td>Remuneraci\u00f3n del Personal<\/td><td>DE ENERO A JUNIO 2020<\/td><td>PDF<\/td><\/tr><tr><td>Remuneraciones Facultad Ciencias Naturales y Matem\u00e1tica<\/td><td>Primer Trimestre<\/td><td><a href=\"https:\/\/naturales.ues.edu.sv\/portaltransparencia\/wp-content\/uploads\/sites\/16\/2024\/07\/Remuneraciones-Facultad-de-Ciencias-Naturales-y-Matematica-primer-trimestre-2024.xlsx\" data-type=\"link\" data-id=\"https:\/\/naturales.ues.edu.sv\/portaltransparencia\/wp-content\/uploads\/sites\/16\/2024\/07\/Remuneraciones-Facultad-de-Ciencias-Naturales-y-Matematica-primer-trimestre-2024.xlsx\">PDF<\/a><\/td><\/tr><tr><td>02 REMUNERACIONES POR CARGO PRESUPUESTARIO CUARTO TRIMESTRE 2024<\/td><td>Cuarto Trimestre<\/td><td><a href=\"https:\/\/naturales.ues.edu.sv\/portaltransparencia\/wp-content\/uploads\/sites\/16\/2025\/02\/02-REMUNERACIONES-POR-CARGO-PRESUPUESTARIO-CUARTO-TRIMESTRE-2024-1.xlsx\">PDF<\/a><\/td><\/tr><\/tbody><\/table><\/figure>\n\n\n\n<div class=\"wp-block-file\"><a id=\"wp-block-file--media-0ef4bb62-3267-4a94-8e42-351a4d89af92\" href=\"https:\/\/naturales.ues.edu.sv\/portaltransparencia\/wp-content\/uploads\/sites\/16\/2025\/02\/02-REMUNERACIONES-POR-CARGO-PRESUPUESTARIO-CUARTO-TRIMESTRE-2024-1.xlsx\">02 REMUNERACIONES POR CARGO PRESUPUESTARIO CUARTO TRIMESTRE 2024<\/a><a href=\"https:\/\/naturales.ues.edu.sv\/portaltransparencia\/wp-content\/uploads\/sites\/16\/2025\/02\/02-REMUNERACIONES-POR-CARGO-PRESUPUESTARIO-CUARTO-TRIMESTRE-2024-1.xlsx\" class=\"wp-block-file__button wp-element-button\" download aria-describedby=\"wp-block-file--media-0ef4bb62-3267-4a94-8e42-351a4d89af92\">Descarga<\/a><\/div>\n\n\n\n<p><\/p>\n","protected":false},"excerpt":{"rendered":"<p>Proceso Periodo Documento Proceso de Contrataci\u00f3n DE ENERO A JUNIO 2020 PDF Procedimiento de selecci\u00f3n&nbsp; de Personal DE ENERO A JUNIO 2020 PDF Remuneraci\u00f3n del Personal DE ENERO A JUNIO 2020 PDF Remuneraciones Facultad Ciencias Naturales y Matem\u00e1tica Primer Trimestre PDF 02 REMUNERACIONES POR CARGO PRESUPUESTARIO CUARTO TRIMESTRE 2024 Cuarto Trimestre PDF<\/p>\n","protected":false},"author":4,"featured_media":0,"parent":0,"menu_order":0,"comment_status":"closed","ping_status":"closed","template":"","meta":{"footnotes":""},"class_list":["post-46","page","type-page","status-publish","hentry"],"_links":{"self":[{"href":"https:\/\/naturales.ues.edu.sv\/portaltransparencia\/wp-json\/wp\/v2\/pages\/46","targetHints":{"allow":["GET"]}}],"collection":[{"href":"https:\/\/naturales.ues.edu.sv\/portaltransparencia\/wp-json\/wp\/v2\/pages"}],"about":[{"href":"https:\/\/naturales.ues.edu.sv\/portaltransparencia\/wp-json\/wp\/v2\/types\/page"}],"author":[{"embeddable":true,"href":"https:\/\/naturales.ues.edu.sv\/portaltransparencia\/wp-json\/wp\/v2\/users\/4"}],"replies":[{"embeddable":true,"href":"https:\/\/naturales.ues.edu.sv\/portaltransparencia\/wp-json\/wp\/v2\/comments?post=46"}],"version-history":[{"count":6,"href":"https:\/\/naturales.ues.edu.sv\/portaltransparencia\/wp-json\/wp\/v2\/pages\/46\/revisions"}],"predecessor-version":[{"id":2144,"href":"https:\/\/naturales.ues.edu.sv\/portaltransparencia\/wp-json\/wp\/v2\/pages\/46\/revisions\/2144"}],"wp:attachment":[{"href":"https:\/\/naturales.ues.edu.sv\/portaltransparencia\/wp-json\/wp\/v2\/media?parent=46"}],"curies":[{"name":"wp","href":"https:\/\/api.w.org\/{rel}","templated":true}]}}