{"id":1198,"date":"2025-10-22T16:40:39","date_gmt":"2025-10-22T14:40:39","guid":{"rendered":"https:\/\/naturales.ues.edu.sv\/proyeccionsocial\/?page_id=1198"},"modified":"2025-10-31T18:37:37","modified_gmt":"2025-10-31T17:37:37","slug":"proyectos-de-la-escuela-de-biologia","status":"publish","type":"page","link":"https:\/\/naturales.ues.edu.sv\/proyeccionsocial\/proyectos-de-la-escuela-de-biologia\/","title":{"rendered":"Proyectos de la Escuela de Biolog\u00eda"},"content":{"rendered":"\n<p><\/p>\n\n\n\n<figure class=\"wp-block-table\"><table class=\"has-fixed-layout\"><tbody><tr><td>Asistencia y enriquecimiento a la colecci\u00f3n de aves de la Escuela de Biolog\u00eda, Universidad de El Salvador.<\/td><\/tr><tr><td>Levantamiento de inventarios de la Biodiversidad en El Salvador.<\/td><\/tr><tr><td>Apoyo t\u00e9cnico-cient\u00edfico al grupo de investigaci\u00f3n en entomolog\u00eda m\u00e9dica de la Universidad de El Salvador<\/td><\/tr><tr><td>Apoyo en el uso de modelos animales para la docencia y la investigaci\u00f3n de la Escuela de Biolog\u00eda y el grupo de investigaci\u00f3n en modelos animales de la Universidad de El Salvador<\/td><\/tr><tr><td>Activaci\u00f3n, mantenimiento y actualizaci\u00f3n de la colecci\u00f3n de referencia de pteridophytas \u201chelechos\u201d del Herbario de la Escuela de Biolog\u00eda, Facultad de Ciencias Naturales y Matem\u00e1tica, Universidad de El Salvador.<\/td><\/tr><tr><td>Mantenimiento y enriquecimiento de la Colecci\u00f3n entomol\u00f3gica de Referencia Cient\u00edfica, de la secci\u00f3n de Entomolog\u00eda.<\/td><\/tr><tr><td>Asistente en mantenimiento y enriquecimiento de la colecci\u00f3n de vertebrados (anfibios, reptiles, aves, mam\u00edferos, peces marinos), e invertebrados marinos de la Escuela de Biolog\u00eda.<\/td><\/tr><tr><td>\u00abFortaleciendo conocimientos y capacidades en estudiantes de biolog\u00eda sobre administraci\u00f3n de Colecciones de referencia did\u00e1ctica de mam\u00edferos\u00bb.<\/td><\/tr><tr><td>\u201cCapacitaciones y actividades realizadas por estudiantes de Maestr\u00eda con \u00e9nfasis a la Gesti\u00f3n Ambiental \u00ab.<\/td><\/tr><tr><td>\u201cCapacitaciones y actividades acad\u00e9micas-cient\u00edficas realizadas por estudiantes de Maestr\u00eda con \u00e9nfasis al<br>manejo sustentable de los recursos naturales continentales y costero-marinos\u201d.<\/td><\/tr><tr><td>Revista cient\u00edfica y Blog AQUACIENCIA del ICMARES.<\/td><\/tr><tr><td>Plan de educaci\u00f3n ambiental para ejecutar en la Facultad de Ciencias Naturales y Matem\u00e1tica y en el Museo de Historia Natural de El Salvador.<\/td><\/tr><tr><td>Apoyo t\u00e9cnico \u2013 cient\u00edfico para el desarrollo de actividades en el Laboratorio de Microbiolog\u00eda y Biotecnolog\u00eda y Laboratorio de Biolog\u00eda Molecular del Centro de Investigaci\u00f3n y Desarrollo en Salud (CENSALUD) y el Departamento de Biolog\u00eda Celular de la Escuela de Biolog\u00eda de la Universidad de El Salvador.<\/td><\/tr><tr><td>Enriquecimiento ambiental de recintos y apoyo curricular para la educaci\u00f3n ambiental de espacios con espec\u00edmenes de vida silvestre bajo cuidado humano y rehabilitaci\u00f3n.<\/td><\/tr><tr><td>Caracterizaci\u00f3n gen\u00e9tica mediante marcadores moleculares de especies de la flora salvadore\u00f1a con potencial agroindustrial.<\/td><\/tr><tr><td>Caracterizaci\u00f3n de factores que condicionan la calidad de miel de Apis mell\u00edfera en El Salvador: Un estudio para el apoyo a la docencia y la investigaci\u00f3n de la Facultad de Ciencias Naturales y Matem\u00e1tica.<\/td><\/tr><\/tbody><\/table><\/figure>\n","protected":false},"excerpt":{"rendered":"<p>Asistencia y enriquecimiento a la colecci\u00f3n de aves de la Escuela de Biolog\u00eda, Universidad de&#8230;<\/p>\n","protected":false},"author":1,"featured_media":0,"parent":0,"menu_order":0,"comment_status":"closed","ping_status":"closed","template":"","meta":{"footnotes":""},"class_list":["post-1198","page","type-page","status-publish","hentry"],"_links":{"self":[{"href":"https:\/\/naturales.ues.edu.sv\/proyeccionsocial\/wp-json\/wp\/v2\/pages\/1198","targetHints":{"allow":["GET"]}}],"collection":[{"href":"https:\/\/naturales.ues.edu.sv\/proyeccionsocial\/wp-json\/wp\/v2\/pages"}],"about":[{"href":"https:\/\/naturales.ues.edu.sv\/proyeccionsocial\/wp-json\/wp\/v2\/types\/page"}],"author":[{"embeddable":true,"href":"https:\/\/naturales.ues.edu.sv\/proyeccionsocial\/wp-json\/wp\/v2\/users\/1"}],"replies":[{"embeddable":true,"href":"https:\/\/naturales.ues.edu.sv\/proyeccionsocial\/wp-json\/wp\/v2\/comments?post=1198"}],"version-history":[{"count":5,"href":"https:\/\/naturales.ues.edu.sv\/proyeccionsocial\/wp-json\/wp\/v2\/pages\/1198\/revisions"}],"predecessor-version":[{"id":1229,"href":"https:\/\/naturales.ues.edu.sv\/proyeccionsocial\/wp-json\/wp\/v2\/pages\/1198\/revisions\/1229"}],"wp:attachment":[{"href":"https:\/\/naturales.ues.edu.sv\/proyeccionsocial\/wp-json\/wp\/v2\/media?parent=1198"}],"curies":[{"name":"wp","href":"https:\/\/api.w.org\/{rel}","templated":true}]}}