{"id":1200,"date":"2025-10-22T16:41:44","date_gmt":"2025-10-22T14:41:44","guid":{"rendered":"https:\/\/naturales.ues.edu.sv\/proyeccionsocial\/?page_id=1200"},"modified":"2025-10-31T18:35:50","modified_gmt":"2025-10-31T17:35:50","slug":"proyectos-de-la-escuela-de-fisica","status":"publish","type":"page","link":"https:\/\/naturales.ues.edu.sv\/proyeccionsocial\/proyectos-de-la-escuela-de-fisica\/","title":{"rendered":"Proyectos de la Escuela de F\u00edsica"},"content":{"rendered":"\n<p><\/p>\n\n\n\n<figure class=\"wp-block-table\"><table class=\"has-fixed-layout\"><tbody><tr><td>Desarrollo de material para pr\u00e1cticas computacionales de Astrof\u00edsica y Cosmolog\u00eda.<\/td><\/tr><tr><td>Asistencia T\u00e9cnica para la Actualizaci\u00f3n Cartogr\u00e1fica Minera a trav\u00e9s de Sistemas de Informaci\u00f3n Geogr\u00e1fica (SIG) en la Direcci\u00f3n General de Energ\u00eda, Hidrocarburos y Minas (DGEHM).<\/td><\/tr><tr><td>Implementaci\u00f3n de un programa de entrenamiento cl\u00ednico en la esfera de f\u00edsica m\u00e9dica del servicio de Radioterapia del Centro Nacional de Radioterapia.<\/td><\/tr><tr><td>Apoyo al monitoreo volc\u00e1nico de \u00e1reas de inter\u00e9s del MARN.<\/td><\/tr><tr><td>Digitalizaci\u00f3n de Pol\u00edgonos urbanos de los municipios del AMSS para modelo de exposici\u00f3n f\u00edsica.<\/td><\/tr><tr><td>Apoyo en las actividades base y asistencia estudiantil para el desarrollo de proyectos de monitoreo remoto, a trav\u00e9s de Sistemas de Informaci\u00f3n Geogr\u00e1fica para la exploraci\u00f3n geof\u00edsica enfocada a recursos geot\u00e9rmicos e h\u00eddricos, en la Direcci\u00f3n de Desarrollo Energ\u00e9tico del Consejo Nacional de Energ\u00eda.<\/td><\/tr><tr><td>Asistencia t\u00e9cnica para el desarrollo de herramientas de evaluaci\u00f3n de proyectos energ\u00e9ticos a trav\u00e9s de Sistemas de Informaci\u00f3n Geogr\u00e1fica (SIG) en la Direcci\u00f3n General de Energ\u00eda, Hidrocarburos y Minas (DGEHM).<\/td><\/tr><\/tbody><\/table><\/figure>\n","protected":false},"excerpt":{"rendered":"<p>Desarrollo de material para pr\u00e1cticas computacionales de Astrof\u00edsica y Cosmolog\u00eda. Asistencia T\u00e9cnica para la Actualizaci\u00f3n&#8230;<\/p>\n","protected":false},"author":1,"featured_media":0,"parent":0,"menu_order":0,"comment_status":"closed","ping_status":"closed","template":"","meta":{"footnotes":""},"class_list":["post-1200","page","type-page","status-publish","hentry"],"_links":{"self":[{"href":"https:\/\/naturales.ues.edu.sv\/proyeccionsocial\/wp-json\/wp\/v2\/pages\/1200","targetHints":{"allow":["GET"]}}],"collection":[{"href":"https:\/\/naturales.ues.edu.sv\/proyeccionsocial\/wp-json\/wp\/v2\/pages"}],"about":[{"href":"https:\/\/naturales.ues.edu.sv\/proyeccionsocial\/wp-json\/wp\/v2\/types\/page"}],"author":[{"embeddable":true,"href":"https:\/\/naturales.ues.edu.sv\/proyeccionsocial\/wp-json\/wp\/v2\/users\/1"}],"replies":[{"embeddable":true,"href":"https:\/\/naturales.ues.edu.sv\/proyeccionsocial\/wp-json\/wp\/v2\/comments?post=1200"}],"version-history":[{"count":3,"href":"https:\/\/naturales.ues.edu.sv\/proyeccionsocial\/wp-json\/wp\/v2\/pages\/1200\/revisions"}],"predecessor-version":[{"id":1227,"href":"https:\/\/naturales.ues.edu.sv\/proyeccionsocial\/wp-json\/wp\/v2\/pages\/1200\/revisions\/1227"}],"wp:attachment":[{"href":"https:\/\/naturales.ues.edu.sv\/proyeccionsocial\/wp-json\/wp\/v2\/media?parent=1200"}],"curies":[{"name":"wp","href":"https:\/\/api.w.org\/{rel}","templated":true}]}}