{"id":1202,"date":"2025-10-22T16:42:28","date_gmt":"2025-10-22T14:42:28","guid":{"rendered":"https:\/\/naturales.ues.edu.sv\/proyeccionsocial\/?page_id=1202"},"modified":"2025-10-31T18:34:46","modified_gmt":"2025-10-31T17:34:46","slug":"proyectos-de-la-escuela-de-quimica","status":"publish","type":"page","link":"https:\/\/naturales.ues.edu.sv\/proyeccionsocial\/proyectos-de-la-escuela-de-quimica\/","title":{"rendered":"Proyectos de la Escuela de Qu\u00edmica"},"content":{"rendered":"\n<p><\/p>\n\n\n\n<figure class=\"wp-block-table\"><table class=\"has-fixed-layout\"><tbody><tr><td>Fortalecimiento capacidades en t\u00e9cnicas instrumentales qu\u00edmicas.<\/td><\/tr><tr><td>Determinaci\u00f3n de par\u00e1metros fisicoqu\u00edmicos en apoyo al estudio \u201cModelo Tecnol\u00f3gico aplicado a la salud para el Rescate, Caracterizaci\u00f3n y Desarrollo del potencial del cacao domesticado en El Salvador\u201d.<\/td><\/tr><tr><td>An\u00e1lisis de Productos Naturales por Cromatograf\u00eda Flash y HPLC con gradiente.<\/td><\/tr><\/tbody><\/table><\/figure>\n","protected":false},"excerpt":{"rendered":"<p>Fortalecimiento capacidades en t\u00e9cnicas instrumentales qu\u00edmicas. Determinaci\u00f3n de par\u00e1metros fisicoqu\u00edmicos en apoyo al estudio \u201cModelo&#8230;<\/p>\n","protected":false},"author":1,"featured_media":0,"parent":0,"menu_order":0,"comment_status":"closed","ping_status":"closed","template":"","meta":{"footnotes":""},"class_list":["post-1202","page","type-page","status-publish","hentry"],"_links":{"self":[{"href":"https:\/\/naturales.ues.edu.sv\/proyeccionsocial\/wp-json\/wp\/v2\/pages\/1202","targetHints":{"allow":["GET"]}}],"collection":[{"href":"https:\/\/naturales.ues.edu.sv\/proyeccionsocial\/wp-json\/wp\/v2\/pages"}],"about":[{"href":"https:\/\/naturales.ues.edu.sv\/proyeccionsocial\/wp-json\/wp\/v2\/types\/page"}],"author":[{"embeddable":true,"href":"https:\/\/naturales.ues.edu.sv\/proyeccionsocial\/wp-json\/wp\/v2\/users\/1"}],"replies":[{"embeddable":true,"href":"https:\/\/naturales.ues.edu.sv\/proyeccionsocial\/wp-json\/wp\/v2\/comments?post=1202"}],"version-history":[{"count":3,"href":"https:\/\/naturales.ues.edu.sv\/proyeccionsocial\/wp-json\/wp\/v2\/pages\/1202\/revisions"}],"predecessor-version":[{"id":1225,"href":"https:\/\/naturales.ues.edu.sv\/proyeccionsocial\/wp-json\/wp\/v2\/pages\/1202\/revisions\/1225"}],"wp:attachment":[{"href":"https:\/\/naturales.ues.edu.sv\/proyeccionsocial\/wp-json\/wp\/v2\/media?parent=1202"}],"curies":[{"name":"wp","href":"https:\/\/api.w.org\/{rel}","templated":true}]}}