{"id":1204,"date":"2025-10-22T16:43:08","date_gmt":"2025-10-22T14:43:08","guid":{"rendered":"https:\/\/naturales.ues.edu.sv\/proyeccionsocial\/?page_id=1204"},"modified":"2025-10-31T18:35:04","modified_gmt":"2025-10-31T17:35:04","slug":"proyectos-de-la-escuela-de-matematica","status":"publish","type":"page","link":"https:\/\/naturales.ues.edu.sv\/proyeccionsocial\/proyectos-de-la-escuela-de-matematica\/","title":{"rendered":"Proyectos de la Escuela de Matem\u00e1tica"},"content":{"rendered":"\n<p><\/p>\n\n\n\n<figure class=\"wp-block-table\"><table class=\"has-fixed-layout\"><tbody><tr><td>Asistencia en el Procesamiento de Datos y An\u00e1lisis Estad\u00edstico en el Ministerio de Agricultura y Ganader\u00eda.<\/td><\/tr><tr><td>Instructor\u00eda para estudiantes de la Escuela de Matem\u00e1tica.<\/td><\/tr><\/tbody><\/table><\/figure>\n\n\n\n<p><\/p>\n","protected":false},"excerpt":{"rendered":"<p>Asistencia en el Procesamiento de Datos y An\u00e1lisis Estad\u00edstico en el Ministerio de Agricultura y&#8230;<\/p>\n","protected":false},"author":1,"featured_media":0,"parent":0,"menu_order":0,"comment_status":"closed","ping_status":"closed","template":"","meta":{"footnotes":""},"class_list":["post-1204","page","type-page","status-publish","hentry"],"_links":{"self":[{"href":"https:\/\/naturales.ues.edu.sv\/proyeccionsocial\/wp-json\/wp\/v2\/pages\/1204","targetHints":{"allow":["GET"]}}],"collection":[{"href":"https:\/\/naturales.ues.edu.sv\/proyeccionsocial\/wp-json\/wp\/v2\/pages"}],"about":[{"href":"https:\/\/naturales.ues.edu.sv\/proyeccionsocial\/wp-json\/wp\/v2\/types\/page"}],"author":[{"embeddable":true,"href":"https:\/\/naturales.ues.edu.sv\/proyeccionsocial\/wp-json\/wp\/v2\/users\/1"}],"replies":[{"embeddable":true,"href":"https:\/\/naturales.ues.edu.sv\/proyeccionsocial\/wp-json\/wp\/v2\/comments?post=1204"}],"version-history":[{"count":3,"href":"https:\/\/naturales.ues.edu.sv\/proyeccionsocial\/wp-json\/wp\/v2\/pages\/1204\/revisions"}],"predecessor-version":[{"id":1226,"href":"https:\/\/naturales.ues.edu.sv\/proyeccionsocial\/wp-json\/wp\/v2\/pages\/1204\/revisions\/1226"}],"wp:attachment":[{"href":"https:\/\/naturales.ues.edu.sv\/proyeccionsocial\/wp-json\/wp\/v2\/media?parent=1204"}],"curies":[{"name":"wp","href":"https:\/\/api.w.org\/{rel}","templated":true}]}}