{"id":1233,"date":"2025-11-07T15:50:42","date_gmt":"2025-11-07T14:50:42","guid":{"rendered":"https:\/\/naturales.ues.edu.sv\/proyeccionsocial\/?page_id=1233"},"modified":"2025-11-07T15:50:43","modified_gmt":"2025-11-07T14:50:43","slug":"proyectos-de-icmares","status":"publish","type":"page","link":"https:\/\/naturales.ues.edu.sv\/proyeccionsocial\/proyectos-de-icmares\/","title":{"rendered":"Proyectos de ICMARES"},"content":{"rendered":"\n<p><strong>Fondos propios<\/strong><\/p>\n\n\n\n<ol class=\"wp-block-list\">\n<li>Proyecto \u00abPrograma de monitoreo de la pesca y biodiversidad de tiburones y rayas en la zona costero &#8211; marina de El Salvador.\u00bb<\/li>\n\n\n\n<li>\u00abLevantamiento de la colecci\u00f3n de referencia de vertebrados e invertebrados acu\u00e1ticos del ICMARES-Escuela de Biolog\u00eda\u00bb<\/li>\n<\/ol>\n\n\n\n<p><strong>Cooperaci\u00f3n externa<\/strong><\/p>\n\n\n\n<ol class=\"wp-block-list\">\n<li>\u201cElaboraci\u00f3n de un diagn\u00f3stico situacional y estudio t\u00e9cnico participativo que identifique soluciones e inversiones de seguridad h\u00eddrica en la cuenca del r\u00edo Tempisque, municipios de Cojutepeque, Monte San Juan y Tenancingo, El Salvador\u201d.<\/li>\n\n\n\n<li>Proyecto \u201cConstrucci\u00f3n participativa de una propuesta de Pol\u00edtica P\u00fablica de Gesti\u00f3n de Riesgo de sequ\u00eda para El Salvador.\u201d<\/li>\n<\/ol>\n\n\n\n<p><strong>Cooperaci\u00f3n mixta<\/strong><\/p>\n\n\n\n<ol class=\"wp-block-list\">\n<li>Proyecto de Mejora Pesquera en Puerto Parada (FIP)\u201d Evaluaci\u00f3n biol\u00f3gica y pesquera de la pesca en peque\u00f1a escala asociada a los arrecifes artificiales de Puerto Parada, Bah\u00eda de Jiquilisco, El Salvador.<\/li>\n<\/ol>\n\n\n\n<p><\/p>\n","protected":false},"excerpt":{"rendered":"<p>Fondos propios Cooperaci\u00f3n externa Cooperaci\u00f3n mixta<\/p>\n","protected":false},"author":1,"featured_media":0,"parent":0,"menu_order":0,"comment_status":"closed","ping_status":"closed","template":"","meta":{"footnotes":""},"class_list":["post-1233","page","type-page","status-publish","hentry"],"_links":{"self":[{"href":"https:\/\/naturales.ues.edu.sv\/proyeccionsocial\/wp-json\/wp\/v2\/pages\/1233","targetHints":{"allow":["GET"]}}],"collection":[{"href":"https:\/\/naturales.ues.edu.sv\/proyeccionsocial\/wp-json\/wp\/v2\/pages"}],"about":[{"href":"https:\/\/naturales.ues.edu.sv\/proyeccionsocial\/wp-json\/wp\/v2\/types\/page"}],"author":[{"embeddable":true,"href":"https:\/\/naturales.ues.edu.sv\/proyeccionsocial\/wp-json\/wp\/v2\/users\/1"}],"replies":[{"embeddable":true,"href":"https:\/\/naturales.ues.edu.sv\/proyeccionsocial\/wp-json\/wp\/v2\/comments?post=1233"}],"version-history":[{"count":1,"href":"https:\/\/naturales.ues.edu.sv\/proyeccionsocial\/wp-json\/wp\/v2\/pages\/1233\/revisions"}],"predecessor-version":[{"id":1234,"href":"https:\/\/naturales.ues.edu.sv\/proyeccionsocial\/wp-json\/wp\/v2\/pages\/1233\/revisions\/1234"}],"wp:attachment":[{"href":"https:\/\/naturales.ues.edu.sv\/proyeccionsocial\/wp-json\/wp\/v2\/media?parent=1233"}],"curies":[{"name":"wp","href":"https:\/\/api.w.org\/{rel}","templated":true}]}}