{"id":27,"date":"2023-11-21T17:00:00","date_gmt":"2023-11-21T17:00:00","guid":{"rendered":"https:\/\/www.cimat.ues.edu.sv\/quimica\/?page_id=27"},"modified":"2023-12-06T16:11:26","modified_gmt":"2023-12-06T16:11:26","slug":"mision","status":"publish","type":"page","link":"https:\/\/naturales.ues.edu.sv\/quimica\/mision\/","title":{"rendered":"Filosof\u00eda Institucional"},"content":{"rendered":"\n<div class=\"section-wrapper\" data-id=\"pA2xIm\"><section class=\"wp-block-gutenverse-section guten-element guten-section guten-pA2xIm layout-boxed align-stretch\"><div class=\"guten-background-overlay\"><\/div><div class=\"guten-shape-divider guten-shape-divider-top\"><\/div><div class=\"guten-shape-divider guten-shape-divider-bottom\"><\/div><div class=\"guten-container guten-column-gap-no\">\n<div class=\"wp-block-gutenverse-column guten-element guten-column guten-uQMhiJ\"><div class=\"guten-background-overlay\"><\/div><div class=\"sticky-wrapper\" data-id=\"uQMhiJ\"><div class=\"guten-column-wrapper\">\n<div class=\"section-wrapper\" data-id=\"qn3P4x\"><section class=\"wp-block-gutenverse-section guten-element guten-section guten-qn3P4x layout-boxed align-stretch\"><div class=\"guten-background-overlay\"><\/div><div class=\"guten-shape-divider guten-shape-divider-top\"><\/div><div class=\"guten-shape-divider guten-shape-divider-bottom\"><\/div><div class=\"guten-container guten-column-gap-no\">\n<div class=\"wp-block-gutenverse-column guten-element guten-column guten-nRKeWA\"><div class=\"guten-background-overlay\"><\/div><div class=\"sticky-wrapper\" data-id=\"nRKeWA\"><div class=\"guten-column-wrapper\">\n<h2 class=\"wp-block-gutenverse-heading guten-element guten-J0aNcl animated guten-element-hide desktop-fadeInLeft\">Misi\u00f3n \/ Visi\u00f3n<\/h2>\n\n\n\n<div class=\"guten-element gutenverse-text-editor guten-2rwxvm animated guten-element-hide desktop-fadeInLeft\"><div class=\"text-content-inner\">\n<p>Lorem ipsum dolor sit amet, consectetur adipiscing elit. Phasellus malesuada neque sed pellentesque ullamcorper.<\/p>\n<\/div><\/div>\n<\/div><\/div><\/div>\n<\/div><\/section><\/div>\n\n\n\n<div class=\"section-wrapper\" data-id=\"duArME\"><section class=\"wp-block-gutenverse-section guten-element guten-section guten-duArME layout-boxed align-stretch\"><div class=\"guten-background-overlay\"><\/div><div class=\"guten-shape-divider guten-shape-divider-top\"><\/div><div class=\"guten-shape-divider guten-shape-divider-bottom\"><\/div><div class=\"guten-container guten-column-gap-no\">\n<div class=\"wp-block-gutenverse-column guten-element guten-column guten-APnSiO\"><div class=\"guten-background-overlay\"><\/div><div class=\"sticky-wrapper\" data-id=\"APnSiO\"><div class=\"guten-column-wrapper\">\n<figure class=\"wp-block-image size-large\"><img fetchpriority=\"high\" decoding=\"async\" width=\"1024\" height=\"683\" src=\"https:\/\/www.cimat.ues.edu.sv\/quimica\/wp-content\/uploads\/sites\/21\/2023\/12\/IMG_8566-1024x683.jpg\" alt=\"\" class=\"wp-image-113\" srcset=\"https:\/\/naturales.ues.edu.sv\/quimica\/wp-content\/uploads\/sites\/21\/2023\/12\/IMG_8566-1024x683.jpg 1024w, https:\/\/naturales.ues.edu.sv\/quimica\/wp-content\/uploads\/sites\/21\/2023\/12\/IMG_8566-300x200.jpg 300w, https:\/\/naturales.ues.edu.sv\/quimica\/wp-content\/uploads\/sites\/21\/2023\/12\/IMG_8566-768x512.jpg 768w, https:\/\/naturales.ues.edu.sv\/quimica\/wp-content\/uploads\/sites\/21\/2023\/12\/IMG_8566-1536x1024.jpg 1536w, https:\/\/naturales.ues.edu.sv\/quimica\/wp-content\/uploads\/sites\/21\/2023\/12\/IMG_8566-2048x1365.jpg 2048w\" sizes=\"(max-width: 1024px) 100vw, 1024px\" \/><\/figure>\n\n\n\n<div class=\"wp-block-gutenverse-image guten-element guten-image guten-Ua5kYb animated guten-element-hide desktop-fadeInLeft\"><a class=\"guten-image-wrapper\"><img decoding=\"async\" class=\"gutenverse-image-box-filled\" src=\"http:\/\/www.cimat.ues.edu.sv\/quimica\/wp-content\/uploads\/sites\/21\/2023\/11\/IMG_8546-scaled.jpg\" height=\"1707\" width=\"2560\" \/><\/a><\/div>\n<\/div><\/div><\/div>\n\n\n\n<div class=\"wp-block-gutenverse-column guten-element guten-column guten-oY8ANE\"><div class=\"guten-background-overlay\"><\/div><div class=\"sticky-wrapper\" data-id=\"oY8ANE\"><div class=\"guten-column-wrapper\">\n<div class=\"guten-element guten-ZoZK7w animated guten-element-hide desktop-fadeInRight guten-icon-box icon-position-undefined\"><div class=\"guten-icon-box-wrapper hover-from-left\"><div class=\"icon-box icon-box-header\"><div class=\"icon style-color\"><i class=\"fas fa-people-arrows\"><\/i><\/div><\/div><div class=\"icon-box icon-box-body\"><h2 class=\"title\">ESTRUCTURA ORGANIZATIVA<\/h2><p class=\"icon-box-description\">&#8211; Director.<br>&#8211; Secretario de Escuela.<br>&#8211; Coordinadores de departamentos.<br>&#8211; Docentes.<br>&#8211; Coordinaci\u00f3n de procesos de graduaci\u00f3n.<br>&#8211; Coordinaci\u00f3n de profesorado en qu\u00edmica.<br>&#8211; Coordinaci\u00f3n de investigaci\u00f3n.<br>&#8211; Comisiones y subcomisiones de Escuela.<br>&#8211; Sub comisi\u00f3n Curricular.<br>&#8211; Sub unidad de proyecci\u00f3n social.<br>&#8211; Comisi\u00f3n de equivalencias.<br>&#8211;\u00a0Secretaria de la direcci\u00f3n.<br>Personal de servicio.<\/p><\/div><\/div><\/div>\n\n\n\n<div class=\"guten-element guten-bqonOo animated guten-element-hide desktop-fadeInRight guten-icon-box icon-position-undefined\"><div class=\"guten-icon-box-wrapper hover-from-left\"><div class=\"icon-box icon-box-header\"><div class=\"icon style-color\"><i class=\"gtn gtn-page_search-light\"><\/i><\/div><\/div><div class=\"icon-box icon-box-body\"><h2 class=\"title\">DESCRIPCI\u00d3N\/ FUNCIONES<\/h2><p class=\"icon-box-description\">&#8211; Gestionar recursos para la Escuela de Qu\u00edmica y Administrar eficientemente el trabajo acad\u00e9mico.<br>&#8211; Innovar proyectos de desarrollo para estudiantes de las carreras que administra la Escuela de Qu\u00edmica.<br>&#8211; Impulsar el establecimiento de v\u00ednculos de cooperaci\u00f3n cient\u00edfica, profesional y acad\u00e9mica con instituciones nacionales y extranjeras.<br>&#8211; Promover la ense\u00f1anza, investigaci\u00f3n y desarrollo cient\u00edfica en la Escuela de Qu\u00edmica.<\/p><\/div><\/div><\/div>\n\n\n\n<div class=\"guten-element guten-O01Ln9 animated guten-element-hide desktop-fadeInRight guten-icon-box icon-position-undefined\"><div class=\"guten-icon-box-wrapper hover-from-left\"><div class=\"icon-box icon-box-header\"><div class=\"icon style-color\"><i class=\"gtn gtn-one-light\"><\/i><\/div><\/div><div class=\"icon-box icon-box-body\"><h2 class=\"title\">L\u00cdNEAS DE INVESTIGACI\u00d3N<\/h2><p class=\"icon-box-description\">&#8211; Laboratorio de productos Qu\u00edmicos. Este laboratorio es el responsable de la producci\u00f3n de productos qu\u00edmicos de bioseguridad, usados durante la pandemia por Civid-19 como parte del plan de bioseguridad de la Facultad.<br>&#8211; \u00c1rea de Ciencia de los materiales. En esta \u00e1rea de investigaci\u00f3n se busca el dise\u00f1o de materiales que pueden servir en tratamiento para descontaminaci\u00f3n de agua y la producci\u00f3n de biomateriales.<br>&#8211; Qu\u00edmica de productos naturales. En esta \u00e1rea se desarrollan investigaciones con el objetivo de descubrir nuevos metabolitos y su comportamiento.<br>&#8211; Qu\u00edmica del medio ambiente. En esta \u00e1rea se desarrolla investigaci\u00f3n con el objetivo de conocer el nivel de contaminaci\u00f3n de recursos naturales.<\/p><\/div><\/div><\/div>\n<\/div><\/div><\/div>\n<\/div><\/section><\/div>\n<\/div><\/div><\/div>\n<\/div><\/section><\/div>\n","protected":false},"excerpt":{"rendered":"","protected":false},"author":6,"featured_media":0,"parent":0,"menu_order":0,"comment_status":"closed","ping_status":"closed","template":"","meta":{"footnotes":""},"class_list":["post-27","page","type-page","status-publish","hentry"],"_links":{"self":[{"href":"https:\/\/naturales.ues.edu.sv\/quimica\/wp-json\/wp\/v2\/pages\/27","targetHints":{"allow":["GET"]}}],"collection":[{"href":"https:\/\/naturales.ues.edu.sv\/quimica\/wp-json\/wp\/v2\/pages"}],"about":[{"href":"https:\/\/naturales.ues.edu.sv\/quimica\/wp-json\/wp\/v2\/types\/page"}],"author":[{"embeddable":true,"href":"https:\/\/naturales.ues.edu.sv\/quimica\/wp-json\/wp\/v2\/users\/6"}],"replies":[{"embeddable":true,"href":"https:\/\/naturales.ues.edu.sv\/quimica\/wp-json\/wp\/v2\/comments?post=27"}],"version-history":[{"count":3,"href":"https:\/\/naturales.ues.edu.sv\/quimica\/wp-json\/wp\/v2\/pages\/27\/revisions"}],"predecessor-version":[{"id":114,"href":"https:\/\/naturales.ues.edu.sv\/quimica\/wp-json\/wp\/v2\/pages\/27\/revisions\/114"}],"wp:attachment":[{"href":"https:\/\/naturales.ues.edu.sv\/quimica\/wp-json\/wp\/v2\/media?parent=27"}],"curies":[{"name":"wp","href":"https:\/\/api.w.org\/{rel}","templated":true}]}}