{"id":29,"date":"2023-11-21T17:00:00","date_gmt":"2023-11-21T17:00:00","guid":{"rendered":"https:\/\/www.cimat.ues.edu.sv\/quimica\/?page_id=29"},"modified":"2023-12-06T21:41:55","modified_gmt":"2023-12-06T21:41:55","slug":"objetivos","status":"publish","type":"page","link":"https:\/\/naturales.ues.edu.sv\/quimica\/objetivos\/","title":{"rendered":"Objetivos"},"content":{"rendered":"\n<div class=\"section-wrapper\" data-id=\"AIDIXQ\"><section class=\"wp-block-gutenverse-section guten-element guten-section guten-AIDIXQ layout-boxed align-stretch\"><div class=\"guten-background-overlay\"><\/div><div class=\"guten-shape-divider guten-shape-divider-top\"><\/div><div class=\"guten-shape-divider guten-shape-divider-bottom\"><\/div><div class=\"guten-container guten-column-gap-no\">\n<div class=\"wp-block-gutenverse-column guten-element guten-column guten-LL7BZM\"><div class=\"guten-background-overlay\"><\/div><div class=\"sticky-wrapper\" data-id=\"LL7BZM\"><div class=\"guten-column-wrapper\">\n<div class=\"section-wrapper\" data-id=\"9ocsth\"><section class=\"wp-block-gutenverse-section guten-element guten-section guten-9ocsth layout-boxed align-stretch\"><div class=\"guten-background-overlay\"><\/div><div class=\"guten-shape-divider guten-shape-divider-top\"><\/div><div class=\"guten-shape-divider guten-shape-divider-bottom\"><\/div><div class=\"guten-container guten-column-gap-no\">\n<div class=\"wp-block-gutenverse-column guten-element guten-column guten-S5toc0\"><div class=\"guten-background-overlay\"><\/div><div class=\"sticky-wrapper\" data-id=\"S5toc0\"><div class=\"guten-column-wrapper\">\n<h2 class=\"wp-block-gutenverse-heading guten-element guten-OmJzPn animated guten-element-hide desktop-fadeInLeft\">Objetivos Estrat\u00e9gicos<\/h2>\n\n\n\n<div class=\"guten-element gutenverse-text-editor guten-wCgelR animated guten-element-hide desktop-fadeInLeft\"><div class=\"text-content-inner\">\n<p>Gestionar y apoyar todos los proyectos que forman parte del plan de mejora para la carrera de Licenciatura en Ciencias Qu\u00edmicas y el Profesorado en Qu\u00edmica para Tercer Ciclo de Educaci\u00f3n B\u00e1sica y Educaci\u00f3n Media acorde a la realidad nacional.<\/p>\n<\/div><\/div>\n<\/div><\/div><\/div>\n<\/div><\/section><\/div>\n<\/div><\/div><\/div>\n\n\n\n<div class=\"wp-block-gutenverse-column guten-element guten-column guten-5fK99z\"><div class=\"guten-background-overlay\"><\/div><div class=\"sticky-wrapper\" data-id=\"5fK99z\"><div class=\"guten-column-wrapper\">\n<div class=\"guten-element guten-accordions guten-sXxqbo animated guten-element-hide desktop-fadeInRight\">\n<div class=\"accordion-item active\"><div class=\"accordion-heading\"><span class=\"accordion-text\">Asignar funciones a todas las comisiones que lo requieran para su desarrollo. <\/span><div class=\"accordion-icon\"><span class=\"accordion-icon-open\"><i class=\"gtn gtn-x-line\"><\/i><\/span><span class=\"accordion-icon-closed\"><i class=\"gtn gtn-plus-light\"><\/i><\/span><\/div><\/div><div class=\"accordion-body\"><div class=\"accordion-content\">\n<p>Gestionar la compra de materiales, reactivos y equipo de laboratorio, que son fundamentales para el desarrollo de las diversas actividades.<\/p>\n<\/div><\/div><\/div>\n\n\n\n<div class=\"accordion-item\"><div class=\"accordion-heading\"><span class=\"accordion-text\">Impulsar proyectos acad\u00e9micos conjuntos de la Licenciatura en Ciencias Qu\u00edmicas y el Profesorado en Qu\u00edmica para Tercer Ciclo de Educaci\u00f3n B\u00e1sica y Educaci\u00f3n Media.<\/span><div class=\"accordion-icon\"><span class=\"accordion-icon-open\"><i class=\"gtn gtn-x-line\"><\/i><\/span><span class=\"accordion-icon-closed\"><i class=\"gtn gtn-plus-light\"><\/i><\/span><\/div><\/div><div class=\"accordion-body\"><div class=\"accordion-content\">\n<p>Desarrollar las gestiones en forma permanente para la b\u00fasqueda de una adecuada infraestructura para la ense\u00f1anza te\u00f3rica y pr\u00e1ctica de la Qu\u00edmica de una forma segura, as\u00ed como la investigaci\u00f3n\u00a0en\u00a0Qu\u00edmica.<\/p>\n<\/div><\/div><\/div>\n<\/div>\n<\/div><\/div><\/div>\n<\/div><\/section><\/div>\n","protected":false},"excerpt":{"rendered":"","protected":false},"author":6,"featured_media":0,"parent":0,"menu_order":0,"comment_status":"closed","ping_status":"closed","template":"","meta":{"footnotes":""},"class_list":["post-29","page","type-page","status-publish","hentry"],"_links":{"self":[{"href":"https:\/\/naturales.ues.edu.sv\/quimica\/wp-json\/wp\/v2\/pages\/29","targetHints":{"allow":["GET"]}}],"collection":[{"href":"https:\/\/naturales.ues.edu.sv\/quimica\/wp-json\/wp\/v2\/pages"}],"about":[{"href":"https:\/\/naturales.ues.edu.sv\/quimica\/wp-json\/wp\/v2\/types\/page"}],"author":[{"embeddable":true,"href":"https:\/\/naturales.ues.edu.sv\/quimica\/wp-json\/wp\/v2\/users\/6"}],"replies":[{"embeddable":true,"href":"https:\/\/naturales.ues.edu.sv\/quimica\/wp-json\/wp\/v2\/comments?post=29"}],"version-history":[{"count":2,"href":"https:\/\/naturales.ues.edu.sv\/quimica\/wp-json\/wp\/v2\/pages\/29\/revisions"}],"predecessor-version":[{"id":116,"href":"https:\/\/naturales.ues.edu.sv\/quimica\/wp-json\/wp\/v2\/pages\/29\/revisions\/116"}],"wp:attachment":[{"href":"https:\/\/naturales.ues.edu.sv\/quimica\/wp-json\/wp\/v2\/media?parent=29"}],"curies":[{"name":"wp","href":"https:\/\/api.w.org\/{rel}","templated":true}]}}