{"id":30,"date":"2023-11-21T17:00:00","date_gmt":"2023-11-21T17:00:00","guid":{"rendered":"https:\/\/www.cimat.ues.edu.sv\/quimica\/?page_id=30"},"modified":"2023-12-07T20:31:21","modified_gmt":"2023-12-07T20:31:21","slug":"direccion","status":"publish","type":"page","link":"https:\/\/naturales.ues.edu.sv\/quimica\/direccion\/","title":{"rendered":"Direcci\u00f3n"},"content":{"rendered":"\n<div class=\"section-wrapper\" data-id=\"Crpm3R\"><section class=\"wp-block-gutenverse-section guten-element guten-section guten-Crpm3R layout-boxed align-stretch\"><div class=\"guten-background-overlay\"><\/div><div class=\"guten-shape-divider guten-shape-divider-top\"><\/div><div class=\"guten-shape-divider guten-shape-divider-bottom\"><\/div><div class=\"guten-container guten-column-gap-no\">\n<div class=\"wp-block-gutenverse-column guten-element guten-column guten-wLgsux\"><div class=\"guten-background-overlay\"><\/div><div class=\"sticky-wrapper\" data-id=\"wLgsux\"><div class=\"guten-column-wrapper\">\n<h2 class=\"wp-block-gutenverse-heading guten-element guten-ekMpPY animated guten-element-hide desktop-fadeInLeft\"><strong>Lic. Nelson Mauricio Coto Mendoza<\/strong><\/h2>\n\n\n\n<div class=\"guten-element gutenverse-text-editor guten-Y6vPaB animated guten-element-hide desktop-fadeInLeft\"><div class=\"text-content-inner\">\n<p>Facultad de Ciencias Naturales y Matem\u00e1tica<\/p>\n\n\n\n<p>Universidad de El Salvador<\/p>\n<\/div><\/div>\n\n\n\n<div class=\"guten-element guten-accordions guten-HYRz3U animated guten-element-hide desktop-fadeInLeft\">\n<div class=\"accordion-item active\"><div class=\"accordion-heading\"><span class=\"accordion-text\"><strong>Funciones<\/strong><\/span><div class=\"accordion-icon\"><span class=\"accordion-icon-open\"><i class=\"gtn gtn-up-arrow1-light\"><\/i><\/span><span class=\"accordion-icon-closed\"><i class=\"gtn gtn-down-arrow1-light\"><\/i><\/span><\/div><\/div><div class=\"accordion-body\"><div class=\"accordion-content\">\n<p class=\"has-small-font-size\">Ejecutar&nbsp;los&nbsp;acuerdos&nbsp;de JD y los de&nbsp;trabajo&nbsp;que&nbsp;emanen&nbsp;del&nbsp;Comit\u00e9&nbsp;T\u00e9cnico&nbsp;Asesor&nbsp;y&nbsp;Asamblea&nbsp;del Personal&nbsp;Acad\u00e9mico&nbsp;de la&nbsp;Facultad&nbsp;respectiva.&nbsp;Servir&nbsp;de enlace&nbsp;entre&nbsp;la&nbsp;Escuela, la JD y el&nbsp;Decano.&nbsp;convocar&nbsp;a la&nbsp;reuni\u00f3n&nbsp;de Personal&nbsp;Acad\u00e9mico&nbsp;de la&nbsp;Escuela&nbsp;y&nbsp;presidirla.&nbsp;Proponer&nbsp;justificadamente&nbsp;a&nbsp;las&nbsp;instancias&nbsp;correspondientes, el&nbsp;cupo&nbsp;m\u00e1ximo&nbsp;de&nbsp;estudiantes&nbsp;para&nbsp;cada&nbsp;curso, o&nbsp;cualquier&nbsp;modalidad&nbsp;que&nbsp;implique&nbsp;el&nbsp;desarrollo&nbsp;del&nbsp;proceso&nbsp;ense\u00f1anza aprendizaje. Dar&nbsp;cuenta&nbsp;al&nbsp;Decano&nbsp;y a la JD de&nbsp;las&nbsp;irregularidades&nbsp;o&nbsp;faltas&nbsp;disciplinarias&nbsp;del personal de la&nbsp;Escuela&nbsp;para&nbsp;la&nbsp;adopci\u00f3n&nbsp;de&nbsp;las&nbsp;medidas&nbsp;que&nbsp;corresponda;&nbsp;Nombrar&nbsp;en el&nbsp;\u00e1mbito&nbsp;de la&nbsp;Escuela&nbsp;las&nbsp;comisiones&nbsp;para&nbsp;el&nbsp;estudio&nbsp;de&nbsp;problemas&nbsp;determinados.&nbsp;Proponer&nbsp;al&nbsp;Decano&nbsp;el&nbsp;nombramiento&nbsp;de los&nbsp;empleados&nbsp;administrativos&nbsp;que&nbsp;su&nbsp;unidad&nbsp;requiera;&nbsp;Presentar&nbsp;al&nbsp;Decano&nbsp;el&nbsp;nombramiento&nbsp;de los&nbsp;empleados&nbsp;administrativos&nbsp;que&nbsp;su&nbsp;unidad&nbsp;requiera;&nbsp;Presentar&nbsp;un&nbsp;informe&nbsp;anual&nbsp;de&nbsp;labores&nbsp;a la JD&nbsp;as\u00ed&nbsp;como&nbsp;los&nbsp;que&nbsp;les&nbsp;soliciten&nbsp;el Rector o los&nbsp;Vicerrectores; e&nbsp;Otras&nbsp;atribuciones&nbsp;que&nbsp;se&nbsp;establezcan&nbsp;en el&nbsp;Reglamento&nbsp;General de la&nbsp;Facultad.<\/p>\n<\/div><\/div><\/div>\n<\/div>\n<\/div><\/div><\/div>\n\n\n\n<div class=\"wp-block-gutenverse-column guten-element guten-column guten-3PZU9O hide-mobile\"><div class=\"guten-background-overlay\"><\/div><div class=\"sticky-wrapper\" data-id=\"3PZU9O\"><div class=\"guten-column-wrapper\">\n<div class=\"wp-block-gutenverse-image guten-element guten-image guten-Nw51dC animated guten-element-hide desktop-fadeInRight\"><a class=\"guten-image-wrapper\"><img fetchpriority=\"high\" decoding=\"async\" class=\"gutenverse-image-box-filled\" src=\"http:\/\/www.cimat.ues.edu.sv\/quimica\/wp-content\/uploads\/sites\/21\/2023\/12\/Nelson-Coto.png\" height=\"827\" width=\"650\" \/><\/a><\/div>\n<\/div><\/div><\/div>\n<\/div><\/section><\/div>\n","protected":false},"excerpt":{"rendered":"","protected":false},"author":6,"featured_media":0,"parent":0,"menu_order":0,"comment_status":"closed","ping_status":"closed","template":"","meta":{"footnotes":""},"class_list":["post-30","page","type-page","status-publish","hentry"],"_links":{"self":[{"href":"https:\/\/naturales.ues.edu.sv\/quimica\/wp-json\/wp\/v2\/pages\/30","targetHints":{"allow":["GET"]}}],"collection":[{"href":"https:\/\/naturales.ues.edu.sv\/quimica\/wp-json\/wp\/v2\/pages"}],"about":[{"href":"https:\/\/naturales.ues.edu.sv\/quimica\/wp-json\/wp\/v2\/types\/page"}],"author":[{"embeddable":true,"href":"https:\/\/naturales.ues.edu.sv\/quimica\/wp-json\/wp\/v2\/users\/6"}],"replies":[{"embeddable":true,"href":"https:\/\/naturales.ues.edu.sv\/quimica\/wp-json\/wp\/v2\/comments?post=30"}],"version-history":[{"count":4,"href":"https:\/\/naturales.ues.edu.sv\/quimica\/wp-json\/wp\/v2\/pages\/30\/revisions"}],"predecessor-version":[{"id":132,"href":"https:\/\/naturales.ues.edu.sv\/quimica\/wp-json\/wp\/v2\/pages\/30\/revisions\/132"}],"wp:attachment":[{"href":"https:\/\/naturales.ues.edu.sv\/quimica\/wp-json\/wp\/v2\/media?parent=30"}],"curies":[{"name":"wp","href":"https:\/\/api.w.org\/{rel}","templated":true}]}}