{"id":98,"date":"2023-12-06T14:14:42","date_gmt":"2023-12-06T14:14:42","guid":{"rendered":"https:\/\/www.cimat.ues.edu.sv\/quimica\/?page_id=98"},"modified":"2023-12-07T15:39:02","modified_gmt":"2023-12-07T15:39:02","slug":"xv-semana-del-quimico","status":"publish","type":"page","link":"https:\/\/naturales.ues.edu.sv\/quimica\/xv-semana-del-quimico\/","title":{"rendered":"XV semana del Qu\u00edmico"},"content":{"rendered":"\n<div class=\"section-wrapper\" data-id=\"yYySSj\"><section class=\"wp-block-gutenverse-section guten-element guten-section guten-yYySSj layout-fullwidth align-stretch\"><div class=\"guten-background-overlay\"><\/div><div class=\"guten-shape-divider guten-shape-divider-top\"><\/div><div class=\"guten-shape-divider guten-shape-divider-bottom\"><\/div><div class=\"guten-container guten-column-gap-no\">\n<div class=\"wp-block-gutenverse-column guten-element guten-column guten-jp5AkC\"><div class=\"guten-background-overlay\"><\/div><div class=\"sticky-wrapper\" data-id=\"jp5AkC\"><div class=\"guten-column-wrapper\">\n<h2 class=\"wp-block-gutenverse-heading guten-element guten-kYJoXI animated guten-element-hide desktop-fadeInLeft\">XV semana del Qu\u00edmico <\/h2>\n\n\n\n<div class=\"guten-element gutenverse-text-editor guten-xoKvTV animated guten-element-hide desktop-fadeInLeft\"><div class=\"text-content-inner\">\n<p>La semana del qu\u00edmico es una de las actividades m\u00e1s emblem\u00e1ticas que los miembros constituyentes de junta directiva de la Asociaci\u00f3n de Estudiantes de Ciencias Qu\u00edmicas (ASECQ) han realizado desde el a\u00f1o 2009. La edici\u00f3n de este a\u00f1o se llev\u00f3 a cabo de manera semipresencial donde se presentaron invitados de diversas \u00e1reas de la qu\u00edmica donde abordaron temas como Electros\u00edntesis, mecanoqu\u00edmica, inocuidad alimentaria, microbiolog\u00eda, metrolog\u00eda y productos naturales.<\/p>\n<\/div><\/div>\n\n\n\n<div class=\"guten-element guten-button-wrapper guten-dBZAAS\"><a class=\"guten-button animated guten-element-hide desktop-fadeInLeft guten-button-sm\" href=\"https:\/\/www.cimat.ues.edu.sv\/blog\/2023\/12\/01\/clausuran-xv-semana-del-quimico-en-auditorio-dr-fabio-castillo\/\" target=\"_blank\" rel=\"noreferrer noopener\"><span>explore more<\/span><\/a><\/div>\n<\/div><\/div><\/div>\n\n\n\n<div class=\"wp-block-gutenverse-column guten-element guten-column guten-8nbEt0\"><div class=\"guten-background-overlay\"><\/div><div class=\"sticky-wrapper\" data-id=\"8nbEt0\"><div class=\"guten-column-wrapper\">\n<div class=\"wp-block-gutenverse-icon guten-element guten-Mo6zNy guten-icon\"><a class=\"guten-icon-wrapper circle stacked\" href=\"https:\/\/fb.watch\/oNDqgU3kQq\/\"><i class=\"gtn gtn-play-button\"><\/i><\/a><\/div>\n<\/div><\/div><\/div>\n<\/div><\/section><\/div>\n","protected":false},"excerpt":{"rendered":"","protected":false},"author":8,"featured_media":0,"parent":0,"menu_order":0,"comment_status":"closed","ping_status":"closed","template":"","meta":{"footnotes":""},"class_list":["post-98","page","type-page","status-publish","hentry"],"_links":{"self":[{"href":"https:\/\/naturales.ues.edu.sv\/quimica\/wp-json\/wp\/v2\/pages\/98","targetHints":{"allow":["GET"]}}],"collection":[{"href":"https:\/\/naturales.ues.edu.sv\/quimica\/wp-json\/wp\/v2\/pages"}],"about":[{"href":"https:\/\/naturales.ues.edu.sv\/quimica\/wp-json\/wp\/v2\/types\/page"}],"author":[{"embeddable":true,"href":"https:\/\/naturales.ues.edu.sv\/quimica\/wp-json\/wp\/v2\/users\/8"}],"replies":[{"embeddable":true,"href":"https:\/\/naturales.ues.edu.sv\/quimica\/wp-json\/wp\/v2\/comments?post=98"}],"version-history":[{"count":4,"href":"https:\/\/naturales.ues.edu.sv\/quimica\/wp-json\/wp\/v2\/pages\/98\/revisions"}],"predecessor-version":[{"id":123,"href":"https:\/\/naturales.ues.edu.sv\/quimica\/wp-json\/wp\/v2\/pages\/98\/revisions\/123"}],"wp:attachment":[{"href":"https:\/\/naturales.ues.edu.sv\/quimica\/wp-json\/wp\/v2\/media?parent=98"}],"curies":[{"name":"wp","href":"https:\/\/api.w.org\/{rel}","templated":true}]}}